{"id":4564,"date":"2015-02-06T19:06:31","date_gmt":"2015-02-06T18:06:31","guid":{"rendered":"http:\/\/trixsystems.se\/?page_id=4564"},"modified":"2025-06-16T14:09:12","modified_gmt":"2025-06-16T12:09:12","slug":"trix-fastdoc","status":"publish","type":"page","link":"https:\/\/trixsystems.com\/sv\/products\/trix-fastdoc\/","title":{"rendered":"Trix FastDoc"},"content":{"rendered":"<div class=\"wpb-content-wrapper\">[vc_row fullwidth=&#8221;true&#8221;][vc_column][layerslider_vc id=&#8221;24&#8243;][\/vc_column][\/vc_row][vc_row][vc_column width=&#8221;2\/3&#8243;][vc_column_text css=&#8221;.vc_custom_1611780017906{margin-bottom: 0px !important;}&#8221;]\n<h1>Molnbaserat dokumentsystem<\/h1>\n<p><strong>Trix FastDoc 7 \u00e4r det snabba, enkla verktyget f\u00f6r dig som vill arkivera, s\u00f6ka och granska dokument. Ingen installation beh\u00f6vs, eftersom allt sker direkt p\u00e5 webben.<\/strong><br \/>\n<strong>Trix FastDoc 7 \u00e4r ett webbaserat dokumentarkiv som g\u00f6r det m\u00f6jligt f\u00f6r dig att komma \u00e5t dina dokument var du \u00e4n befinner dig, s\u00e5 l\u00e4nge du har tillg\u00e5ng till Internet. Eftersom att du anv\u00e4nder verktyget p\u00e5 webben beh\u00f6ver du inte g\u00f6ra n\u00e5gra komplicerade installationer, utan kan anv\u00e4nda det fr\u00e5n dag ett.<\/strong>[\/vc_column_text][vc_column_text css=&#8221;.vc_custom_1611780033953{margin-bottom: 0px !important;}&#8221;]\n<h3>Beskrivning<\/h3>\n<p>Trix FastDoc 7 \u00e4r skapat f\u00f6r den som vill ha en enkel och l\u00e4ttillg\u00e4nglig produkt f\u00f6r dokumenthantering. Anv\u00e4ndaren \u00e4r en person som har behov av god ordning p\u00e5 dokumenten och f\u00e5r st\u00f6d i arbetet genom att programmet kan hantera de vanligaste kraven kring detta. Alla funktioner \u00e4r optimerade f\u00f6r enkel arkivering och tillg\u00e4nglighet f\u00f6r en eller ett f\u00e5tal anv\u00e4ndare.<\/p>\n<p>Allt arbete f\u00f6renat med det digitala arkivet sk\u00f6ts av oss. Vi tar hand om alla delar som arkivh\u00e5llning, underh\u00e5ll, uppdatering av programvara och arkivinneh\u00e5ll samt anv\u00e4ndarsupport. Vid dokumentf\u00f6r\u00e4ndringar, exempelvis i samband med ny- och ombyggnadsprojekt, finns vi tillhanda som st\u00f6d och experter i allt som ber\u00f6r dokumenthantering, informationskontroll och CAD-teknik. Och vi erbjuder hela v\u00e5rt \u00f6vriga tj\u00e4nstesortiment via webben till \u00f6verenskomna priser.[\/vc_column_text][vc_column_text css=&#8221;.vc_custom_1611780060106{margin-bottom: 0px !important;}&#8221;]\n<h3>Kundnytta<\/h3>\n<p>Trix FastDoc 7 l\u00f6ser behoven av ett l\u00e4tthanterligt och tillg\u00e4ngligt arkiv f\u00f6r tekniska dokument. Enkelt att anv\u00e4nda och f\u00f6rst\u00e5, och enkelt att n\u00e5 via Internet. Alla funktioner \u00e4r enkla f\u00f6r att g\u00f6ra anv\u00e4ndaren n\u00f6jd, hantering av avancerade funktioner \u00e4r en tj\u00e4nst fr\u00e5n oss.[\/vc_column_text][vc_toggle title=&#8221;Eliminera dubbelarbete&#8221; el_class=&#8221;faq-style&#8221;]Uppdatering av dokument i systemet sker i realtid och anv\u00e4ndare f\u00e5r tillg\u00e5ng till den information som de har beh\u00f6righet till. Risken f\u00f6r dubbelarbete och on\u00f6diga kostnader elimineras d\u00e4rmed. \u00d6verblicken och kontrollen s\u00e4kerst\u00e4ller korrekt och uppdaterad information. Sparande av tid betyder sparande av pengar &#8211; det vet alla som \u00e4r ansvariga f\u00f6r budgeten.[\/vc_toggle][vc_toggle title=&#8221;Strukturerad information skapar merv\u00e4rde&#8221; el_class=&#8221;faq-style&#8221;]Investerare vill ha god dokumentation kring intressanta objekt och v\u00e4lkomnar ett strukturerat dokumentarkiv. En investering i kompetent informationshantering betalar sig oftast flera g\u00e5nger om vid f\u00f6rs\u00e4ljning av exempelvis fastigheter. Med ett v\u00e4lutvecklat dokumentarkiv flyttas \u00f6versikten \u00f6ver dokumenten till helt annan niv\u00e5 \u00e4n tidigare. Ett anv\u00e4ndarv\u00e4nligt gr\u00e4nssnitt ger total kontroll \u00f6ver var i dokumentstrukturen anv\u00e4ndaren befinner sig.[\/vc_toggle][vc_toggle title=&#8221;Dokumentvisaren&#8221; el_id=&#8221;1506265975454-6041429d-b38a&#8221; el_class=&#8221;faq-style&#8221;]Den inbyggda dokumentvisaren \u00e4r en server- och html5-baserad funktion som vi kallar Trix DeepZoom. Den skickar renderade bilder till klienten, inte hela applikationsfilen, vilket leder till extremt snabbare hantering. Bilderna best\u00e5r av m\u00e5nga sm\u00e5delar som v\u00e4ldigt snabbt genererar hela bilden i n\u00e4tbl\u00e4ddraren. \u00c4ven om ritningen \u00e4r stor och detaljrik \u00e4r svarstiderna extremt snabba. Sm\u00e5delarna skapas direkt d\u00e5 dokumentfilen registreras i Trix FastDoc 7 f\u00f6rsta g\u00e5ngen, och varje g\u00e5ng en ny version skapas.<\/p>\n<ul>\n<li>Den inbyggda dokumentvisaren hanterar exempelvis:<\/li>\n<li>St\u00f6d f\u00f6r AutoCAD, l\u00e4ser DWG, DXF, DGN, HPGL- och rasterfiler<\/li>\n<li>Full hantering f\u00f6r externa referensfiler i AutoCAD och Microstation<\/li>\n<li>St\u00f6d f\u00f6r pdf-filer, \u00e4ven pdf\/a<\/li>\n<\/ul>\n<p>M\u00e5nga funktioner finns f\u00f6r olika r\u00f6d\u00e4ndringar som att, skapa revideringsmoln, rita, g\u00f6ra anteckningar och l\u00e4ngd- och ytm\u00e4tningar, markera areor p\u00e5 ritningarna, g\u00f6ra skalenlig utskrift och mycket annat.<\/p>\n<p>Det finns faktiskt tv\u00e5 dokumentvisare, en som visar en f\u00f6rhandsbild och en som visar ett detaljerat dokument, som man kan zooma och panorera i.[\/vc_toggle][vc_toggle title=&#8221;Arbeta s\u00e4kert med externa akt\u00f6rer&#8221; el_class=&#8221;faq-style&#8221;]Tillg\u00e4ngligheten omfattar \u00e4ven kundens samarbetspartners, exempelvis konsulter och entrepren\u00f6rer, som oftast finns utanf\u00f6r kundens lokaler. De kan enkelt f\u00e5 tillg\u00e5ng till den dokumentation de beh\u00f6ver f\u00f6r sitt arbete. Och kan p\u00e5 ett ordnat s\u00e4tt \u00e5terl\u00e4mna dokumentationen d\u00e5 arbetet slutf\u00f6rts. I v\u00e5rt tj\u00e4nstepaket ing\u00e5r ocks\u00e5 att vi kan utf\u00f6ra de kvalitetskontroller som avtalats vid inleveranserna.[\/vc_toggle][vc_toggle title=&#8221;F\u00f6rdelar&#8221; el_class=&#8221;faq-style square-bullet&#8221;]\n<ul>\n<li>Du slipper arbetet med att administrera det digitala arkivet.<\/li>\n<li>Vi tar hand om servrar och databaser. Du kommer \u00e5t dina dokument var du \u00e4n befinner dig. Det enda du beh\u00f6ver \u00e4r Internet.<\/li>\n<li>L\u00e4tt och anv\u00e4ndarv\u00e4nligt gr\u00e4nssnitt. Gjort f\u00f6r enkel hantering, vi tar hand om kr\u00e5nglet.<\/li>\n<li>Alla kan skapa kommentarer p\u00e5 dokument n\u00e4r fel hittas. Och det fungerar via Internet!<\/li>\n<li>Med en central arkivh\u00e5llning f\u00e5r du ett s\u00e4kert skydd mot obeh\u00f6rigt intr\u00e5ng.<\/li>\n<li>Vi finns till hands med v\u00e5ra specialister som st\u00f6d via telefon, e-post eller webben n\u00e4r du vill och beh\u00f6ver!<\/li>\n<\/ul>\n[\/vc_toggle][\/vc_column][vc_column width=&#8221;1\/3&#8243;][vc_video link=&#8221;https:\/\/www.youtube.com\/watch?v=2Edr29zxQJc&amp;t&#8221;][vc_toggle title=&#8221;Instruktionsfilmer&#8221; el_class=&#8221;videoclips&#8221; css=&#8221;.vc_custom_1739262929434{margin-top: 20px !important;margin-bottom: 20px !important;}&#8221;][youtube_title url=&#8221;https:\/\/www.youtube.com\/watch?v=S5LDjD0AuAQ&amp;t&#8221;][\/vc_toggle][mk_button size=&#8221;medium&#8221; icon=&#8221;mk-moon-file-pdf&#8221; url=&#8221;#\/fastdoc_pdf&#8221; fullwidth=&#8221;true&#8221;]Trix FastDoc 7[\/mk_button][mk_button size=&#8221;medium&#8221; icon=&#8221;mk-moon-file-download&#8221; url=&#8221;#\/fastdoc_sv_demo&#8221; fullwidth=&#8221;true&#8221;]Beg\u00e4r demo![\/mk_button][mk_button size=&#8221;medium&#8221; icon=&#8221;mk-li-shop&#8221; url=&#8221;#\/koplicens&#8221; fullwidth=&#8221;true&#8221; el_class=&#8221;disabled&#8221; bg_color=&#8221;#00adad&#8221;]K\u00f6p licens[\/mk_button][mk_padding_divider][vc_tabs style=&#8221;simple&#8221; container_bg_color=&#8221;#ffffff&#8221; el_class=&#8221;trix-tabs&#8221;][vc_tab title=&#8221;FUNKTIONER&#8221; tab_id=&#8221;1437656212997-3-6&#8243;][vc_column_text css=&#8221;.vc_custom_1662627713360{margin-bottom: 0px !important;}&#8221;]Grundl\u00e4ggande \u00e4r den inbyggda dokumentvisaren, som genererar en f\u00f6rhandsbild och en detaljerad ritning, som man kan zooma och panorera i. Det g\u00e5r \u00e4ven att g\u00f6ra noteringar, r\u00f6d\u00e4ndringar och revideringsmoln samt att markera areor p\u00e5 ritningarna.[\/vc_column_text][vc_toggle title=&#8221;Arkivstrukturer&#8221; el_id=&#8221;1506074795869-b65de86e-a0c9&#8243; el_class=&#8221;faq-style&#8221;]Arkivstrukturer byggs upp med mappar enligt valfri ordning. Olika typer av mapparna kan s\u00e4rskiljas med olika ikoner f\u00f6r att g\u00f6ra det tydligt och varje mapp redovisar dynamiskt antalet ritningar som finns i mappen.[\/vc_toggle][vc_toggle title=&#8221;Skapa dokument&#8221; el_id=&#8221;1506266044888-71b7528e-67f4&#8243; el_class=&#8221;faq-style&#8221;]Dokument skapas enkelt med drag-och-sl\u00e4pp-funktion. Registreringen \u00e4r s\u00e5 l\u00e5ngt det \u00e4r m\u00f6jligt automatiserad, i regel anges en inneh\u00e5llsbeskrivning och en informationsklassning, resten sker automatiskt.[\/vc_toggle][vc_toggle title=&#8221;Rapporter&#8221; el_id=&#8221;1506075083322-7234d837-00ca&#8221; el_class=&#8221;faq-style&#8221;]Rapporter skapas med ett enkelt inbyggt verktyg f\u00f6r generering av utskrifter med egna till\u00e4gg av symboler och blanketter. Och alltid till pdf-filer![\/vc_toggle][vc_toggle title=&#8221;Exempel p\u00e5 funktioner&#8221; el_id=&#8221;1506075085932-8c6058ed-6707&#8243; el_class=&#8221;faq-style&#8221;]\n<ul>\n<li>s\u00f6k, granska och skriv ut dokument med den inbyggda dokumentvisaren<\/li>\n<li>hittar du fel, g\u00f6r r\u00f6d\u00e4ndringar och skriv noteringar s\u00e5 att felen dokumenteras<\/li>\n<li>markera areor f\u00f6r utrymmen eller markomr\u00e5den<\/li>\n<li>dra-och-sl\u00e4pp in nya dokumentfiler och ange s\u00f6kinformation<\/li>\n<li>dela dokument med andra \u00f6ver Internet<\/li>\n<li>checka ut filer till konsulter \u00f6ver internet<\/li>\n<li>till\u00e4ggsfunktioner finns att tillg\u00e5 genom ett system med funktionsmoduler, s\u00e5 att behovet kan anpassas \u00f6ver tiden<\/li>\n<\/ul>\n[\/vc_toggle][\/vc_tab][vc_tab title=&#8221;SK\u00c4RMBILDER&#8221; tab_id=&#8221;1437656199123-2-7&#8243;][mk_image src=&#8221;https:\/\/trixsystems.com\/wp-content\/uploads\/sites\/2\/2022\/10\/fd1.png&#8221; image_width=&#8221;150&#8243; image_height=&#8221;150&#8243; lightbox=&#8221;true&#8221;][mk_image src=&#8221;https:\/\/trixsystems.com\/wp-content\/uploads\/sites\/2\/2022\/10\/fd2.png&#8221; image_width=&#8221;150&#8243; image_height=&#8221;150&#8243; lightbox=&#8221;true&#8221;][mk_image src=&#8221;https:\/\/trixsystems.com\/wp-content\/uploads\/sites\/2\/2015\/02\/FD7-screen.png&#8221; image_width=&#8221;150&#8243; image_height=&#8221;150&#8243; lightbox=&#8221;true&#8221;][\/vc_tab][vc_tab title=&#8221;TEKNIK&#8221; tab_id=&#8221;1437656226012-4-7&#8243;][vc_column_text]Trix FastDoc 7 \u00e4r helt utvecklad i egen regi. K\u00e4llkodsbasen bygger p\u00e5 programmeringsspr\u00e5ken C++, Json, Transact SQL, html5, och databasmotorn \u00e4r Microsoft SQL Server. I v\u00e5rt sortiment finner du s\u00e5v\u00e4l standardprogram som skr\u00e4ddarsydda systeml\u00f6sningar f\u00f6r dokument- och informationshantering. Produktfamiljen har utvecklats sedan 1992. K\u00e4llkoderna \u00e4r toppmoderna och underh\u00e5lls kontinuerligt.[\/vc_column_text][vc_toggle title=&#8221;Webb-teknik&#8221; el_id=&#8221;1506075710931-f588b235-3881&#8243; el_class=&#8221;faq-style&#8221;]Trix FastDoc 7 baseras p\u00e5 webb-teknik, s\u00e5 p\u00e5 klientdatorn kr\u00e4vs endast valfri n\u00e4tbl\u00e4ddrare som f\u00f6ljer W3C-standarden, exempelvis senaste Microsoft Edge, Mozilla Firefox, Opera, Google Chrome eller Apple Safari. Detta fungerar ocks\u00e5 p\u00e5 mobila enheter som surfplattor och smarta mobiltelefoner.<\/p>\n<p>Anv\u00e4ndargr\u00e4nssnittet \u00e4r nytt och modernt och f\u00f6ljer Microsoft Office med ribbon-menyer.[\/vc_toggle][vc_toggle title=&#8221;Microsoft-databas&#8221; el_id=&#8221;1506077063114-655ef9a3-7269&#8243; el_class=&#8221;faq-style&#8221;]Trix FastDoc 7 \u00e4r ett databasbaserat system, d\u00e4r alla dokument finns i en Microsoft SQL Server-databas. Alla filer beh\u00e5ller sitt ursprungsformat och lagras i ett f\u00e4lt i databasen. Inga filer finns p\u00e5 h\u00e5rddisken. Detta garanterar att det digitala arkivet \u00e4r l\u00e5ngtidss\u00e4krat och skyddat fr\u00e5n obeh\u00f6rig \u00e5tkomst.[\/vc_toggle][vc_toggle title=&#8221;Den inbyggda dokumentvisaren&#8221; el_id=&#8221;1506077114617-1b31bdc8-9ce7&#8243; el_class=&#8221;faq-style&#8221;]Dokumentvisaren \u00e4r en html5-baserad servertj\u00e4nst, som skapar sm\u00e5bilder (renderingar), som representerar sj\u00e4lva dokumentet. Servertj\u00e4nsten hanterar kommunikation med att skapa och visa bilder samt r\u00f6d\u00e4ndringar. Denna servertj\u00e4nst har behov av h\u00e5rdvarubaserade GDI-funktioner p\u00e5 servern f\u00f6r grafikhanteringen, och vid stora installationer b\u00f6r den exekveras p\u00e5 en separat server. Servertj\u00e4nsten sparar responstid f\u00f6r anv\u00e4ndaren eftersom olika renderingskopior g\u00f6rs f\u00e4rdiga i databasen i f\u00f6rv\u00e4g och kan anv\u00e4ndas direkt utan v\u00e4ntetid f\u00f6r generering.[\/vc_toggle][vc_toggle title=&#8221;Installation&#8221; el_id=&#8221;1506077134770-2105c31e-2c79&#8243; el_class=&#8221;faq-style&#8221;]Ingen lokal installation beh\u00f6vs, allt sker via servern.[\/vc_toggle][\/vc_tab][vc_tab title=&#8221;LICENSIERING&#8221; tab_id=&#8221;1440866007722-5-3&#8243;][vc_column_text]Trix Systems License Manager ger dig direkt kontroll \u00f6ver dina Trix-licenser, och ger dig en snabb \u00f6verblick \u00f6ver hur m\u00e5nga licenser som finns tillg\u00e4ngliga av ett program och hur m\u00e5nga av dessa som anv\u00e4nds. Det \u00e4r m\u00f6jligt att administrera licenserna, exempelvis omf\u00f6rdela licenser eller \u00e4ndra antalet licenser genom att tillf\u00f6ra nya licenskoder.<\/p>\n<h3>Klienttyper<\/h3>\n<p>Trix FastDoc 7 har flera olika klienttyper som inneh\u00e5ller olika upps\u00e4ttningar av funktioner. Syftet \u00e4r att erbjuda prisv\u00e4rda paket med funktioner, f\u00f6r olika \u00e4ndam\u00e5l och anv\u00e4ndare.[\/vc_column_text][vc_toggle title=&#8221;Trix FastDoc 7 EasyEdit&#8221; el_id=&#8221;1506077317499-086137fe-e842&#8243; el_class=&#8221;faq-style&#8221;]Omfattar redigering och enkel administration. Inneh\u00e5ller funktioner som enklare redigering, g\u00f6ra r\u00f6d\u00e4ndringar och noteringar, inl\u00e4ggning av data eller utcheckning av dokument och \u00e4r avsedd f\u00f6r den som beh\u00f6ver g\u00f6ra enklare arbeten med att \u00e4ndra och administrera dokument.[\/vc_toggle][vc_toggle title=&#8221;Trix FastDoc 7 EasyView&#8221; el_id=&#8221;1506077384762-1417d4e6-7088&#8243; el_class=&#8221;faq-style&#8221;]Omfattar att\u00a0s\u00f6ka, visa och skriva ut. \u00c4r en l\u00e4ttanv\u00e4nd granskningsklient som till\u00e5ter dig att s\u00f6ka upp dokument, granska dem, g\u00f6ra r\u00f6d\u00e4ndringar och noteringar och d\u00e4refter skriva ut dem. Med denna klient kan du inte g\u00f6ra \u00e4ndringar i dokumentoriginalen.[\/vc_toggle][vc_toggle title=&#8221;Trix FastDoc 7 LightView&#8221; el_id=&#8221;1506077388241-2474528b-3790&#8243; el_class=&#8221;faq-style&#8221;]Omfattar att enkelt s\u00f6ka och visa. Inneh\u00e5ller funktioner f\u00f6r att s\u00f6ka och visa. Den \u00e4r avsedd f\u00f6r v\u00e4ldigt enkel tillg\u00e5ng till informationen d\u00e4r syftet \u00e4r att bara s\u00f6ka och visa.[\/vc_toggle][\/vc_tab][\/vc_tabs][\/vc_column][\/vc_row]\n<\/div>","protected":false},"excerpt":{"rendered":"<p>[vc_row fullwidth=&#8221;true&#8221;][vc_column][layerslider_vc id=&#8221;24&#8243;][\/vc_column][\/vc_row][vc_row][vc_column width=&#8221;2\/3&#8243;][vc_column_text css=&#8221;.vc_custom_1611780017906{margin-bottom: 0px !important;}&#8221;] Molnbaserat dokumentsystem Trix FastDoc 7 \u00e4r det snabba, enkla verktyget f\u00f6r dig som vill arkivera, s\u00f6ka och granska dokument. Ingen installation beh\u00f6vs, eftersom allt sker direkt p\u00e5 webben. Trix FastDoc 7 \u00e4r ett webbaserat dokumentarkiv som g\u00f6r det m\u00f6jligt f\u00f6r dig att komma \u00e5t dina dokument var du [&hellip;]<\/p>\n","protected":false},"author":3,"featured_media":0,"parent":6200,"menu_order":0,"comment_status":"open","ping_status":"closed","template":"","meta":{"_acf_changed":false,"footnotes":""},"class_list":["post-4564","page","type-page","status-publish","hentry"],"translation":{"provider":"WPGlobus","version":"3.0.2","language":"sv","enabled_languages":["en","sv"],"languages":{"en":{"title":true,"content":true,"excerpt":false},"sv":{"title":true,"content":true,"excerpt":false}}},"acf":[],"yoast_head":"<!-- This site is optimized with the Yoast SEO plugin v27.4 - https:\/\/yoast.com\/product\/yoast-seo-wordpress\/ -->\n<title>Trix FastDoc - Trix Systems<\/title>\n<meta name=\"robots\" content=\"index, follow, max-snippet:-1, max-image-preview:large, max-video-preview:-1\" \/>\n<link rel=\"canonical\" href=\"https:\/\/trixsystems.com\/products\/trix-fastdoc\/\" \/>\n<meta property=\"og:locale\" content=\"sv_SE\" \/>\n<meta property=\"og:type\" content=\"article\" \/>\n<meta property=\"og:title\" content=\"Trix FastDoc - Trix Systems\" \/>\n<meta property=\"og:url\" content=\"https:\/\/trixsystems.com\/products\/trix-fastdoc\/\" \/>\n<meta property=\"og:site_name\" content=\"Trix Systems\" \/>\n<meta property=\"article:modified_time\" content=\"2025-06-16T12:09:12+00:00\" \/>\n<meta name=\"twitter:label1\" content=\"Ber\u00e4knad l\u00e4stid\" \/>\n\t<meta name=\"twitter:data1\" content=\"7 minuter\" \/>\n<script type=\"application\/ld+json\" class=\"yoast-schema-graph\">{\"@context\":\"https:\\\/\\\/schema.org\",\"@graph\":[{\"@type\":\"WebPage\",\"@id\":\"https:\\\/\\\/trixsystems.com\\\/products\\\/trix-fastdoc\\\/\",\"url\":\"https:\\\/\\\/trixsystems.com\\\/products\\\/trix-fastdoc\\\/\",\"name\":\"Trix FastDoc - Trix Systems\",\"isPartOf\":{\"@id\":\"https:\\\/\\\/trixsystems.com\\\/sv\\\/#website\"},\"datePublished\":\"2015-02-06T18:06:31+00:00\",\"dateModified\":\"2025-06-16T12:09:12+00:00\",\"description\":\"Uppt\u00e4ck Trix FastDoc \u2013 molnbaserad hantering av ritningar och dokument. S\u00e4kert arkiv, snabb s\u00f6kning och visning direkt i din webbl\u00e4sare.\",\"breadcrumb\":{\"@id\":\"https:\\\/\\\/trixsystems.com\\\/products\\\/trix-fastdoc\\\/#breadcrumb\"},\"inLanguage\":\"sv-SE\",\"potentialAction\":[{\"@type\":\"ReadAction\",\"target\":[\"https:\\\/\\\/trixsystems.com\\\/products\\\/trix-fastdoc\\\/\"]}]},{\"@type\":\"BreadcrumbList\",\"@id\":\"https:\\\/\\\/trixsystems.com\\\/products\\\/trix-fastdoc\\\/#breadcrumb\",\"itemListElement\":[{\"@type\":\"ListItem\",\"position\":1,\"name\":\"Hem\",\"item\":\"https:\\\/\\\/trixsystems.com\\\/sv\\\/\"},{\"@type\":\"ListItem\",\"position\":2,\"name\":\"Products\",\"item\":\"https:\\\/\\\/trixsystems.com\\\/products\\\/\"},{\"@type\":\"ListItem\",\"position\":3,\"name\":\"Trix FastDoc\"}]},{\"@type\":\"WebSite\",\"@id\":\"https:\\\/\\\/trixsystems.com\\\/sv\\\/#website\",\"url\":\"https:\\\/\\\/trixsystems.com\\\/sv\\\/\",\"name\":\"Trix Systems\",\"description\":\"Trix Systems\",\"publisher\":{\"@id\":\"https:\\\/\\\/trixsystems.com\\\/sv\\\/#organization\"},\"potentialAction\":[{\"@type\":\"SearchAction\",\"target\":{\"@type\":\"EntryPoint\",\"urlTemplate\":\"https:\\\/\\\/trixsystems.com\\\/sv\\\/?s={search_term_string}\"},\"query-input\":{\"@type\":\"PropertyValueSpecification\",\"valueRequired\":true,\"valueName\":\"search_term_string\"}}],\"inLanguage\":\"sv-SE\"},{\"@type\":\"Organization\",\"@id\":\"https:\\\/\\\/trixsystems.com\\\/sv\\\/#organization\",\"name\":\"Trix Systems\",\"url\":\"https:\\\/\\\/trixsystems.com\\\/sv\\\/\",\"logo\":{\"@type\":\"ImageObject\",\"inLanguage\":\"sv-SE\",\"@id\":\"https:\\\/\\\/trixsystems.com\\\/sv\\\/#\\\/schema\\\/logo\\\/image\\\/\",\"url\":\"https:\\\/\\\/trixsystems.com\\\/wp-content\\\/uploads\\\/sites\\\/2\\\/2014\\\/03\\\/trixsystems_logo.png\",\"contentUrl\":\"https:\\\/\\\/trixsystems.com\\\/wp-content\\\/uploads\\\/sites\\\/2\\\/2014\\\/03\\\/trixsystems_logo.png\",\"width\":322,\"height\":54,\"caption\":\"Trix Systems\"},\"image\":{\"@id\":\"https:\\\/\\\/trixsystems.com\\\/sv\\\/#\\\/schema\\\/logo\\\/image\\\/\"}}]}<\/script>\n<!-- \/ Yoast SEO plugin. -->","yoast_head_json":{"title":"Trix FastDoc - Trix Systems","robots":{"index":"index","follow":"follow","max-snippet":"max-snippet:-1","max-image-preview":"max-image-preview:large","max-video-preview":"max-video-preview:-1"},"canonical":"https:\/\/trixsystems.com\/products\/trix-fastdoc\/","og_locale":"sv_SE","og_type":"article","og_title":"Trix FastDoc - Trix Systems","og_url":"https:\/\/trixsystems.com\/products\/trix-fastdoc\/","og_site_name":"Trix Systems","article_modified_time":"2025-06-16T12:09:12+00:00","twitter_misc":{"Ber\u00e4knad l\u00e4stid":"7 minuter"},"schema":{"@context":"https:\/\/schema.org","@graph":[{"@type":"WebPage","@id":"https:\/\/trixsystems.com\/products\/trix-fastdoc\/","url":"https:\/\/trixsystems.com\/products\/trix-fastdoc\/","name":"Trix FastDoc - Trix Systems","isPartOf":{"@id":"https:\/\/trixsystems.com\/sv\/#website"},"datePublished":"2015-02-06T18:06:31+00:00","dateModified":"2025-06-16T12:09:12+00:00","description":"Uppt\u00e4ck Trix FastDoc \u2013 molnbaserad hantering av ritningar och dokument. S\u00e4kert arkiv, snabb s\u00f6kning och visning direkt i din webbl\u00e4sare.","breadcrumb":{"@id":"https:\/\/trixsystems.com\/products\/trix-fastdoc\/#breadcrumb"},"inLanguage":"sv-SE","potentialAction":[{"@type":"ReadAction","target":["https:\/\/trixsystems.com\/products\/trix-fastdoc\/"]}]},{"@type":"BreadcrumbList","@id":"https:\/\/trixsystems.com\/products\/trix-fastdoc\/#breadcrumb","itemListElement":[{"@type":"ListItem","position":1,"name":"Hem","item":"https:\/\/trixsystems.com\/sv\/"},{"@type":"ListItem","position":2,"name":"Products","item":"https:\/\/trixsystems.com\/products\/"},{"@type":"ListItem","position":3,"name":"Trix FastDoc"}]},{"@type":"WebSite","@id":"https:\/\/trixsystems.com\/sv\/#website","url":"https:\/\/trixsystems.com\/sv\/","name":"Trix Systems","description":"Trix Systems","publisher":{"@id":"https:\/\/trixsystems.com\/sv\/#organization"},"potentialAction":[{"@type":"SearchAction","target":{"@type":"EntryPoint","urlTemplate":"https:\/\/trixsystems.com\/sv\/?s={search_term_string}"},"query-input":{"@type":"PropertyValueSpecification","valueRequired":true,"valueName":"search_term_string"}}],"inLanguage":"sv-SE"},{"@type":"Organization","@id":"https:\/\/trixsystems.com\/sv\/#organization","name":"Trix Systems","url":"https:\/\/trixsystems.com\/sv\/","logo":{"@type":"ImageObject","inLanguage":"sv-SE","@id":"https:\/\/trixsystems.com\/sv\/#\/schema\/logo\/image\/","url":"https:\/\/trixsystems.com\/wp-content\/uploads\/sites\/2\/2014\/03\/trixsystems_logo.png","contentUrl":"https:\/\/trixsystems.com\/wp-content\/uploads\/sites\/2\/2014\/03\/trixsystems_logo.png","width":322,"height":54,"caption":"Trix Systems"},"image":{"@id":"https:\/\/trixsystems.com\/sv\/#\/schema\/logo\/image\/"}}]}},"_links":{"self":[{"href":"https:\/\/trixsystems.com\/sv\/wp-json\/wp\/v2\/pages\/4564","targetHints":{"allow":["GET"]}}],"collection":[{"href":"https:\/\/trixsystems.com\/sv\/wp-json\/wp\/v2\/pages"}],"about":[{"href":"https:\/\/trixsystems.com\/sv\/wp-json\/wp\/v2\/types\/page"}],"author":[{"embeddable":true,"href":"https:\/\/trixsystems.com\/sv\/wp-json\/wp\/v2\/users\/3"}],"replies":[{"embeddable":true,"href":"https:\/\/trixsystems.com\/sv\/wp-json\/wp\/v2\/comments?post=4564"}],"version-history":[{"count":10,"href":"https:\/\/trixsystems.com\/sv\/wp-json\/wp\/v2\/pages\/4564\/revisions"}],"predecessor-version":[{"id":9216,"href":"https:\/\/trixsystems.com\/sv\/wp-json\/wp\/v2\/pages\/4564\/revisions\/9216"}],"up":[{"embeddable":true,"href":"https:\/\/trixsystems.com\/sv\/wp-json\/wp\/v2\/pages\/6200"}],"wp:attachment":[{"href":"https:\/\/trixsystems.com\/sv\/wp-json\/wp\/v2\/media?parent=4564"}],"curies":[{"name":"wp","href":"https:\/\/api.w.org\/{rel}","templated":true}]}}