{"id":4566,"date":"2015-02-06T19:06:49","date_gmt":"2015-02-06T18:06:49","guid":{"rendered":"http:\/\/trixsystems.se\/?page_id=4566"},"modified":"2025-06-16T12:01:38","modified_gmt":"2025-06-16T10:01:38","slug":"trix-drawingcenter","status":"publish","type":"page","link":"https:\/\/trixsystems.com\/sv\/products\/trix-drawingcenter\/","title":{"rendered":"Trix DrawingCenter"},"content":{"rendered":"<div class=\"wpb-content-wrapper\">[vc_row fullwidth=&#8221;true&#8221;][vc_column][layerslider_vc id=&#8221;22&#8243;][\/vc_column][\/vc_row][vc_row][vc_column width=&#8221;2\/3&#8243;][vc_column_text css=&#8221;.vc_custom_1611774912993{margin-bottom: 0px !important;}&#8221;]\n<h1>Ritningsvisare f\u00f6r CAD<\/h1>\n<p><strong>Trix DrawingCenter 7 \u00e4r en avancerad dokument- och ritningsvisare som snabbt och smidigt kan visa cad-filer f\u00f6r den som inte har n\u00e5got eget cad-program. Granska, kommentera och skriv ut ritningar och andra tekniska dokument snabbt och enkelt var du \u00e4n befinner dig.<\/strong>[\/vc_column_text][vc_column_text css=&#8221;.vc_custom_1611778946649{margin-bottom: 0px !important;}&#8221;]\n<h3>Beskrivning<\/h3>\n<p>Trix DrawingCenter 7 \u00e4r en dokumentvisare som l\u00e5ter dig granska, kommentera och skriva ut ritningar i hundratals olika filformat. Den har skapats f\u00f6r dem som beh\u00f6ver \u00f6ppna, titta, markera, m\u00e4ta, j\u00e4mf\u00f6ra och skriva ut ritningsfiler.<\/p>\n<p>Trix DrawingCenter 7 \u00e4r en av marknadens snabbaste dokumentvisare och verktyget f\u00f6r dig som arbetar med granskning av konstruktionsarbeten i en digital milj\u00f6.<\/p>\n<p>Trix DrawingCenter 7 \u00e4r en avancerad dokumentvisare som st\u00e5r sig v\u00e4l i konkurrensen. Den klarar de vanligaste ritningsformaten och anv\u00e4nds med f\u00f6rdel av alla som inte har applikationsprogram som cad-system. Senaste tillskottet av ritningsformat \u00e4r Microstations dgn-format.[\/vc_column_text][vc_column_text css=&#8221;.vc_custom_1631816308803{margin-bottom: 0px !important;}&#8221;]\n<h3>Granska, kommentera, skriva ut och dela<\/h3>\n<p>Med detta verktyg kan du p\u00e5 ett enkelt s\u00e4tt granska, kommentera och skriva ut ritningar och andra tekniska dokument utan att ha tillg\u00e5ng till det program de skapats i. Detta inneb\u00e4r vidare att du och dina medarbetare kan dela dokument med varandra och att samarbetet p\u00e5 f\u00f6retaget f\u00f6renklas utan dyra cad-program.[\/vc_column_text][vc_column_text el_class=&#8221;square-bullet&#8221; css=&#8221;.vc_custom_1611779061088{margin-bottom: 0px !important;}&#8221;]\n<h3>Kundnytta<\/h3>\n<p>Kundnyttan betalar sig snabbt med ett l\u00e5gt pris och m\u00e5nga f\u00f6rdelar. H\u00e4r n\u00e5gra exempel att belysa.<\/p>\n<ul>\n<li>G\u00f6r det m\u00f6jligt att enkelt arbeta med skannade ritningar.<\/li>\n<li>Snabb, enkel och prisv\u00e4rd dokument- och ritningsvisare.<\/li>\n<li>Kommentera filer med r\u00f6d\u00e4ndring och anteckningar f\u00f6r att sedan dela dem med andra.<\/li>\n<li>J\u00e4mf\u00f6r tv\u00e5 versioner av en ritning automatiskt och f\u00e5 direkt kontroll p\u00e5 alla \u00e4ndringar.<\/li>\n<li>Redigera och m\u00e4t i en ritning att allt blir korrekt.<\/li>\n<li>Arbeta i ett enkelt och anv\u00e4ndarv\u00e4nligt gr\u00e4nssnitt.<\/li>\n<li>Visar snabbt och smidigt cad-filer och andra tekniska dokument.<\/li>\n<li>Visar avvikelser mellan olika versioner av en ritning automatiskt, vilket g\u00f6r att du har direkt kontroll och sparar mycket tid.<\/li>\n<li>Du kan kommentera filer med r\u00f6d\u00e4ndring och anteckningar f\u00f6r att sedan dela dem med andra.<\/li>\n<li>Arbeta i ett enkelt och anv\u00e4ndarv\u00e4nligt gr\u00e4nssnitt.<\/li>\n<\/ul>\n[\/vc_column_text][vc_toggle title=&#8221;J\u00e4mf\u00f6r med Trix TracTrix&#8221; el_class=&#8221;table-compare&#8221; css=&#8221;.vc_custom_1611778970496{margin-bottom: 20px !important;}&#8221;]\n<table width=\"450\">\n<tbody>\n<tr>\n<td width=\"265\"><strong>Feature Comparison<\/strong><\/td>\n<td width=\"114\"><strong>DrawingCenter<\/strong><\/td>\n<td><strong>TracTrix<\/strong><\/td>\n<\/tr>\n<tr>\n<td width=\"265\">View CAD, JEDMICS &amp;\u00a0More<\/td>\n<td width=\"114\">\u2022<\/td>\n<td>\u2022<\/td>\n<\/tr>\n<tr>\n<td width=\"265\">Print, Watermark, Text Overlay<\/td>\n<td width=\"114\">\u2022<\/td>\n<td>\u2022<\/td>\n<\/tr>\n<tr>\n<td width=\"265\">Markup and Comment<\/td>\n<td width=\"114\">\u2022<\/td>\n<td>\u2022<\/td>\n<\/tr>\n<tr>\n<td width=\"265\">Convert to PDF<\/td>\n<td width=\"114\">\u2022<\/td>\n<td>\u2022<\/td>\n<\/tr>\n<tr>\n<td width=\"265\">Email PDFs<\/td>\n<td width=\"114\">\u2022<\/td>\n<td>\u2022<\/td>\n<\/tr>\n<tr>\n<td width=\"265\">Compare Drawings<\/td>\n<td width=\"114\">\u2022<\/td>\n<td>\u2022<\/td>\n<\/tr>\n<tr>\n<td width=\"265\">Slideshow<\/td>\n<td width=\"114\">\u2022<\/td>\n<td>\u2022<\/td>\n<\/tr>\n<tr>\n<td width=\"265\">Add Frames &amp; Title Blocks<\/td>\n<td width=\"114\">\u2022<\/td>\n<td>\u2022<\/td>\n<\/tr>\n<tr>\n<td width=\"265\">Take off Dimensions, Areas<\/td>\n<td width=\"114\">\u2022<\/td>\n<td>\u2022<\/td>\n<\/tr>\n<tr>\n<td width=\"265\">Paste Detail into Documents<\/td>\n<td width=\"114\">\u2022<\/td>\n<td>\u2022<\/td>\n<\/tr>\n<tr>\n<td width=\"265\">Add Symbols and Approval Stamps<\/td>\n<td width=\"114\"><\/td>\n<td>\u2022<\/td>\n<\/tr>\n<tr>\n<td width=\"265\">Save Markups into DWGs without CAD<\/td>\n<td width=\"114\"><\/td>\n<td>\u2022<\/td>\n<\/tr>\n<tr>\n<td width=\"265\">Take off Angles, Heights Pitches<\/td>\n<td width=\"114\"><\/td>\n<td>\u2022<\/td>\n<\/tr>\n<tr>\n<td width=\"265\">Vector to Raster Conversion<\/td>\n<td width=\"114\"><\/td>\n<td>\u2022<\/td>\n<\/tr>\n<tr>\n<td width=\"265\">Raster to Vector Conversion<\/td>\n<td width=\"114\"><\/td>\n<td>\u2022<\/td>\n<\/tr>\n<tr>\n<td width=\"265\">Raster to Raster Conversion<\/td>\n<td width=\"114\"><\/td>\n<td>\u2022<\/td>\n<\/tr>\n<tr>\n<td width=\"265\">Change DWG Version<\/td>\n<td width=\"114\"><\/td>\n<td>\u2022<\/td>\n<\/tr>\n<tr>\n<td width=\"265\">Raster Editing<\/td>\n<td width=\"114\"><\/td>\n<td>\u2022<\/td>\n<\/tr>\n<tr>\n<td width=\"265\">Orthagonal Adjust, Deskew, Calibrate<\/td>\n<td width=\"114\"><\/td>\n<td>\u2022<\/td>\n<\/tr>\n<tr>\n<td width=\"265\">Despeckle\/Fill Rasters<\/td>\n<td width=\"114\"><\/td>\n<td>\u2022<\/td>\n<\/tr>\n<tr>\n<td width=\"265\">Run as ObjectARX in AutoCAD<\/td>\n<td width=\"114\"><\/td>\n<td>\u2022<\/td>\n<\/tr>\n<\/tbody>\n<\/table>\n[\/vc_toggle][\/vc_column][vc_column width=&#8221;1\/3&#8243;][vc_video link=&#8221;https:\/\/www.youtube.com\/watch?v=5r18LVMkE4k&#8221;][vc_toggle title=&#8221;Instruktionsfilmer&#8221; el_class=&#8221;videoclips&#8221; css=&#8221;.vc_custom_1739263570634{margin-top: 20px !important;margin-bottom: 20px !important;}&#8221;][youtube_title url=&#8221;https:\/\/www.youtube.com\/watch?v=cvLMpAhH_so&#8221;][\/vc_toggle][mk_button dimension=&#8221;two&#8221; size=&#8221;medium&#8221; icon=&#8221;mk-moon-file-pdf&#8221; url=&#8221;#\/drawingcenter_pdf&#8221; fullwidth=&#8221;true&#8221;]Trix DrawingCenter 7[\/mk_button][mk_button dimension=&#8221;two&#8221; size=&#8221;medium&#8221; icon=&#8221;mk-moon-file-download&#8221; url=&#8221;#\/drawingcenter_sv_demo&#8221; fullwidth=&#8221;true&#8221;]H\u00e4mta demo![\/mk_button][mk_button dimension=&#8221;two&#8221; size=&#8221;medium&#8221; icon=&#8221;mk-li-shop&#8221; url=&#8221;#\/koplicens&#8221; fullwidth=&#8221;true&#8221; el_class=&#8221;disabled&#8221; bg_color=&#8221;#795d93&#8243;]K\u00f6p licens[\/mk_button][mk_padding_divider][vc_tabs style=&#8221;simple&#8221; container_bg_color=&#8221;#ffffff&#8221; el_class=&#8221;trix-tabs&#8221; interval=&#8221;0&#8243;][vc_tab title=&#8221;FUNKTIONER&#8221; tab_id=&#8221;1437655349-1-98252c-73a3&#8243;][vc_column_text css=&#8221;.vc_custom_1662640699739{margin-bottom: 0px !important;}&#8221;]Trix DrawingCenter 7 har alla verktyg och funktioner du beh\u00f6ver f\u00f6r att granska och anv\u00e4nda dina tekniska dokument.<\/p>\n<ul>\n<li>Skriv ut hela ritningen, specifika layouter eller detaljer i storlekar och skalor som passar dig.<\/li>\n<li>Kommentera med text, linjer, rutor eller moln f\u00f6r att ge kollegor instruktioner, revideringar och feedback.<\/li>\n<li>J\u00e4mf\u00f6r tv\u00e5 versioner av samma dokument och visa skillnaderna automatiskt.<\/li>\n<li>G\u00f6r yt- och l\u00e4ngdm\u00e4tningar och ber\u00e4kna summan av ytor.<\/li>\n<li>Konvertera AutoCAD-filer och plotfiler till PDF, komplett med din m\u00e4rkning.<\/li>\n<li>L\u00e4gg till ditt eget anpassade vattenm\u00e4rke eller rubrik p\u00e5 dina utskrifter.<\/li>\n<li>\u00d6ppna b\u00e5de 2D- och 3D-dokument. Panorera, ta bort dolda linjer, skugga och \u00e4ndra 3D-sp\u00e5r.<\/li>\n<\/ul>\n[\/vc_column_text][\/vc_tab][vc_tab title=&#8221;SK\u00c4RMBILDER&#8221; tab_id=&#8221;1437656199123-2-7252c-73a3&#8243;][mk_image src=&#8221;https:\/\/trixsystems.com\/wp-content\/uploads\/sites\/2\/2015\/08\/DC7.png&#8221; image_width=&#8221;150&#8243; image_height=&#8221;150&#8243; lightbox=&#8221;true&#8221;][\/vc_tab][vc_tab title=&#8221;TEKNIK&#8221; tab_id=&#8221;1437656226012-4-7252c-73a3&#8243;][vc_column_text el_class=&#8221;square-bullet&#8221; css=&#8221;.vc_custom_1631816386668{margin-bottom: 0px !important;}&#8221;]Trix DrawingCenter 7 st\u00f6djer AutoCAD R12-2021 och format som dwg, dxf, dwf, dgn, hpgl (plt), pdf\/a samt fler \u00e4n hundra rasterformat som till exempel tiff, bmp, gif, jpeg, cals och jedmics c4.<\/p>\n<h3>Systemkrav<\/h3>\n<ul>\n<li>Operativsystemet Windows 10 eller senare<\/li>\n<li>St\u00f6d f\u00f6r 32-bitar eller 64-bitar<\/li>\n<\/ul>\n[\/vc_column_text][\/vc_tab][vc_tab title=&#8221;LICENSIERING&#8221; tab_id=&#8221;1440862440899-5-2&#8243;][vc_column_text]Trix Systems License Manager ger dig direkt kontroll \u00f6ver dina Trix-licenser, och ger dig en snabb \u00f6verblick \u00f6ver hur m\u00e5nga licenser som finns tillg\u00e4ngliga av ett program och hur m\u00e5nga av dessa som anv\u00e4nds. Det \u00e4r m\u00f6jligt att administrera licenserna, exempelvis omf\u00f6rdela licenser eller \u00e4ndra antalet licenser genom att tillf\u00f6ra nya licenskoder.<\/p>\n<p>Med Trix Systems License Manager f\u00e5r du en \u00f6verblick \u00f6ver hur m\u00e5nga licenser som finns tillg\u00e4ngliga av ett program och hur m\u00e5nga av dessa som anv\u00e4nds.<\/p>\n<p>Internet anv\u00e4nds f\u00f6r aktivering av licenser. Aktiveringen \u00e4r viktig, eftersom den skapar en nyckel till dina Trix-produkter. Utan licensnyckel &#8211; ingen tillg\u00e5ng till produkten.<\/p>\n<h3>Licensvillkor<\/h3>\n<p>De olika marknadskraven leder till behovet av olika licenstyper. Villkor f\u00f6r de olika licenstyperna anges i licensavtalet.<\/p>\n<p>De olika licenstyperna \u00e4r:<\/p>\n<p><strong>Singellicens <\/strong>(SUL = Singel User License): En singellicens fungerar endast p\u00e5 en och samma dator.<\/p>\n<p><strong>Namngiven licens<\/strong> (NUL = Named User License): En licens f\u00f6r kontinuerligt kontrollerade namngivna anv\u00e4ndare. Skillnaden mot SUL \u00e4r att dessa knyts till en registrerad anv\u00e4ndare som kan logga in i Trix-program.<\/p>\n<p><strong>Systemlicens<\/strong> (SITE = systembaserad licens): Licenser f\u00f6r produkter som \u00e4r inbakade i kundens system d\u00e4r licenshanteringen inte finns tillg\u00e4nglig kontinuerligt, utan best\u00e5r av en enklare installationsregistrering i klienten. Kr\u00e4ver skriftligt avtal med kunden och \u00e5rsvis uppf\u00f6ljning, och avsett f\u00f6r stora volymkunder.[\/vc_column_text][\/vc_tab][\/vc_tabs][\/vc_column][\/vc_row]\n<\/div>","protected":false},"excerpt":{"rendered":"<p>[vc_row fullwidth=&#8221;true&#8221;][vc_column][layerslider_vc id=&#8221;22&#8243;][\/vc_column][\/vc_row][vc_row][vc_column width=&#8221;2\/3&#8243;][vc_column_text css=&#8221;.vc_custom_1611774912993{margin-bottom: 0px !important;}&#8221;] Ritningsvisare f\u00f6r CAD Trix DrawingCenter 7 \u00e4r en avancerad dokument- och ritningsvisare som snabbt och smidigt kan visa cad-filer f\u00f6r den som inte har n\u00e5got eget cad-program. Granska, kommentera och skriv ut ritningar och andra tekniska dokument snabbt och enkelt var du \u00e4n befinner dig.[\/vc_column_text][vc_column_text css=&#8221;.vc_custom_1611778946649{margin-bottom: 0px !important;}&#8221;] [&hellip;]<\/p>\n","protected":false},"author":3,"featured_media":0,"parent":6200,"menu_order":0,"comment_status":"open","ping_status":"closed","template":"","meta":{"_acf_changed":false,"footnotes":""},"class_list":["post-4566","page","type-page","status-publish","hentry"],"translation":{"provider":"WPGlobus","version":"3.0.2","language":"sv","enabled_languages":["en","sv"],"languages":{"en":{"title":true,"content":true,"excerpt":false},"sv":{"title":true,"content":true,"excerpt":false}}},"acf":[],"yoast_head":"<!-- This site is optimized with the Yoast SEO plugin v27.4 - https:\/\/yoast.com\/product\/yoast-seo-wordpress\/ -->\n<title>Trix DrawingCenter - Trix Systems<\/title>\n<meta name=\"robots\" content=\"index, follow, max-snippet:-1, max-image-preview:large, max-video-preview:-1\" \/>\n<link rel=\"canonical\" href=\"https:\/\/trixsystems.com\/products\/trix-drawingcenter\/\" \/>\n<meta property=\"og:locale\" content=\"sv_SE\" \/>\n<meta property=\"og:type\" content=\"article\" \/>\n<meta property=\"og:title\" content=\"Trix DrawingCenter - Trix Systems\" \/>\n<meta property=\"og:url\" content=\"https:\/\/trixsystems.com\/products\/trix-drawingcenter\/\" \/>\n<meta property=\"og:site_name\" content=\"Trix Systems\" \/>\n<meta property=\"article:modified_time\" content=\"2025-06-16T10:01:38+00:00\" \/>\n<meta name=\"twitter:label1\" content=\"Ber\u00e4knad l\u00e4stid\" \/>\n\t<meta name=\"twitter:data1\" content=\"5 minuter\" \/>\n<script type=\"application\/ld+json\" class=\"yoast-schema-graph\">{\"@context\":\"https:\\\/\\\/schema.org\",\"@graph\":[{\"@type\":\"WebPage\",\"@id\":\"https:\\\/\\\/trixsystems.com\\\/products\\\/trix-drawingcenter\\\/\",\"url\":\"https:\\\/\\\/trixsystems.com\\\/products\\\/trix-drawingcenter\\\/\",\"name\":\"Trix DrawingCenter - Trix Systems\",\"isPartOf\":{\"@id\":\"https:\\\/\\\/trixsystems.com\\\/sv\\\/#website\"},\"datePublished\":\"2015-02-06T18:06:49+00:00\",\"dateModified\":\"2025-06-16T10:01:38+00:00\",\"description\":\"Trix DrawingCenter l\u00e5ter dig granska, redigera, j\u00e4mf\u00f6ra och skriva ut ritningar utan CAD\u2011program. Effektiv och anv\u00e4ndarv\u00e4nlig l\u00f6sning.\",\"breadcrumb\":{\"@id\":\"https:\\\/\\\/trixsystems.com\\\/products\\\/trix-drawingcenter\\\/#breadcrumb\"},\"inLanguage\":\"sv-SE\",\"potentialAction\":[{\"@type\":\"ReadAction\",\"target\":[\"https:\\\/\\\/trixsystems.com\\\/products\\\/trix-drawingcenter\\\/\"]}]},{\"@type\":\"BreadcrumbList\",\"@id\":\"https:\\\/\\\/trixsystems.com\\\/products\\\/trix-drawingcenter\\\/#breadcrumb\",\"itemListElement\":[{\"@type\":\"ListItem\",\"position\":1,\"name\":\"Hem\",\"item\":\"https:\\\/\\\/trixsystems.com\\\/sv\\\/\"},{\"@type\":\"ListItem\",\"position\":2,\"name\":\"Products\",\"item\":\"https:\\\/\\\/trixsystems.com\\\/products\\\/\"},{\"@type\":\"ListItem\",\"position\":3,\"name\":\"Trix DrawingCenter\"}]},{\"@type\":\"WebSite\",\"@id\":\"https:\\\/\\\/trixsystems.com\\\/sv\\\/#website\",\"url\":\"https:\\\/\\\/trixsystems.com\\\/sv\\\/\",\"name\":\"Trix Systems\",\"description\":\"Trix Systems\",\"publisher\":{\"@id\":\"https:\\\/\\\/trixsystems.com\\\/sv\\\/#organization\"},\"potentialAction\":[{\"@type\":\"SearchAction\",\"target\":{\"@type\":\"EntryPoint\",\"urlTemplate\":\"https:\\\/\\\/trixsystems.com\\\/sv\\\/?s={search_term_string}\"},\"query-input\":{\"@type\":\"PropertyValueSpecification\",\"valueRequired\":true,\"valueName\":\"search_term_string\"}}],\"inLanguage\":\"sv-SE\"},{\"@type\":\"Organization\",\"@id\":\"https:\\\/\\\/trixsystems.com\\\/sv\\\/#organization\",\"name\":\"Trix Systems\",\"url\":\"https:\\\/\\\/trixsystems.com\\\/sv\\\/\",\"logo\":{\"@type\":\"ImageObject\",\"inLanguage\":\"sv-SE\",\"@id\":\"https:\\\/\\\/trixsystems.com\\\/sv\\\/#\\\/schema\\\/logo\\\/image\\\/\",\"url\":\"https:\\\/\\\/trixsystems.com\\\/wp-content\\\/uploads\\\/sites\\\/2\\\/2014\\\/03\\\/trixsystems_logo.png\",\"contentUrl\":\"https:\\\/\\\/trixsystems.com\\\/wp-content\\\/uploads\\\/sites\\\/2\\\/2014\\\/03\\\/trixsystems_logo.png\",\"width\":322,\"height\":54,\"caption\":\"Trix Systems\"},\"image\":{\"@id\":\"https:\\\/\\\/trixsystems.com\\\/sv\\\/#\\\/schema\\\/logo\\\/image\\\/\"}}]}<\/script>\n<!-- \/ Yoast SEO plugin. -->","yoast_head_json":{"title":"Trix DrawingCenter - Trix Systems","robots":{"index":"index","follow":"follow","max-snippet":"max-snippet:-1","max-image-preview":"max-image-preview:large","max-video-preview":"max-video-preview:-1"},"canonical":"https:\/\/trixsystems.com\/products\/trix-drawingcenter\/","og_locale":"sv_SE","og_type":"article","og_title":"Trix DrawingCenter - Trix Systems","og_url":"https:\/\/trixsystems.com\/products\/trix-drawingcenter\/","og_site_name":"Trix Systems","article_modified_time":"2025-06-16T10:01:38+00:00","twitter_misc":{"Ber\u00e4knad l\u00e4stid":"5 minuter"},"schema":{"@context":"https:\/\/schema.org","@graph":[{"@type":"WebPage","@id":"https:\/\/trixsystems.com\/products\/trix-drawingcenter\/","url":"https:\/\/trixsystems.com\/products\/trix-drawingcenter\/","name":"Trix DrawingCenter - Trix Systems","isPartOf":{"@id":"https:\/\/trixsystems.com\/sv\/#website"},"datePublished":"2015-02-06T18:06:49+00:00","dateModified":"2025-06-16T10:01:38+00:00","description":"Trix DrawingCenter l\u00e5ter dig granska, redigera, j\u00e4mf\u00f6ra och skriva ut ritningar utan CAD\u2011program. Effektiv och anv\u00e4ndarv\u00e4nlig l\u00f6sning.","breadcrumb":{"@id":"https:\/\/trixsystems.com\/products\/trix-drawingcenter\/#breadcrumb"},"inLanguage":"sv-SE","potentialAction":[{"@type":"ReadAction","target":["https:\/\/trixsystems.com\/products\/trix-drawingcenter\/"]}]},{"@type":"BreadcrumbList","@id":"https:\/\/trixsystems.com\/products\/trix-drawingcenter\/#breadcrumb","itemListElement":[{"@type":"ListItem","position":1,"name":"Hem","item":"https:\/\/trixsystems.com\/sv\/"},{"@type":"ListItem","position":2,"name":"Products","item":"https:\/\/trixsystems.com\/products\/"},{"@type":"ListItem","position":3,"name":"Trix DrawingCenter"}]},{"@type":"WebSite","@id":"https:\/\/trixsystems.com\/sv\/#website","url":"https:\/\/trixsystems.com\/sv\/","name":"Trix Systems","description":"Trix Systems","publisher":{"@id":"https:\/\/trixsystems.com\/sv\/#organization"},"potentialAction":[{"@type":"SearchAction","target":{"@type":"EntryPoint","urlTemplate":"https:\/\/trixsystems.com\/sv\/?s={search_term_string}"},"query-input":{"@type":"PropertyValueSpecification","valueRequired":true,"valueName":"search_term_string"}}],"inLanguage":"sv-SE"},{"@type":"Organization","@id":"https:\/\/trixsystems.com\/sv\/#organization","name":"Trix Systems","url":"https:\/\/trixsystems.com\/sv\/","logo":{"@type":"ImageObject","inLanguage":"sv-SE","@id":"https:\/\/trixsystems.com\/sv\/#\/schema\/logo\/image\/","url":"https:\/\/trixsystems.com\/wp-content\/uploads\/sites\/2\/2014\/03\/trixsystems_logo.png","contentUrl":"https:\/\/trixsystems.com\/wp-content\/uploads\/sites\/2\/2014\/03\/trixsystems_logo.png","width":322,"height":54,"caption":"Trix Systems"},"image":{"@id":"https:\/\/trixsystems.com\/sv\/#\/schema\/logo\/image\/"}}]}},"_links":{"self":[{"href":"https:\/\/trixsystems.com\/sv\/wp-json\/wp\/v2\/pages\/4566","targetHints":{"allow":["GET"]}}],"collection":[{"href":"https:\/\/trixsystems.com\/sv\/wp-json\/wp\/v2\/pages"}],"about":[{"href":"https:\/\/trixsystems.com\/sv\/wp-json\/wp\/v2\/types\/page"}],"author":[{"embeddable":true,"href":"https:\/\/trixsystems.com\/sv\/wp-json\/wp\/v2\/users\/3"}],"replies":[{"embeddable":true,"href":"https:\/\/trixsystems.com\/sv\/wp-json\/wp\/v2\/comments?post=4566"}],"version-history":[{"count":10,"href":"https:\/\/trixsystems.com\/sv\/wp-json\/wp\/v2\/pages\/4566\/revisions"}],"predecessor-version":[{"id":9197,"href":"https:\/\/trixsystems.com\/sv\/wp-json\/wp\/v2\/pages\/4566\/revisions\/9197"}],"up":[{"embeddable":true,"href":"https:\/\/trixsystems.com\/sv\/wp-json\/wp\/v2\/pages\/6200"}],"wp:attachment":[{"href":"https:\/\/trixsystems.com\/sv\/wp-json\/wp\/v2\/media?parent=4566"}],"curies":[{"name":"wp","href":"https:\/\/api.w.org\/{rel}","templated":true}]}}