{"id":4568,"date":"2015-02-06T19:07:07","date_gmt":"2015-02-06T18:07:07","guid":{"rendered":"http:\/\/trixsystems.se\/?page_id=4568"},"modified":"2025-06-16T16:23:01","modified_gmt":"2025-06-16T14:23:01","slug":"trix-tractrix","status":"publish","type":"page","link":"https:\/\/trixsystems.com\/sv\/products\/trix-tractrix\/","title":{"rendered":"Trix TracTrix"},"content":{"rendered":"<div class=\"wpb-content-wrapper\">[vc_row fullwidth=&#8221;true&#8221;][vc_column][layerslider_vc id=&#8221;17&#8243;][\/vc_column][\/vc_row][vc_row][vc_column width=&#8221;2\/3&#8243;][vc_column_text css=&#8221;.vc_custom_1662640956205{margin-bottom: 0px !important;}&#8221;]\n<h1>Granskning, godk\u00e4nnande och vektorisering av ritningar.<\/h1>\n<p><strong>TracTrix 7 \u00e4r en avancerad dokument- och ritningsvisare som snabbt och smidigt kan visa cad-filer f\u00f6r den som inte har eget cad-program. Den anv\u00e4nds \u00e4ven f\u00f6r raster till vektor-konvertering samt f\u00f6r enklare rasterredigering. Anv\u00e4nds f\u00f6r att kontrollera och godk\u00e4nna ritningar utan behov av cad-programvara.<\/strong>[\/vc_column_text][vc_column_text css=&#8221;.vc_custom_1611771633189{margin-bottom: 0px !important;}&#8221;]\n<h3>Beskrivning<\/h3>\n<p>TracTrix 7 \u00e4r utformad f\u00f6r att hj\u00e4lpa dig att konvertera linjer och text i skannade bilder till redigerbara vektorer. Underl\u00e4ttar enkel redigering av skannade rasterfiler, till exempel ritningar, eller konvertera rasterfiler till vektorformat. Det \u00e4r ett utm\u00e4rkt verktyg f\u00f6r att underh\u00e5lla dina skannade ritningar till den dagen de ska ritas om i CAD-format. Med detta flexibla verktyg kan du p\u00e5 ett enkelt s\u00e4tt h\u00f6ja kvaliteten p\u00e5 dina ritningar i egen takt.<\/p>\n<p>TracTrix 7 \u00e4r en av marknadens snabbaste dokumentvisare och verktyget f\u00f6r dig som arbetar med granskning av konstruktionsarbeten i en digital milj\u00f6.<\/p>\n<p>TracTrix 7 \u00e4r en avancerad ritningsvisare som st\u00e5r sig v\u00e4l i konkurrensen. Den klarar de vanligaste ritningsformaten och anv\u00e4nds med f\u00f6rdel av alla som inte har applikationsprogram som cad-system. Senaste tillskottet av ritningsformat \u00e4r Microstations dgn-format.[\/vc_column_text][vc_toggle title=&#8221;Vektorisering av skannade ritningar&#8221; el_class=&#8221;faq-style&#8221;]TracTrix 7 g\u00f6r det m\u00f6jligt f\u00f6r dig att vektorisera eller rastrera hela eller delar av en ritning samt spara dina redigeringar eller vektorer i lager ovanp\u00e5 ritningen. Allt detta tillsammans med m\u00e4t- och kontrollverktyg, symbolhantering och textigenk\u00e4nning g\u00f6r TracTrix 7 till det sj\u00e4lvklara valet f\u00f6r professionell ritningshantering av skannade underlag.<\/p>\n<p>TracTrix 7 anv\u00e4nds f\u00f6r raster till vektorkonvertering samt f\u00f6r raster- och vektorredigering. Det finns m\u00e5nga funktioner, exempelvis f\u00f6r att teckentolka rastertext, j\u00e4mf\u00f6ra ritningar med varandra och skapa symboler.[\/vc_toggle][vc_toggle title=&#8221;Granska ritningar utan CAD-program&#8221; el_class=&#8221;faq-style&#8221;]Med TracTrix 7 kan du p\u00e5 ett enkelt s\u00e4tt granska, kommentera och skriva ut ritningar och andra tekniska dokument utan att ha tillg\u00e5ng till det program de skapats i. Detta inneb\u00e4r vidare att du och dina medarbetare kan dela dokument med varandra och att samarbetet p\u00e5 f\u00f6retaget f\u00f6renklas utan dyra CAD-program.[\/vc_toggle][vc_toggle title=&#8221;H\u00f6j kvaliteten p\u00e5 dina skannade ritningar&#8221; el_class=&#8221;faq-style&#8221;]H\u00f6j kvaliteten p\u00e5 dina skannade ritningar med effektiva verktyg f\u00f6r rasterredigering och raster till vektorkonvertering. S\u00f6ker du avancerad rasterredigering, automatvektorisering, rastrering eller textigenk\u00e4nning? Allt detta och mycket mer finner du i TracTrix 7![\/vc_toggle][vc_column_text el_class=&#8221;square-bullet&#8221; css=&#8221;.vc_custom_1611771775831{margin-bottom: 40px !important;}&#8221;]\n<h3>Kundnytta<\/h3>\n<p>Kundnyttan \u00e4r omfattande och innefattar exempelvis f\u00f6ljande:<\/p>\n<ul>\n<li>G\u00f6r det m\u00f6jligt att enkelt arbeta med skannade ritningar<\/li>\n<li>Snabb, enkel och prisv\u00e4rd dokument- och ritningsvisare med enkla redigeringsverktyg<\/li>\n<li>Kommentera filer med r\u00f6d\u00e4ndring och anteckningar f\u00f6r att sedan dela dem med andra<\/li>\n<li>J\u00e4mf\u00f6r tv\u00e5 versioner av en ritning automatiskt och f\u00e5 direkt kontroll<\/li>\n<li>Redigera och m\u00e4t i en ritning och allt blir korrekt<\/li>\n<li>Arbeta i ett enkelt och anv\u00e4ndarv\u00e4nligt gr\u00e4nssnitt samma som Microsoft Office<\/li>\n<\/ul>\n[\/vc_column_text][vc_toggle title=&#8221;J\u00e4mf\u00f6r med Trix Drawingcenter 7&#8243; el_class=&#8221;table-compare&#8221; css=&#8221;.vc_custom_1611771854104{margin-bottom: 20px !important;}&#8221;]\n<table width=\"450\">\n<tbody>\n<tr>\n<td width=\"265\"><strong>Feature Comparison<\/strong><\/td>\n<td width=\"114\"><strong>DrawingCenter<\/strong><\/td>\n<td><strong>TracTrix<\/strong><\/td>\n<\/tr>\n<tr>\n<td width=\"265\">View CAD, JEDMICS &amp;\u00a0More<\/td>\n<td width=\"114\">\u2022<\/td>\n<td>\u2022<\/td>\n<\/tr>\n<tr>\n<td width=\"265\">Print, Watermark, Text Overlay<\/td>\n<td width=\"114\">\u2022<\/td>\n<td>\u2022<\/td>\n<\/tr>\n<tr>\n<td width=\"265\">Markup and Comment<\/td>\n<td width=\"114\">\u2022<\/td>\n<td>\u2022<\/td>\n<\/tr>\n<tr>\n<td width=\"265\">Convert to PDF<\/td>\n<td width=\"114\">\u2022<\/td>\n<td>\u2022<\/td>\n<\/tr>\n<tr>\n<td width=\"265\">Email PDFs<\/td>\n<td width=\"114\">\u2022<\/td>\n<td>\u2022<\/td>\n<\/tr>\n<tr>\n<td width=\"265\">Compare Drawings<\/td>\n<td width=\"114\">\u2022<\/td>\n<td>\u2022<\/td>\n<\/tr>\n<tr>\n<td width=\"265\">Slideshow<\/td>\n<td width=\"114\">\u2022<\/td>\n<td>\u2022<\/td>\n<\/tr>\n<tr>\n<td width=\"265\">Add Frames &amp; Title Blocks<\/td>\n<td width=\"114\">\u2022<\/td>\n<td>\u2022<\/td>\n<\/tr>\n<tr>\n<td width=\"265\">Take off Dimensions, Areas<\/td>\n<td width=\"114\">\u2022<\/td>\n<td>\u2022<\/td>\n<\/tr>\n<tr>\n<td width=\"265\">Paste Detail into Documents<\/td>\n<td width=\"114\">\u2022<\/td>\n<td>\u2022<\/td>\n<\/tr>\n<tr>\n<td width=\"265\">Add Symbols and Approval Stamps<\/td>\n<td width=\"114\"><\/td>\n<td>\u2022<\/td>\n<\/tr>\n<tr>\n<td width=\"265\">Save Markups into DWGs without CAD<\/td>\n<td width=\"114\"><\/td>\n<td>\u2022<\/td>\n<\/tr>\n<tr>\n<td width=\"265\">Take off Angles, Heights Pitches<\/td>\n<td width=\"114\"><\/td>\n<td>\u2022<\/td>\n<\/tr>\n<tr>\n<td width=\"265\">Vector to Raster Conversion<\/td>\n<td width=\"114\"><\/td>\n<td>\u2022<\/td>\n<\/tr>\n<tr>\n<td width=\"265\">Raster to Vector Conversion<\/td>\n<td width=\"114\"><\/td>\n<td>\u2022<\/td>\n<\/tr>\n<tr>\n<td width=\"265\">Raster to Raster Conversion<\/td>\n<td width=\"114\"><\/td>\n<td>\u2022<\/td>\n<\/tr>\n<tr>\n<td width=\"265\">Change DWG Version<\/td>\n<td width=\"114\"><\/td>\n<td>\u2022<\/td>\n<\/tr>\n<tr>\n<td width=\"265\">Raster Editing<\/td>\n<td width=\"114\"><\/td>\n<td>\u2022<\/td>\n<\/tr>\n<tr>\n<td width=\"265\">Orthagonal Adjust, Deskew, Calibrate<\/td>\n<td width=\"114\"><\/td>\n<td>\u2022<\/td>\n<\/tr>\n<tr>\n<td width=\"265\">Despeckle\/Fill Rasters<\/td>\n<td width=\"114\"><\/td>\n<td>\u2022<\/td>\n<\/tr>\n<tr>\n<td width=\"265\">Run as ObjectARX in AutoCAD<\/td>\n<td width=\"114\"><\/td>\n<td>\u2022<\/td>\n<\/tr>\n<tr>\n<td width=\"265\"><\/td>\n<td width=\"114\"><\/td>\n<td><\/td>\n<\/tr>\n<\/tbody>\n<\/table>\n[\/vc_toggle][\/vc_column][vc_column width=&#8221;1\/3&#8243;][vc_video link=&#8221;https:\/\/www.youtube.com\/watch?v=GbFoOlAob9Y&#8221;][vc_toggle title=&#8221;Instruktionsfilmer&#8221; el_class=&#8221;videoclips&#8221; css=&#8221;.vc_custom_1739263734642{margin-top: 20px !important;margin-bottom: 20px !important;}&#8221;][youtube_title url=&#8221;https:\/\/www.youtube.com\/watch?v=LAET9dHl-a8&#8243;][\/vc_toggle][mk_button dimension=&#8221;two&#8221; size=&#8221;medium&#8221; icon=&#8221;mk-moon-file-pdf&#8221; url=&#8221;#\/tractrix_pdf&#8221; fullwidth=&#8221;true&#8221;]Trix TracTrix[\/mk_button][mk_button dimension=&#8221;two&#8221; size=&#8221;medium&#8221; icon=&#8221;mk-moon-file-download&#8221; url=&#8221;#\/tractrix_sv_demo&#8221; fullwidth=&#8221;true&#8221;]H\u00e4mta demo![\/mk_button][mk_button dimension=&#8221;two&#8221; size=&#8221;medium&#8221; icon=&#8221;mk-li-shop&#8221; url=&#8221;#\/koplicens&#8221; fullwidth=&#8221;true&#8221; el_class=&#8221;disabled&#8221; bg_color=&#8221;#0095cf&#8221;]K\u00f6p licens[\/mk_button][mk_padding_divider][vc_tabs style=&#8221;simple&#8221; container_bg_color=&#8221;#ffffff&#8221; el_class=&#8221;trix-tabs&#8221;][vc_tab title=&#8221;FUNKTIONER&#8221; tab_id=&#8221;1437656212997-3-63317-c1ea&#8221;][vc_column_text el_class=&#8221;square-bullet&#8221; css=&#8221;.vc_custom_1611777470215{margin-bottom: 0px !important;}&#8221;]TracTrix 7 har alla verktyg och funktioner du beh\u00f6ver f\u00f6r att granska och hantera dina tekniska dokument.<\/p>\n<ul>\n<li>Skriv ut hela ritningen, s\u00e4rskilda layouter eller detaljer, i de storlekar och skalor som fungerar f\u00f6r dig<\/li>\n<li>Annotera med text, linjer, l\u00e5dor eller moln f\u00f6r att ge kollegor instruktioner, revideringar och feedback<\/li>\n<li>J\u00e4mf\u00f6r tv\u00e5 versioner av samma dokument och se skillnaderna automatiskt<\/li>\n<li>G\u00f6r yt- och l\u00e4ngdm\u00e4tningar samt ta ut summan av areor<\/li>\n<li>Konvertera AutoCAD-filer och plott-filer till PDF, komplett med dina noteringar.<\/li>\n<li>L\u00e4gg till din egen anpassade vattenst\u00e4mpel eller sidhuvud p\u00e5 dina utskrifter<\/li>\n<li>\u00d6ppna b\u00e5de 2D- och 3D-dokument. Panorera, ta bort dolda linjer, skugga och \u00e4ndra 3D-banor<\/li>\n<li>Redigera rasterentiteter<\/li>\n<li>Vektorisera rasterentiteter.<\/li>\n<\/ul>\n[\/vc_column_text][\/vc_tab][vc_tab title=&#8221;SK\u00c4RMBILDER&#8221; tab_id=&#8221;1437656199123-2-73317-c1ea&#8221;][mk_image src=&#8221;https:\/\/trixsystems.com\/wp-content\/uploads\/sites\/2\/2015\/08\/TT7.png&#8221; image_width=&#8221;150&#8243; image_height=&#8221;150&#8243; lightbox=&#8221;true&#8221;][\/vc_tab][vc_tab title=&#8221;TEKNIK&#8221; tab_id=&#8221;1437656226012-4-73317-c1ea&#8221;][vc_column_text el_class=&#8221;square-bullet&#8221; css=&#8221;.vc_custom_1631816599732{margin-bottom: 0px !important;}&#8221;]Trix TracTrix 7 st\u00f6djer AutoCAD R12-2021 och format som dwg, dxf, dwf, dgn, hpgl (plt), pdf\/a samt fler \u00e4n hundra rasterformat som till exempel tiff, bmp, gif, jpeg, cals och jedmics c4.<\/p>\n<p>Till systemkraven h\u00f6r:<\/p>\n<ul>\n<li>Operativsystemet Windows 10 eller senare<\/li>\n<li>St\u00f6d f\u00f6r 32-bitar eller 64-bitar<\/li>\n<\/ul>\n[\/vc_column_text][\/vc_tab][vc_tab title=&#8221;LICENSIERING&#8221; tab_id=&#8221;1440875418897-5-6&#8243;][vc_column_text css=&#8221;.vc_custom_1662641154876{margin-bottom: 0px !important;}&#8221;]Trix Systems License Manager ger dig direkt kontroll \u00f6ver dina Trix-licenser, och ger dig en snabb \u00f6verblick \u00f6ver hur m\u00e5nga licenser som finns tillg\u00e4ngliga av ett program och hur m\u00e5nga av dessa som anv\u00e4nds. Det \u00e4r m\u00f6jligt att administrera licenserna, exempelvis omf\u00f6rdela licenser eller \u00e4ndra antalet licenser genom att tillf\u00f6ra nya licenskoder.<\/p>\n<p>Med Trix Systems License Manager f\u00e5r du en \u00f6verblick \u00f6ver hur m\u00e5nga licenser som finns tillg\u00e4ngliga av ett program och hur m\u00e5nga av dessa som anv\u00e4nds.<\/p>\n<p>Internet anv\u00e4nds f\u00f6r aktivering av licenser. Aktiveringen \u00e4r viktig, eftersom den skapar en nyckel till dina Trix-produkter. Utan licensnyckel &#8211; ingen tillg\u00e5ng till produkten.<\/p>\n<h3>Licensvillkor<\/h3>\n<p>De olika marknadskraven leder till behovet av olika licenstyper. Dessa ing\u00e5r ocks\u00e5 i det avtalsformalia som varje kund tar del av och kan av detta sk\u00e4l inte f\u00f6r\u00e4ndras annat \u00e4n genom noggrann kontroll av nul\u00e4get. Villkor f\u00f6r de olika licenstyperna skall anges i licensavtalet.<\/p>\n<p>De olika licenstyperna \u00e4r:<\/p>\n<p><strong>Singellicens <\/strong>(SUL = Singel User License): En singellicens fungerar endast p\u00e5 en och samma dator.<\/p>\n<p><strong>Namngiven licens<\/strong> (NUL = Named User License): En licens f\u00f6r kontinuerligt kontrollerade namngivna anv\u00e4ndare. Skillnaden mot SUL \u00e4r att dessa knyts till en registrerad anv\u00e4ndare som kan logga in i Trix-program.<\/p>\n<p><strong>Systemlicens<\/strong> (SITE = systembaserad licens): Licenser f\u00f6r produkter som \u00e4r inbakade i kundens system d\u00e4r licenshanteringen inte finns tillg\u00e4nglig kontinuerligt, utan best\u00e5r av en enklare installationsregistrering i klienten. Kr\u00e4ver skriftligt avtal med kunden och \u00e5rsvis uppf\u00f6ljning, och avsett f\u00f6r stora volymkunder.[\/vc_column_text][\/vc_tab][\/vc_tabs][\/vc_column][\/vc_row]\n<\/div>","protected":false},"excerpt":{"rendered":"<p>[vc_row fullwidth=&#8221;true&#8221;][vc_column][layerslider_vc id=&#8221;17&#8243;][\/vc_column][\/vc_row][vc_row][vc_column width=&#8221;2\/3&#8243;][vc_column_text css=&#8221;.vc_custom_1662640956205{margin-bottom: 0px !important;}&#8221;] Granskning, godk\u00e4nnande och vektorisering av ritningar. TracTrix 7 \u00e4r en avancerad dokument- och ritningsvisare som snabbt och smidigt kan visa cad-filer f\u00f6r den som inte har eget cad-program. Den anv\u00e4nds \u00e4ven f\u00f6r raster till vektor-konvertering samt f\u00f6r enklare rasterredigering. Anv\u00e4nds f\u00f6r att kontrollera och godk\u00e4nna ritningar utan behov [&hellip;]<\/p>\n","protected":false},"author":3,"featured_media":0,"parent":6200,"menu_order":0,"comment_status":"open","ping_status":"closed","template":"","meta":{"_acf_changed":false,"footnotes":""},"class_list":["post-4568","page","type-page","status-publish","hentry"],"translation":{"provider":"WPGlobus","version":"3.0.2","language":"sv","enabled_languages":["en","sv"],"languages":{"en":{"title":true,"content":true,"excerpt":false},"sv":{"title":true,"content":true,"excerpt":false}}},"acf":[],"yoast_head":"<!-- This site is optimized with the Yoast SEO plugin v27.4 - https:\/\/yoast.com\/product\/yoast-seo-wordpress\/ -->\n<title>Trix TracTrix - Trix Systems<\/title>\n<meta name=\"robots\" content=\"index, follow, max-snippet:-1, max-image-preview:large, max-video-preview:-1\" \/>\n<link rel=\"canonical\" href=\"https:\/\/trixsystems.com\/products\/trix-tractrix\/\" \/>\n<meta property=\"og:locale\" content=\"sv_SE\" \/>\n<meta property=\"og:type\" content=\"article\" \/>\n<meta property=\"og:title\" content=\"Trix TracTrix - Trix Systems\" \/>\n<meta property=\"og:url\" content=\"https:\/\/trixsystems.com\/products\/trix-tractrix\/\" \/>\n<meta property=\"og:site_name\" content=\"Trix Systems\" \/>\n<meta property=\"article:modified_time\" content=\"2025-06-16T14:23:01+00:00\" \/>\n<meta name=\"twitter:label1\" content=\"Ber\u00e4knad l\u00e4stid\" \/>\n\t<meta name=\"twitter:data1\" content=\"5 minuter\" \/>\n<script type=\"application\/ld+json\" class=\"yoast-schema-graph\">{\"@context\":\"https:\\\/\\\/schema.org\",\"@graph\":[{\"@type\":\"WebPage\",\"@id\":\"https:\\\/\\\/trixsystems.com\\\/products\\\/trix-tractrix\\\/\",\"url\":\"https:\\\/\\\/trixsystems.com\\\/products\\\/trix-tractrix\\\/\",\"name\":\"Trix TracTrix - Trix Systems\",\"isPartOf\":{\"@id\":\"https:\\\/\\\/trixsystems.com\\\/sv\\\/#website\"},\"datePublished\":\"2015-02-06T18:07:07+00:00\",\"dateModified\":\"2025-06-16T14:23:01+00:00\",\"description\":\"Redigera, godk\u00e4nn och dela CAD-ritningar utan CAD-licens med Trix TracTrix \u2013 snabba, l\u00e4ttanv\u00e4nda funktioner f\u00f6r effektiv dokumenthantering.\",\"breadcrumb\":{\"@id\":\"https:\\\/\\\/trixsystems.com\\\/products\\\/trix-tractrix\\\/#breadcrumb\"},\"inLanguage\":\"sv-SE\",\"potentialAction\":[{\"@type\":\"ReadAction\",\"target\":[\"https:\\\/\\\/trixsystems.com\\\/products\\\/trix-tractrix\\\/\"]}]},{\"@type\":\"BreadcrumbList\",\"@id\":\"https:\\\/\\\/trixsystems.com\\\/products\\\/trix-tractrix\\\/#breadcrumb\",\"itemListElement\":[{\"@type\":\"ListItem\",\"position\":1,\"name\":\"Hem\",\"item\":\"https:\\\/\\\/trixsystems.com\\\/sv\\\/\"},{\"@type\":\"ListItem\",\"position\":2,\"name\":\"Products\",\"item\":\"https:\\\/\\\/trixsystems.com\\\/products\\\/\"},{\"@type\":\"ListItem\",\"position\":3,\"name\":\"Trix TracTrix\"}]},{\"@type\":\"WebSite\",\"@id\":\"https:\\\/\\\/trixsystems.com\\\/sv\\\/#website\",\"url\":\"https:\\\/\\\/trixsystems.com\\\/sv\\\/\",\"name\":\"Trix Systems\",\"description\":\"Trix Systems\",\"publisher\":{\"@id\":\"https:\\\/\\\/trixsystems.com\\\/sv\\\/#organization\"},\"potentialAction\":[{\"@type\":\"SearchAction\",\"target\":{\"@type\":\"EntryPoint\",\"urlTemplate\":\"https:\\\/\\\/trixsystems.com\\\/sv\\\/?s={search_term_string}\"},\"query-input\":{\"@type\":\"PropertyValueSpecification\",\"valueRequired\":true,\"valueName\":\"search_term_string\"}}],\"inLanguage\":\"sv-SE\"},{\"@type\":\"Organization\",\"@id\":\"https:\\\/\\\/trixsystems.com\\\/sv\\\/#organization\",\"name\":\"Trix Systems\",\"url\":\"https:\\\/\\\/trixsystems.com\\\/sv\\\/\",\"logo\":{\"@type\":\"ImageObject\",\"inLanguage\":\"sv-SE\",\"@id\":\"https:\\\/\\\/trixsystems.com\\\/sv\\\/#\\\/schema\\\/logo\\\/image\\\/\",\"url\":\"https:\\\/\\\/trixsystems.com\\\/wp-content\\\/uploads\\\/sites\\\/2\\\/2014\\\/03\\\/trixsystems_logo.png\",\"contentUrl\":\"https:\\\/\\\/trixsystems.com\\\/wp-content\\\/uploads\\\/sites\\\/2\\\/2014\\\/03\\\/trixsystems_logo.png\",\"width\":322,\"height\":54,\"caption\":\"Trix Systems\"},\"image\":{\"@id\":\"https:\\\/\\\/trixsystems.com\\\/sv\\\/#\\\/schema\\\/logo\\\/image\\\/\"}}]}<\/script>\n<!-- \/ Yoast SEO plugin. -->","yoast_head_json":{"title":"Trix TracTrix - Trix Systems","robots":{"index":"index","follow":"follow","max-snippet":"max-snippet:-1","max-image-preview":"max-image-preview:large","max-video-preview":"max-video-preview:-1"},"canonical":"https:\/\/trixsystems.com\/products\/trix-tractrix\/","og_locale":"sv_SE","og_type":"article","og_title":"Trix TracTrix - Trix Systems","og_url":"https:\/\/trixsystems.com\/products\/trix-tractrix\/","og_site_name":"Trix Systems","article_modified_time":"2025-06-16T14:23:01+00:00","twitter_misc":{"Ber\u00e4knad l\u00e4stid":"5 minuter"},"schema":{"@context":"https:\/\/schema.org","@graph":[{"@type":"WebPage","@id":"https:\/\/trixsystems.com\/products\/trix-tractrix\/","url":"https:\/\/trixsystems.com\/products\/trix-tractrix\/","name":"Trix TracTrix - Trix Systems","isPartOf":{"@id":"https:\/\/trixsystems.com\/sv\/#website"},"datePublished":"2015-02-06T18:07:07+00:00","dateModified":"2025-06-16T14:23:01+00:00","description":"Redigera, godk\u00e4nn och dela CAD-ritningar utan CAD-licens med Trix TracTrix \u2013 snabba, l\u00e4ttanv\u00e4nda funktioner f\u00f6r effektiv dokumenthantering.","breadcrumb":{"@id":"https:\/\/trixsystems.com\/products\/trix-tractrix\/#breadcrumb"},"inLanguage":"sv-SE","potentialAction":[{"@type":"ReadAction","target":["https:\/\/trixsystems.com\/products\/trix-tractrix\/"]}]},{"@type":"BreadcrumbList","@id":"https:\/\/trixsystems.com\/products\/trix-tractrix\/#breadcrumb","itemListElement":[{"@type":"ListItem","position":1,"name":"Hem","item":"https:\/\/trixsystems.com\/sv\/"},{"@type":"ListItem","position":2,"name":"Products","item":"https:\/\/trixsystems.com\/products\/"},{"@type":"ListItem","position":3,"name":"Trix TracTrix"}]},{"@type":"WebSite","@id":"https:\/\/trixsystems.com\/sv\/#website","url":"https:\/\/trixsystems.com\/sv\/","name":"Trix Systems","description":"Trix Systems","publisher":{"@id":"https:\/\/trixsystems.com\/sv\/#organization"},"potentialAction":[{"@type":"SearchAction","target":{"@type":"EntryPoint","urlTemplate":"https:\/\/trixsystems.com\/sv\/?s={search_term_string}"},"query-input":{"@type":"PropertyValueSpecification","valueRequired":true,"valueName":"search_term_string"}}],"inLanguage":"sv-SE"},{"@type":"Organization","@id":"https:\/\/trixsystems.com\/sv\/#organization","name":"Trix Systems","url":"https:\/\/trixsystems.com\/sv\/","logo":{"@type":"ImageObject","inLanguage":"sv-SE","@id":"https:\/\/trixsystems.com\/sv\/#\/schema\/logo\/image\/","url":"https:\/\/trixsystems.com\/wp-content\/uploads\/sites\/2\/2014\/03\/trixsystems_logo.png","contentUrl":"https:\/\/trixsystems.com\/wp-content\/uploads\/sites\/2\/2014\/03\/trixsystems_logo.png","width":322,"height":54,"caption":"Trix Systems"},"image":{"@id":"https:\/\/trixsystems.com\/sv\/#\/schema\/logo\/image\/"}}]}},"_links":{"self":[{"href":"https:\/\/trixsystems.com\/sv\/wp-json\/wp\/v2\/pages\/4568","targetHints":{"allow":["GET"]}}],"collection":[{"href":"https:\/\/trixsystems.com\/sv\/wp-json\/wp\/v2\/pages"}],"about":[{"href":"https:\/\/trixsystems.com\/sv\/wp-json\/wp\/v2\/types\/page"}],"author":[{"embeddable":true,"href":"https:\/\/trixsystems.com\/sv\/wp-json\/wp\/v2\/users\/3"}],"replies":[{"embeddable":true,"href":"https:\/\/trixsystems.com\/sv\/wp-json\/wp\/v2\/comments?post=4568"}],"version-history":[{"count":10,"href":"https:\/\/trixsystems.com\/sv\/wp-json\/wp\/v2\/pages\/4568\/revisions"}],"predecessor-version":[{"id":9134,"href":"https:\/\/trixsystems.com\/sv\/wp-json\/wp\/v2\/pages\/4568\/revisions\/9134"}],"up":[{"embeddable":true,"href":"https:\/\/trixsystems.com\/sv\/wp-json\/wp\/v2\/pages\/6200"}],"wp:attachment":[{"href":"https:\/\/trixsystems.com\/sv\/wp-json\/wp\/v2\/media?parent=4568"}],"curies":[{"name":"wp","href":"https:\/\/api.w.org\/{rel}","templated":true}]}}