{"id":4570,"date":"2015-02-06T19:07:29","date_gmt":"2015-02-06T18:07:29","guid":{"rendered":"http:\/\/trixsystems.se\/?page_id=4570"},"modified":"2025-06-16T16:14:27","modified_gmt":"2025-06-16T14:14:27","slug":"trix-rasterserver","status":"publish","type":"page","link":"https:\/\/trixsystems.com\/sv\/products\/trix-rasterserver\/","title":{"rendered":"Trix RasterServer"},"content":{"rendered":"<div class=\"wpb-content-wrapper\">[vc_row fullwidth=&#8221;true&#8221;][vc_column][layerslider_vc id=&#8221;18&#8243;][\/vc_column][\/vc_row][vc_row][vc_column width=&#8221;2\/3&#8243;][vc_column_text css=&#8221;.vc_custom_1611775100837{margin-bottom: 0px !important;}&#8221;]\n<h1>Satsvis konvertering av CAD-filer till PDF\/Raster-format<\/h1>\n<p><strong>Trix RasterServer 7 \u00e4r en filformatskonverterare designad f\u00f6r dig som p\u00e5 ett automatiserat och enkelt s\u00e4tt vill konvertera en stor m\u00e4ngd filer. Den konverterar din digitala information p\u00e5 ett effektivt s\u00e4tt till publiceringsv\u00e4nliga filformat.<\/strong>[\/vc_column_text][vc_column_text css=&#8221;.vc_custom_1611777017779{margin-bottom: 0px !important;}&#8221;]\n<h3>Beskrivning<\/h3>\n<p>Trix RasterServer 7 \u00e4r en filformatskonverterare och verktyget f\u00f6r dig som snabbt och enkelt vill konvertera och distribuera en stor m\u00e4ngd filer utan att beh\u00f6va ha tillg\u00e5ng till det program de skapats i. Vare sig du beh\u00f6ver konvertera inf\u00f6r publicering, arkivering eller i samband med incheckning i dokumentsystem \u00e4r detta verktyget f\u00f6r dig.<\/p>\n<p>Trix RasterServer 7 \u00e4r designad f\u00f6r dig som p\u00e5 ett automatiserat och enkelt s\u00e4tt vill konvertera en stor m\u00e4ngd filer.<\/p>\n<p>Trix RasterServer 7 \u00e4r en filformatskonverterare designad f\u00f6r dig som p\u00e5 ett automatiserat och enkelt s\u00e4tt vill konvertera en stor m\u00e4ngd filer.[\/vc_column_text][vc_toggle title=&#8221;Filformatskonvertering f\u00f6r generella behov&#8221; el_class=&#8221;faq-style&#8221;]Trix RasterServer 7 erbjuder enkel och snabb formatkonvertering med kvalitet i fokus. Informationen blir tillg\u00e4nglig f\u00f6r alla och du sparar b\u00e5de tid och pengar. Konvertera en stor m\u00e4ngd filer fr\u00e5n ett filformat till ett annat, till exempel fr\u00e5n CAD-format till pdf. Du v\u00e4ljer sj\u00e4lv mellan manuell hantering eller automatisk hantering via ett konverteringsscript.<\/p>\n<p>Trix RasterServer 7 m\u00e4ngdkonverterar dwg-, dxf- och hpgl CAD-filer direkt till raster\/pdf-format, \u00e4ven pdf\/a. Inte nog med att du kan byta filformat p\u00e5 dina filer, Trix RasterServer 7 ger dig \u00e4ven m\u00f6jlighet att \u00e4ndra uppl\u00f6sningen p\u00e5 tusentals raster- eller vektorfiler \u2013 snabbt och helt automatiskt.[\/vc_toggle][vc_toggle title=&#8221;Arbeta effektivare med f\u00f6rdefinierade styrparametrar&#8221; css=&#8221;.vc_custom_1632486718468{margin-bottom: 20px !important;}&#8221; el_class=&#8221;faq-style&#8221;]Trix RasterServer 7 \u00e4r verktyget f\u00f6r dig som snabbt och enkelt vill konvertera och distribuera en stor m\u00e4ngd filer utan att beh\u00f6va ha tillg\u00e5ng till det program de skapats i. Vare sig du beh\u00f6ver konvertera inf\u00f6r publicering, arkivering eller i samband med incheckning i dokumentsystem \u00e4r detta verktyget f\u00f6r dig.<\/p>\n<p>Denna konvertering kan ske i en automatiserad process eller manuellt vid behov. Du kan skapa flera olika profiler via styrparametrar som avg\u00f6r vad som ska utf\u00f6ras vid olika ing\u00e5ngsv\u00e4rden. Det g\u00e5r att skapa fler olika profiler, som kan anv\u00e4ndas efter behov, \u00e4ven att haka i varandra i ett fl\u00f6de och leverera till olika filkataloger.[\/vc_toggle][vc_column_text el_class=&#8221;square-bullet&#8221; css=&#8221;.vc_custom_1611777098426{margin-bottom: 0px !important;}&#8221;]\n<h3>Kundnytta<\/h3>\n<p>M\u00f6jligheten att automatisera hanteringen via styrparamaterar i olika profiler g\u00f6r att tidsvinsterna kan bli stora. H\u00e4r \u00e4r n\u00e5gra exempel:<\/p>\n<ul>\n<li>Konvertera och distribuera stora m\u00e4ngder filer p\u00e5 kort tid och automatisera tr\u00e5kiga och tids\u00f6dande arbetsinsatser<\/li>\n<li>Effektivt och s\u00e4kert med parallella konverteringar och flera profiler<\/li>\n<li>Skapa enhetliga rasterformat fr\u00e5n vilken applikation du vill och slippa investera i dyra cad-program<\/li>\n<\/ul>\n[\/vc_column_text][\/vc_column][vc_column width=&#8221;1\/3&#8243;][vc_video link=&#8221;https:\/\/www.youtube.com\/watch?v=KI8B2-22Q_o&#8221;][vc_toggle title=&#8221;Instruktionsfilmer&#8221; el_class=&#8221;videoclips&#8221; css=&#8221;.vc_custom_1739264576490{margin-top: 20px !important;margin-bottom: 20px !important;}&#8221;][youtube_title url=&#8221;https:\/\/www.youtube.com\/watch?v=5GhW2cEWTQg&amp;t&#8221;][\/vc_toggle][mk_button dimension=&#8221;two&#8221; size=&#8221;medium&#8221; icon=&#8221;mk-moon-file-pdf&#8221; url=&#8221;#\/rasterserver_pdf&#8221; fullwidth=&#8221;true&#8221;]Trix RasterServer[\/mk_button][mk_button dimension=&#8221;two&#8221; size=&#8221;medium&#8221; icon=&#8221;mk-moon-file-download&#8221; url=&#8221;#\/rasterserver_sv_demo&#8221; fullwidth=&#8221;true&#8221;]H\u00e4mta demo![\/mk_button][mk_button dimension=&#8221;two&#8221; size=&#8221;medium&#8221; icon=&#8221;mk-li-shop&#8221; url=&#8221;#\/koplicens&#8221; fullwidth=&#8221;true&#8221; el_class=&#8221;disabled&#8221; bg_color=&#8221;#f5bc23&#8243;]K\u00f6p licens[\/mk_button][mk_padding_divider][vc_tabs style=&#8221;simple&#8221; container_bg_color=&#8221;#ffffff&#8221; el_class=&#8221;trix-tabs&#8221;][vc_tab title=&#8221;FUNKTIONER&#8221; tab_id=&#8221;1437656212997-3-68bac-3e3d&#8221;][vc_column_text el_class=&#8221;square-bullet&#8221; css=&#8221;.vc_custom_1611777243756{margin-bottom: 0px !important;}&#8221;]H\u00e4r \u00e4r ett urval av viktiga funktioner:<\/p>\n<ul>\n<li>Programmera enkelt automatiserade arbetsfl\u00f6den. Programmet kan till exempel automatiskt konvertera flera ritningar i en f\u00f6ljd<\/li>\n<li>St\u00f6djer alla vanligt f\u00f6rekommande f\u00e4rger, layouter, teckensnitt, linjebredder och skalor samt flersidighet och externa referenser i AutoCAD<\/li>\n<li>Tillf\u00f6r metadata till den konverterade filen f\u00f6r att g\u00f6ra den s\u00f6k- och identifierbar<\/li>\n<li>Batchkonvertering fr\u00e5n vektor till raster och raster till raster samt mellan olika uppl\u00f6sningar<\/li>\n<li>Konvertera fr\u00e5n ett filformat till flera olika utdataformat s\u00e5som cals och pdf\/a<\/li>\n<\/ul>\n[\/vc_column_text][\/vc_tab][vc_tab title=&#8221;SK\u00c4RMBILDER&#8221; tab_id=&#8221;1437656199123-2-78bac-3e3d&#8221;][mk_image src=&#8221;https:\/\/trixsystems.com\/wp-content\/uploads\/sites\/2\/2017\/11\/RSScreenShot.png&#8221; image_width=&#8221;150&#8243; image_height=&#8221;150&#8243; lightbox=&#8221;true&#8221;][\/vc_tab][vc_tab title=&#8221;TEKNIK&#8221; tab_id=&#8221;1437656226012-4-78bac-3e3d&#8221;][vc_column_text el_class=&#8221;square-bullet&#8221; css=&#8221;.vc_custom_1631816934005{margin-bottom: 0px !important;}&#8221;]Trix RasterServer 7 st\u00f6djer AutoCAD R12-2021 och format som dwg, dxf, dwf, dgn, hpgl (plt), pdf\/a samt fler \u00e4n hundra rasterformat som till exempel tiff, bmp, gif, jpeg, cals och jedmics c4.<br \/>\nSystemkrav<\/p>\n<ul>\n<li>Operativsystemet Windows 10 eller senare<\/li>\n<li>St\u00f6d f\u00f6r 32-bitar eller 64-bitar<\/li>\n<\/ul>\n<p>Integrering<br \/>\nTrix RasterServer 7 kan b\u00e5de fungera som ett frist\u00e5ende Windows-program eller ing\u00e5 i ett system, d\u00e4r andra program kan styra vad som ska g\u00f6ras och n\u00e4r.[\/vc_column_text][\/vc_tab][vc_tab title=&#8221;LICENSIERING&#8221; tab_id=&#8221;1440874754476-5-7&#8243;][vc_column_text]\n<h3>Licensiering<\/h3>\n<p>Trix Systems License Manager ger dig direkt kontroll \u00f6ver dina Trix-licenser, och ger dig en snabb \u00f6verblick \u00f6ver hur m\u00e5nga licenser som finns tillg\u00e4ngliga av ett program och hur m\u00e5nga av dessa som anv\u00e4nds. Det \u00e4r m\u00f6jligt att administrera licenserna, exempelvis omf\u00f6rdela licenser eller \u00e4ndra antalet licenser genom att tillf\u00f6ra nya licenskoder.<\/p>\n<p>Trix Systems License Manager \u00e4r en produkt du som kund vanligen inte kommer i kontakt med s\u00e5 ofta. Den har dock en viktig roll d\u00e5 den fungerar som en nyckel till dina Trix-produkter. Trix Systems License Manager anv\u00e4nds vid installation och uppdatering av produkten, eller d\u00e5 du vill ut\u00f6ka antalet licenser. Med Trix Systems License Manager f\u00e5r du en \u00f6verblick \u00f6ver hur m\u00e5nga licenser som finns tillg\u00e4ngliga av ett program och hur m\u00e5nga av dessa som anv\u00e4nds.<\/p>\n<p>Internet anv\u00e4nds f\u00f6r aktivering av licenser. Aktiveringen \u00e4r viktig, eftersom den skapar en nyckel till dina Trix-produkter. Utan licensnyckel &#8211; ingen tillg\u00e5ng till produkten.<\/p>\n<h3>Licensvillkor<\/h3>\n<p>De olika marknadskraven leder till behovet av olika licenstyper. Dessa ing\u00e5r ocks\u00e5 i det avtalsformalia som varje kund tar del av och kan av detta sk\u00e4l inte f\u00f6r\u00e4ndras annat \u00e4n genom noggrann kontroll av nul\u00e4get. Villkor f\u00f6r de olika licenstyperna skall anges i licensavtalet.<\/p>\n<p>De olika licenstyperna \u00e4r:<\/p>\n<p><strong>Singellicens <\/strong>(SUL = Singel User License): En singellicens fungerar endast p\u00e5 en och samma dator.<\/p>\n<p><strong>Namngiven licens<\/strong> (NUL = Named User License): En licens f\u00f6r kontinuerligt kontrollerade namngivna anv\u00e4ndare. Skillnaden mot SUL \u00e4r att dessa knyts till en registrerad anv\u00e4ndare som kan logga in i Trix-program.<\/p>\n<p><strong>Systemlicens<\/strong> (SITE = systembaserad licens): Licenser f\u00f6r produkter som \u00e4r inbakade i kundens system d\u00e4r licenshanteringen inte finns tillg\u00e4nglig kontinuerligt, utan best\u00e5r av en enklare installationsregistrering i klienten. Kr\u00e4ver skriftligt avtal med kunden och \u00e5rsvis uppf\u00f6ljning, och avsett f\u00f6r stora volymkunder.[\/vc_column_text][\/vc_tab][\/vc_tabs][\/vc_column][\/vc_row]\n<\/div>","protected":false},"excerpt":{"rendered":"<p>[vc_row fullwidth=&#8221;true&#8221;][vc_column][layerslider_vc id=&#8221;18&#8243;][\/vc_column][\/vc_row][vc_row][vc_column width=&#8221;2\/3&#8243;][vc_column_text css=&#8221;.vc_custom_1611775100837{margin-bottom: 0px !important;}&#8221;] Satsvis konvertering av CAD-filer till PDF\/Raster-format Trix RasterServer 7 \u00e4r en filformatskonverterare designad f\u00f6r dig som p\u00e5 ett automatiserat och enkelt s\u00e4tt vill konvertera en stor m\u00e4ngd filer. Den konverterar din digitala information p\u00e5 ett effektivt s\u00e4tt till publiceringsv\u00e4nliga filformat.[\/vc_column_text][vc_column_text css=&#8221;.vc_custom_1611777017779{margin-bottom: 0px !important;}&#8221;] Beskrivning Trix RasterServer 7 \u00e4r [&hellip;]<\/p>\n","protected":false},"author":3,"featured_media":0,"parent":6200,"menu_order":0,"comment_status":"open","ping_status":"closed","template":"","meta":{"_acf_changed":false,"footnotes":""},"class_list":["post-4570","page","type-page","status-publish","hentry"],"translation":{"provider":"WPGlobus","version":"3.0.2","language":"sv","enabled_languages":["en","sv"],"languages":{"en":{"title":true,"content":true,"excerpt":false},"sv":{"title":true,"content":true,"excerpt":false}}},"acf":[],"yoast_head":"<!-- This site is optimized with the Yoast SEO plugin v27.4 - https:\/\/yoast.com\/product\/yoast-seo-wordpress\/ -->\n<title>Trix RasterServer - Trix Systems<\/title>\n<meta name=\"robots\" content=\"index, follow, max-snippet:-1, max-image-preview:large, max-video-preview:-1\" \/>\n<link rel=\"canonical\" href=\"https:\/\/trixsystems.com\/products\/trix-rasterserver\/\" \/>\n<meta property=\"og:locale\" content=\"sv_SE\" \/>\n<meta property=\"og:type\" content=\"article\" \/>\n<meta property=\"og:title\" content=\"Trix RasterServer - Trix Systems\" \/>\n<meta property=\"og:url\" content=\"https:\/\/trixsystems.com\/products\/trix-rasterserver\/\" \/>\n<meta property=\"og:site_name\" content=\"Trix Systems\" \/>\n<meta property=\"article:modified_time\" content=\"2025-06-16T14:14:27+00:00\" \/>\n<meta name=\"twitter:label1\" content=\"Ber\u00e4knad l\u00e4stid\" \/>\n\t<meta name=\"twitter:data1\" content=\"4 minuter\" \/>\n<script type=\"application\/ld+json\" class=\"yoast-schema-graph\">{\"@context\":\"https:\\\/\\\/schema.org\",\"@graph\":[{\"@type\":\"WebPage\",\"@id\":\"https:\\\/\\\/trixsystems.com\\\/products\\\/trix-rasterserver\\\/\",\"url\":\"https:\\\/\\\/trixsystems.com\\\/products\\\/trix-rasterserver\\\/\",\"name\":\"Trix RasterServer - Trix Systems\",\"isPartOf\":{\"@id\":\"https:\\\/\\\/trixsystems.com\\\/sv\\\/#website\"},\"datePublished\":\"2015-02-06T18:07:29+00:00\",\"dateModified\":\"2025-06-16T14:14:27+00:00\",\"description\":\"Visa och streama stora rasterkartor med Trix RasterServer \u2013 optimerat f\u00f6r BIM och GIS, p\u00e5litlig, skalbar och webbaserad visualisering.\",\"breadcrumb\":{\"@id\":\"https:\\\/\\\/trixsystems.com\\\/products\\\/trix-rasterserver\\\/#breadcrumb\"},\"inLanguage\":\"sv-SE\",\"potentialAction\":[{\"@type\":\"ReadAction\",\"target\":[\"https:\\\/\\\/trixsystems.com\\\/products\\\/trix-rasterserver\\\/\"]}]},{\"@type\":\"BreadcrumbList\",\"@id\":\"https:\\\/\\\/trixsystems.com\\\/products\\\/trix-rasterserver\\\/#breadcrumb\",\"itemListElement\":[{\"@type\":\"ListItem\",\"position\":1,\"name\":\"Hem\",\"item\":\"https:\\\/\\\/trixsystems.com\\\/sv\\\/\"},{\"@type\":\"ListItem\",\"position\":2,\"name\":\"Products\",\"item\":\"https:\\\/\\\/trixsystems.com\\\/products\\\/\"},{\"@type\":\"ListItem\",\"position\":3,\"name\":\"Trix RasterServer\"}]},{\"@type\":\"WebSite\",\"@id\":\"https:\\\/\\\/trixsystems.com\\\/sv\\\/#website\",\"url\":\"https:\\\/\\\/trixsystems.com\\\/sv\\\/\",\"name\":\"Trix Systems\",\"description\":\"Trix Systems\",\"publisher\":{\"@id\":\"https:\\\/\\\/trixsystems.com\\\/sv\\\/#organization\"},\"potentialAction\":[{\"@type\":\"SearchAction\",\"target\":{\"@type\":\"EntryPoint\",\"urlTemplate\":\"https:\\\/\\\/trixsystems.com\\\/sv\\\/?s={search_term_string}\"},\"query-input\":{\"@type\":\"PropertyValueSpecification\",\"valueRequired\":true,\"valueName\":\"search_term_string\"}}],\"inLanguage\":\"sv-SE\"},{\"@type\":\"Organization\",\"@id\":\"https:\\\/\\\/trixsystems.com\\\/sv\\\/#organization\",\"name\":\"Trix Systems\",\"url\":\"https:\\\/\\\/trixsystems.com\\\/sv\\\/\",\"logo\":{\"@type\":\"ImageObject\",\"inLanguage\":\"sv-SE\",\"@id\":\"https:\\\/\\\/trixsystems.com\\\/sv\\\/#\\\/schema\\\/logo\\\/image\\\/\",\"url\":\"https:\\\/\\\/trixsystems.com\\\/wp-content\\\/uploads\\\/sites\\\/2\\\/2014\\\/03\\\/trixsystems_logo.png\",\"contentUrl\":\"https:\\\/\\\/trixsystems.com\\\/wp-content\\\/uploads\\\/sites\\\/2\\\/2014\\\/03\\\/trixsystems_logo.png\",\"width\":322,\"height\":54,\"caption\":\"Trix Systems\"},\"image\":{\"@id\":\"https:\\\/\\\/trixsystems.com\\\/sv\\\/#\\\/schema\\\/logo\\\/image\\\/\"}}]}<\/script>\n<!-- \/ Yoast SEO plugin. -->","yoast_head_json":{"title":"Trix RasterServer - Trix Systems","robots":{"index":"index","follow":"follow","max-snippet":"max-snippet:-1","max-image-preview":"max-image-preview:large","max-video-preview":"max-video-preview:-1"},"canonical":"https:\/\/trixsystems.com\/products\/trix-rasterserver\/","og_locale":"sv_SE","og_type":"article","og_title":"Trix RasterServer - Trix Systems","og_url":"https:\/\/trixsystems.com\/products\/trix-rasterserver\/","og_site_name":"Trix Systems","article_modified_time":"2025-06-16T14:14:27+00:00","twitter_misc":{"Ber\u00e4knad l\u00e4stid":"4 minuter"},"schema":{"@context":"https:\/\/schema.org","@graph":[{"@type":"WebPage","@id":"https:\/\/trixsystems.com\/products\/trix-rasterserver\/","url":"https:\/\/trixsystems.com\/products\/trix-rasterserver\/","name":"Trix RasterServer - Trix Systems","isPartOf":{"@id":"https:\/\/trixsystems.com\/sv\/#website"},"datePublished":"2015-02-06T18:07:29+00:00","dateModified":"2025-06-16T14:14:27+00:00","description":"Visa och streama stora rasterkartor med Trix RasterServer \u2013 optimerat f\u00f6r BIM och GIS, p\u00e5litlig, skalbar och webbaserad visualisering.","breadcrumb":{"@id":"https:\/\/trixsystems.com\/products\/trix-rasterserver\/#breadcrumb"},"inLanguage":"sv-SE","potentialAction":[{"@type":"ReadAction","target":["https:\/\/trixsystems.com\/products\/trix-rasterserver\/"]}]},{"@type":"BreadcrumbList","@id":"https:\/\/trixsystems.com\/products\/trix-rasterserver\/#breadcrumb","itemListElement":[{"@type":"ListItem","position":1,"name":"Hem","item":"https:\/\/trixsystems.com\/sv\/"},{"@type":"ListItem","position":2,"name":"Products","item":"https:\/\/trixsystems.com\/products\/"},{"@type":"ListItem","position":3,"name":"Trix RasterServer"}]},{"@type":"WebSite","@id":"https:\/\/trixsystems.com\/sv\/#website","url":"https:\/\/trixsystems.com\/sv\/","name":"Trix Systems","description":"Trix Systems","publisher":{"@id":"https:\/\/trixsystems.com\/sv\/#organization"},"potentialAction":[{"@type":"SearchAction","target":{"@type":"EntryPoint","urlTemplate":"https:\/\/trixsystems.com\/sv\/?s={search_term_string}"},"query-input":{"@type":"PropertyValueSpecification","valueRequired":true,"valueName":"search_term_string"}}],"inLanguage":"sv-SE"},{"@type":"Organization","@id":"https:\/\/trixsystems.com\/sv\/#organization","name":"Trix Systems","url":"https:\/\/trixsystems.com\/sv\/","logo":{"@type":"ImageObject","inLanguage":"sv-SE","@id":"https:\/\/trixsystems.com\/sv\/#\/schema\/logo\/image\/","url":"https:\/\/trixsystems.com\/wp-content\/uploads\/sites\/2\/2014\/03\/trixsystems_logo.png","contentUrl":"https:\/\/trixsystems.com\/wp-content\/uploads\/sites\/2\/2014\/03\/trixsystems_logo.png","width":322,"height":54,"caption":"Trix Systems"},"image":{"@id":"https:\/\/trixsystems.com\/sv\/#\/schema\/logo\/image\/"}}]}},"_links":{"self":[{"href":"https:\/\/trixsystems.com\/sv\/wp-json\/wp\/v2\/pages\/4570","targetHints":{"allow":["GET"]}}],"collection":[{"href":"https:\/\/trixsystems.com\/sv\/wp-json\/wp\/v2\/pages"}],"about":[{"href":"https:\/\/trixsystems.com\/sv\/wp-json\/wp\/v2\/types\/page"}],"author":[{"embeddable":true,"href":"https:\/\/trixsystems.com\/sv\/wp-json\/wp\/v2\/users\/3"}],"replies":[{"embeddable":true,"href":"https:\/\/trixsystems.com\/sv\/wp-json\/wp\/v2\/comments?post=4570"}],"version-history":[{"count":10,"href":"https:\/\/trixsystems.com\/sv\/wp-json\/wp\/v2\/pages\/4570\/revisions"}],"predecessor-version":[{"id":9133,"href":"https:\/\/trixsystems.com\/sv\/wp-json\/wp\/v2\/pages\/4570\/revisions\/9133"}],"up":[{"embeddable":true,"href":"https:\/\/trixsystems.com\/sv\/wp-json\/wp\/v2\/pages\/6200"}],"wp:attachment":[{"href":"https:\/\/trixsystems.com\/sv\/wp-json\/wp\/v2\/media?parent=4570"}],"curies":[{"name":"wp","href":"https:\/\/api.w.org\/{rel}","templated":true}]}}