{"id":4574,"date":"2015-02-06T19:08:38","date_gmt":"2015-02-06T18:08:38","guid":{"rendered":"http:\/\/trixsystems.se\/?page_id=4574"},"modified":"2025-06-16T14:36:39","modified_gmt":"2025-06-16T12:36:39","slug":"trix-workflow-designer","status":"publish","type":"page","link":"https:\/\/trixsystems.com\/sv\/products\/trix-workflow-designer\/","title":{"rendered":"Trix Workflow Designer"},"content":{"rendered":"<div class=\"wpb-content-wrapper\">[vc_row fullwidth=&#8221;true&#8221;][vc_column][layerslider_vc id=&#8221;20&#8243;][\/vc_column][\/vc_row][vc_row][vc_column width=&#8221;2\/3&#8243;][vc_column_text css=&#8221;.vc_custom_1632487765826{margin-bottom: 0px !important;padding-bottom: 10px !important;}&#8221;]\n<h1>Verktyg f\u00f6r utformning av arbetsfl\u00f6den<\/h1>\n<p><strong>Trix Workflow Designer 7 \u00e4r en modul f\u00f6r arbetsfl\u00f6de och \u00e4ndringshantering som hj\u00e4lper dig att automatisera arbetsprocesser och kvalitetskontrollera livscykeln f\u00f6r din f\u00f6retagsinformation. Med den h\u00e4r modulen kan olika Trix-produkter anv\u00e4nda standardiserade procedurer inom olika f\u00f6rdefinierade arbetsfl\u00f6den.<\/strong>[\/vc_column_text][vc_column_text css=&#8221;.vc_custom_1664551282683{margin-bottom: 0px !important;padding-bottom: 20px !important;}&#8221;]\n<h3>Beskrivning<\/h3>\n<p>Verksamheten m\u00e5ste kunna styra dokumentens livscykel, till exempel genom att l\u00e5ta dokumenten anta olika statusbeteckningar allteftersom informationen i dokumentet behandlas, till exempel n\u00e4r det godk\u00e4nns. F\u00f6rutbest\u00e4mda definitioner skapas, som kan \u00e5teranv\u00e4ndas och f\u00f6rses med variabler och datum- eller h\u00e4ndelse-styrda triggers.<\/p>\n<p>Definitionerna i Trix Workflow Designer 7 \u00e4r inte begr\u00e4nsade i omfattning, kan ut\u00f6kas och b\u00f6r motsvara verksamhetens arbetsfl\u00f6desbehov. De kan inneh\u00e5lla olika information med aktiviteter som styrs via manuella bekr\u00e4ftelser, olika utl\u00f6sare eller tidskontroller av olika slag, baserade p\u00e5 datum. Alla standardiserade arbetsfl\u00f6den \u00e4r kopplade till olika grupper av mottagare som var och en bekr\u00e4ftar mottagandet och godk\u00e4nnandet av \u00e5tg\u00e4rden. Uppgiften \u00f6vervakas f\u00f6r att s\u00e4kerst\u00e4lla att den utf\u00f6rs och att den kan \u00f6verf\u00f6ras till n\u00e4sta steg.<\/p>\n<h3>Viktig del av kvalitetskontrollen<\/h3>\n<p>Detta \u00e4r en viktig del av kvalitetskontrollen av en uppgift som kr\u00e4ver strikta funktioner f\u00f6r att s\u00e4kerst\u00e4lla att \u00e4ndringar genomf\u00f6rs p\u00e5 ett kvalitativt s\u00e4tt och enligt f\u00f6rutbest\u00e4mda f\u00f6rfaranden. Detta skapar f\u00f6rtroende f\u00f6r verksamheten.<\/p>\n<p>Vid anv\u00e4ndning \u00e4r det m\u00f6jligt att koppla till standardiserade arbetsfl\u00f6den, d\u00e4r olika anv\u00e4ndare deltar i arbetsfl\u00f6det fr\u00e5n b\u00f6rjan. Ett s\u00e4rskilt f\u00f6nster visar alla inkommande, aktuella och historiska arbetsfl\u00f6den samt alla detaljerade uppgifter och aktiviteter med tillh\u00f6rande processtatus.<\/p>\n<h3>F\u00f6rdelar<\/h3>\n<p>Trix Workflow Designer 7 \u00e4r n\u00f6dv\u00e4ndig f\u00f6r att kunna utforma egna arbetsfl\u00f6den och skapa st\u00f6d f\u00f6r de procedurer som verksamheten kr\u00e4ver. Kontinuerlig f\u00f6rb\u00e4ttring skapar optimerat st\u00f6d som leder till h\u00f6gre effektivitet och b\u00e4ttre l\u00f6nsamhet.<\/p>\n<p>Trix Workflow Designer 7 ger verksamheten kontroll \u00f6ver vad och n\u00e4r information \u00e4ndras och godk\u00e4nns. Informationens kvalitet garanteras och konsumenterna kan lita p\u00e5 att den \u00e4r korrekt. Med tiden kommer b\u00e5de informationens kvalitet och trov\u00e4rdighet att \u00f6ka, vilket ocks\u00e5 inneb\u00e4r en konkurrensf\u00f6rdel f\u00f6r kundens verksamhet.[\/vc_column_text][vc_toggle title=&#8221;V\u00e4lorganiserat informationsfl\u00f6de&#8221; el_class=&#8221;faq-style&#8221;]R\u00e4tt information till r\u00e4tt anv\u00e4ndare vid r\u00e4tt tidpunkt! Dokument och information som \u00e4ndras kan kontrolleras under hela livscykeln s\u00e5 att informationen kan skickas till r\u00e4tt anv\u00e4ndare n\u00e4r den beh\u00f6vs. Till exempel i en drifts- och underh\u00e5llssituation n\u00e4r endast de relevanta ritningarna \u00e4r av intresse. Att arbeta med r\u00e4tt f\u00f6ruts\u00e4ttningar kan man s\u00e4ga![\/vc_toggle][vc_toggle title=&#8221;Kontrollera informationsleveransen i projektet&#8221; el_class=&#8221;faq-style&#8221;]I f\u00f6r\u00e4ndringsprojekt, b\u00e5de stora och sm\u00e5, \u00e4r det viktigt att f\u00f6r\u00e4ndringens kvalitet kan kontrolleras i linje med leveransen av datam\u00e4ngder. Genom att registrera dessa tillsammans med undertecknade kontrollplaner kan b\u00e5de statusm\u00e4rkningen i livscykeln och den faktiska \u00e4ndringsbeg\u00e4ran registreras f\u00f6r att skapa sp\u00e5rbarhet.[\/vc_toggle][vc_toggle title=&#8221;F\u00d6RDELAR&#8221; el_class=&#8221;faq-style&#8221; css=&#8221;.vc_custom_1664550956899{margin-bottom: 40px !important;}&#8221;]Viktiga f\u00f6rdelar med Trix Workflow Designer 7.<\/p>\n<ul>\n<li>Optimerade arbetsfl\u00f6den ger h\u00f6gre effektivitet.<\/li>\n<li>Informationskvalitet garanteras genom h\u00f6ga krav.<\/li>\n<li>Du har full kontroll \u00f6ver st\u00f6det f\u00f6r aff\u00e4rsprocesserna. Allt kan sp\u00e5ras, i varje dokument, projekt och \u00e4rende.<\/li>\n<li>Information registreras och kopplas till den ansvariga personen.<\/li>\n<li>Den h\u00f6ga kvaliteten p\u00e5 dokument och information ger en konkurrensf\u00f6rdel.<\/li>\n<\/ul>\n[\/vc_toggle][\/vc_column][vc_column width=&#8221;1\/3&#8243;][vc_video link=&#8221;https:\/\/www.youtube.com\/watch?v=bNpoBrmKvzE&#8221;][vc_toggle title=&#8221;Instruktionsfilmer&#8221; el_class=&#8221;videoclips&#8221; css=&#8221;.vc_custom_1739264944926{margin-top: 20px !important;margin-bottom: 20px !important;}&#8221;][youtube_title url=&#8221;https:\/\/www.youtube.com\/watch?v=0aEK15ohZmg&#8221;][\/vc_toggle][mk_button dimension=&#8221;two&#8221; size=&#8221;medium&#8221; icon=&#8221;mk-moon-file-pdf&#8221; url=&#8221;#\/workflowdesigner_pdf&#8221; fullwidth=&#8221;true&#8221;]Trix Workflow Designer[\/mk_button][mk_button dimension=&#8221;two&#8221; size=&#8221;medium&#8221; icon=&#8221;mk-moon-file-download&#8221; url=&#8221;#\/workflowdesigner_us_demo&#8221; fullwidth=&#8221;true&#8221;]Beg\u00e4r demo![\/mk_button][mk_button dimension=&#8221;two&#8221; size=&#8221;medium&#8221; icon=&#8221;mk-li-shop&#8221; url=&#8221;#\/koplicens&#8221; fullwidth=&#8221;true&#8221; el_class=&#8221;disabled&#8221; bg_color=&#8221;#8a6041&#8243;]K\u00f6p licens[\/mk_button][mk_padding_divider][vc_tabs style=&#8221;simple&#8221; container_bg_color=&#8221;#ffffff&#8221; el_class=&#8221;trix-tabs&#8221;][vc_tab title=&#8221;FUNKTIONER&#8221; tab_id=&#8221;1437656212997-3-69a36-7625bf94-e80b&#8221;][vc_column_text el_class=&#8221;square-bullet&#8221; css=&#8221;.vc_custom_1664551814690{margin-bottom: 0px !important;}&#8221;]Trix Workflow Designer 7 har funktioner f\u00f6r att styra aktiviteter och dess h\u00e4ndelser. Resultatet anv\u00e4nds i Trix Organizer 7, Trix ProjectAccess 7 och Trix AssetManager 7. Funktionerna g\u00f6rs tillg\u00e4ngliga i dessa program och anv\u00e4nds d\u00e4rifr\u00e5n.<\/p>\n<p>Trix Workflow Designer 7 \u00e4r endast avsett f\u00f6r att definiera arbetsfl\u00f6dena.<\/p>\n<p>Funktionerna anv\u00e4nds f\u00f6r att definiera \u00f6nskade aktiviteter som sedan anv\u00e4nds f\u00f6r att skapa arbetsfl\u00f6den. H\u00e4r \u00e4r n\u00e5gra exempel:<\/p>\n<ul>\n<li>Definiera arbetsprocesser<\/li>\n<li>Fastst\u00e4llande av dom\u00e4nprocesser<\/li>\n<li>Definiera faser och statusv\u00e4rden.<\/li>\n<li>L\u00e4nka anv\u00e4ndare och grupper.<\/li>\n<li>Skapa arbetsfl\u00f6den<\/li>\n<\/ul>\n[\/vc_column_text][\/vc_tab][vc_tab title=&#8221;SK\u00c4RMSKOTT&#8221; tab_id=&#8221;1437656199123-2-79a36-7625bf94-e80b&#8221;][mk_image src=&#8221;https:\/\/trixsystems.com\/wp-content\/uploads\/sites\/2\/2015\/02\/wf22.png&#8221; image_width=&#8221;150&#8243; image_height=&#8221;150&#8243; lightbox=&#8221;true&#8221;][mk_image src=&#8221;https:\/\/trixsystems.com\/wp-content\/uploads\/sites\/2\/2015\/02\/wf1-small.png&#8221; image_width=&#8221;150&#8243; image_height=&#8221;150&#8243; lightbox=&#8221;true&#8221;][\/vc_tab][vc_tab title=&#8221;TEKNIK&#8221; tab_id=&#8221;1437656226012-4-79a36-7625bf94-e80b&#8221;][vc_column_text css=&#8221;.vc_custom_1632488479368{margin-bottom: 0px !important;}&#8221;]Trix Workflow Designer 7 installeras separat p\u00e5 programservern med tillg\u00e5ng till Trix-databasen. Programmet fungerar i bakgrunden som en tj\u00e4nst f\u00f6r Trix Organizer 7, Trix ProjectAccess 7 och Trix FastDoc 7.<\/p>\n<p>Konfigurationen skapar olika definitioner som kan exporteras och importeras som xml-filer och flyttas mellan olika installationer.[\/vc_column_text][\/vc_tab][vc_tab title=&#8221;LICENSIERING&#8221; tab_id=&#8221;1440877027058-5-8bf94-e80b&#8221;][vc_column_text css=&#8221;.vc_custom_1662714153847{margin-bottom: 0px !important;}&#8221;]Trix Systems License Manager ger dig direkt kontroll \u00f6ver dina Trix-licenser och ger dig en snabb \u00f6verblick \u00f6ver hur m\u00e5nga licenser som finns tillg\u00e4ngliga f\u00f6r ett program och hur m\u00e5nga av dessa licenser som anv\u00e4nds. Det \u00e4r m\u00f6jligt att hantera licenserna, till exempel omf\u00f6rdela licenser eller \u00e4ndra antalet licenser genom att l\u00e4gga till nya licenskoder.<\/p>\n<p>Trix WorkFlow Designer anv\u00e4nder FullEdit-licenser f\u00f6r att skapa och administrera arbetsfl\u00f6den. Dessa blir sedan till\u00e4mpade i andra installerade Trix-produkter.[\/vc_column_text][vc_toggle title=&#8221;Trix Workflow Designer 7 FullEdit&#8221; el_id=&#8221;1506880353049-acb9cfa5-d5d6&#8243; el_class=&#8221;faq-style&#8221;]Inneh\u00e5ller all redigering, hantering och funktioner som redigering, datainmatning och dokumenthantering och \u00e4r avsedd f\u00f6r anv\u00e4ndare som beh\u00f6ver utf\u00f6ra avancerade uppgifter i samband med dokument- och informationshantering.[\/vc_toggle][\/vc_tab][\/vc_tabs][\/vc_column][\/vc_row]\n<\/div>","protected":false},"excerpt":{"rendered":"<p>[vc_row fullwidth=&#8221;true&#8221;][vc_column][layerslider_vc id=&#8221;20&#8243;][\/vc_column][\/vc_row][vc_row][vc_column width=&#8221;2\/3&#8243;][vc_column_text css=&#8221;.vc_custom_1632487765826{margin-bottom: 0px !important;padding-bottom: 10px !important;}&#8221;] Verktyg f\u00f6r utformning av arbetsfl\u00f6den Trix Workflow Designer 7 \u00e4r en modul f\u00f6r arbetsfl\u00f6de och \u00e4ndringshantering som hj\u00e4lper dig att automatisera arbetsprocesser och kvalitetskontrollera livscykeln f\u00f6r din f\u00f6retagsinformation. Med den h\u00e4r modulen kan olika Trix-produkter anv\u00e4nda standardiserade procedurer inom olika f\u00f6rdefinierade arbetsfl\u00f6den.[\/vc_column_text][vc_column_text css=&#8221;.vc_custom_1664551282683{margin-bottom: 0px !important;padding-bottom: 20px [&hellip;]<\/p>\n","protected":false},"author":3,"featured_media":0,"parent":6200,"menu_order":0,"comment_status":"open","ping_status":"closed","template":"","meta":{"_acf_changed":false,"footnotes":""},"class_list":["post-4574","page","type-page","status-publish","hentry"],"translation":{"provider":"WPGlobus","version":"3.0.2","language":"sv","enabled_languages":["en","sv"],"languages":{"en":{"title":true,"content":true,"excerpt":false},"sv":{"title":true,"content":true,"excerpt":false}}},"acf":[],"yoast_head":"<!-- This site is optimized with the Yoast SEO plugin v27.4 - https:\/\/yoast.com\/product\/yoast-seo-wordpress\/ -->\n<title>Trix Workflow Designer - Trix Systems<\/title>\n<meta name=\"robots\" content=\"index, follow, max-snippet:-1, max-image-preview:large, max-video-preview:-1\" \/>\n<link rel=\"canonical\" href=\"https:\/\/trixsystems.com\/products\/trix-workflow-designer\/\" \/>\n<meta property=\"og:locale\" content=\"sv_SE\" \/>\n<meta property=\"og:type\" content=\"article\" \/>\n<meta property=\"og:title\" content=\"Trix Workflow Designer - Trix Systems\" \/>\n<meta property=\"og:url\" content=\"https:\/\/trixsystems.com\/products\/trix-workflow-designer\/\" \/>\n<meta property=\"og:site_name\" content=\"Trix Systems\" \/>\n<meta property=\"article:modified_time\" content=\"2025-06-16T12:36:39+00:00\" \/>\n<meta name=\"twitter:label1\" content=\"Ber\u00e4knad l\u00e4stid\" \/>\n\t<meta name=\"twitter:data1\" content=\"4 minuter\" \/>\n<script type=\"application\/ld+json\" class=\"yoast-schema-graph\">{\"@context\":\"https:\\\/\\\/schema.org\",\"@graph\":[{\"@type\":\"WebPage\",\"@id\":\"https:\\\/\\\/trixsystems.com\\\/products\\\/trix-workflow-designer\\\/\",\"url\":\"https:\\\/\\\/trixsystems.com\\\/products\\\/trix-workflow-designer\\\/\",\"name\":\"Trix Workflow Designer - Trix Systems\",\"isPartOf\":{\"@id\":\"https:\\\/\\\/trixsystems.com\\\/sv\\\/#website\"},\"datePublished\":\"2015-02-06T18:08:38+00:00\",\"dateModified\":\"2025-06-16T12:36:39+00:00\",\"description\":\"Trix Workflow Designer hj\u00e4lper dig att skapa, styra och visualisera tekniska arbetsfl\u00f6den \u2013 f\u00f6r b\u00e4ttre kontroll, sp\u00e5rbarhet och dokumentfl\u00f6de.\",\"breadcrumb\":{\"@id\":\"https:\\\/\\\/trixsystems.com\\\/products\\\/trix-workflow-designer\\\/#breadcrumb\"},\"inLanguage\":\"sv-SE\",\"potentialAction\":[{\"@type\":\"ReadAction\",\"target\":[\"https:\\\/\\\/trixsystems.com\\\/products\\\/trix-workflow-designer\\\/\"]}]},{\"@type\":\"BreadcrumbList\",\"@id\":\"https:\\\/\\\/trixsystems.com\\\/products\\\/trix-workflow-designer\\\/#breadcrumb\",\"itemListElement\":[{\"@type\":\"ListItem\",\"position\":1,\"name\":\"Hem\",\"item\":\"https:\\\/\\\/trixsystems.com\\\/sv\\\/\"},{\"@type\":\"ListItem\",\"position\":2,\"name\":\"Products\",\"item\":\"https:\\\/\\\/trixsystems.com\\\/products\\\/\"},{\"@type\":\"ListItem\",\"position\":3,\"name\":\"Trix Workflow Designer\"}]},{\"@type\":\"WebSite\",\"@id\":\"https:\\\/\\\/trixsystems.com\\\/sv\\\/#website\",\"url\":\"https:\\\/\\\/trixsystems.com\\\/sv\\\/\",\"name\":\"Trix Systems\",\"description\":\"Trix Systems\",\"publisher\":{\"@id\":\"https:\\\/\\\/trixsystems.com\\\/sv\\\/#organization\"},\"potentialAction\":[{\"@type\":\"SearchAction\",\"target\":{\"@type\":\"EntryPoint\",\"urlTemplate\":\"https:\\\/\\\/trixsystems.com\\\/sv\\\/?s={search_term_string}\"},\"query-input\":{\"@type\":\"PropertyValueSpecification\",\"valueRequired\":true,\"valueName\":\"search_term_string\"}}],\"inLanguage\":\"sv-SE\"},{\"@type\":\"Organization\",\"@id\":\"https:\\\/\\\/trixsystems.com\\\/sv\\\/#organization\",\"name\":\"Trix Systems\",\"url\":\"https:\\\/\\\/trixsystems.com\\\/sv\\\/\",\"logo\":{\"@type\":\"ImageObject\",\"inLanguage\":\"sv-SE\",\"@id\":\"https:\\\/\\\/trixsystems.com\\\/sv\\\/#\\\/schema\\\/logo\\\/image\\\/\",\"url\":\"https:\\\/\\\/trixsystems.com\\\/wp-content\\\/uploads\\\/sites\\\/2\\\/2014\\\/03\\\/trixsystems_logo.png\",\"contentUrl\":\"https:\\\/\\\/trixsystems.com\\\/wp-content\\\/uploads\\\/sites\\\/2\\\/2014\\\/03\\\/trixsystems_logo.png\",\"width\":322,\"height\":54,\"caption\":\"Trix Systems\"},\"image\":{\"@id\":\"https:\\\/\\\/trixsystems.com\\\/sv\\\/#\\\/schema\\\/logo\\\/image\\\/\"}}]}<\/script>\n<!-- \/ Yoast SEO plugin. -->","yoast_head_json":{"title":"Trix Workflow Designer - Trix Systems","robots":{"index":"index","follow":"follow","max-snippet":"max-snippet:-1","max-image-preview":"max-image-preview:large","max-video-preview":"max-video-preview:-1"},"canonical":"https:\/\/trixsystems.com\/products\/trix-workflow-designer\/","og_locale":"sv_SE","og_type":"article","og_title":"Trix Workflow Designer - Trix Systems","og_url":"https:\/\/trixsystems.com\/products\/trix-workflow-designer\/","og_site_name":"Trix Systems","article_modified_time":"2025-06-16T12:36:39+00:00","twitter_misc":{"Ber\u00e4knad l\u00e4stid":"4 minuter"},"schema":{"@context":"https:\/\/schema.org","@graph":[{"@type":"WebPage","@id":"https:\/\/trixsystems.com\/products\/trix-workflow-designer\/","url":"https:\/\/trixsystems.com\/products\/trix-workflow-designer\/","name":"Trix Workflow Designer - Trix Systems","isPartOf":{"@id":"https:\/\/trixsystems.com\/sv\/#website"},"datePublished":"2015-02-06T18:08:38+00:00","dateModified":"2025-06-16T12:36:39+00:00","description":"Trix Workflow Designer hj\u00e4lper dig att skapa, styra och visualisera tekniska arbetsfl\u00f6den \u2013 f\u00f6r b\u00e4ttre kontroll, sp\u00e5rbarhet och dokumentfl\u00f6de.","breadcrumb":{"@id":"https:\/\/trixsystems.com\/products\/trix-workflow-designer\/#breadcrumb"},"inLanguage":"sv-SE","potentialAction":[{"@type":"ReadAction","target":["https:\/\/trixsystems.com\/products\/trix-workflow-designer\/"]}]},{"@type":"BreadcrumbList","@id":"https:\/\/trixsystems.com\/products\/trix-workflow-designer\/#breadcrumb","itemListElement":[{"@type":"ListItem","position":1,"name":"Hem","item":"https:\/\/trixsystems.com\/sv\/"},{"@type":"ListItem","position":2,"name":"Products","item":"https:\/\/trixsystems.com\/products\/"},{"@type":"ListItem","position":3,"name":"Trix Workflow Designer"}]},{"@type":"WebSite","@id":"https:\/\/trixsystems.com\/sv\/#website","url":"https:\/\/trixsystems.com\/sv\/","name":"Trix Systems","description":"Trix Systems","publisher":{"@id":"https:\/\/trixsystems.com\/sv\/#organization"},"potentialAction":[{"@type":"SearchAction","target":{"@type":"EntryPoint","urlTemplate":"https:\/\/trixsystems.com\/sv\/?s={search_term_string}"},"query-input":{"@type":"PropertyValueSpecification","valueRequired":true,"valueName":"search_term_string"}}],"inLanguage":"sv-SE"},{"@type":"Organization","@id":"https:\/\/trixsystems.com\/sv\/#organization","name":"Trix Systems","url":"https:\/\/trixsystems.com\/sv\/","logo":{"@type":"ImageObject","inLanguage":"sv-SE","@id":"https:\/\/trixsystems.com\/sv\/#\/schema\/logo\/image\/","url":"https:\/\/trixsystems.com\/wp-content\/uploads\/sites\/2\/2014\/03\/trixsystems_logo.png","contentUrl":"https:\/\/trixsystems.com\/wp-content\/uploads\/sites\/2\/2014\/03\/trixsystems_logo.png","width":322,"height":54,"caption":"Trix Systems"},"image":{"@id":"https:\/\/trixsystems.com\/sv\/#\/schema\/logo\/image\/"}}]}},"_links":{"self":[{"href":"https:\/\/trixsystems.com\/sv\/wp-json\/wp\/v2\/pages\/4574","targetHints":{"allow":["GET"]}}],"collection":[{"href":"https:\/\/trixsystems.com\/sv\/wp-json\/wp\/v2\/pages"}],"about":[{"href":"https:\/\/trixsystems.com\/sv\/wp-json\/wp\/v2\/types\/page"}],"author":[{"embeddable":true,"href":"https:\/\/trixsystems.com\/sv\/wp-json\/wp\/v2\/users\/3"}],"replies":[{"embeddable":true,"href":"https:\/\/trixsystems.com\/sv\/wp-json\/wp\/v2\/comments?post=4574"}],"version-history":[{"count":10,"href":"https:\/\/trixsystems.com\/sv\/wp-json\/wp\/v2\/pages\/4574\/revisions"}],"predecessor-version":[{"id":9135,"href":"https:\/\/trixsystems.com\/sv\/wp-json\/wp\/v2\/pages\/4574\/revisions\/9135"}],"up":[{"embeddable":true,"href":"https:\/\/trixsystems.com\/sv\/wp-json\/wp\/v2\/pages\/6200"}],"wp:attachment":[{"href":"https:\/\/trixsystems.com\/sv\/wp-json\/wp\/v2\/media?parent=4574"}],"curies":[{"name":"wp","href":"https:\/\/api.w.org\/{rel}","templated":true}]}}