{"id":4641,"date":"2015-02-08T19:29:02","date_gmt":"2015-02-08T18:29:02","guid":{"rendered":"http:\/\/trixsystems.se\/?page_id=4641"},"modified":"2025-06-16T17:03:34","modified_gmt":"2025-06-16T15:03:34","slug":"trix-online-services","status":"publish","type":"page","link":"https:\/\/trixsystems.com\/sv\/trix-online-services\/","title":{"rendered":"Trix Online Services"},"content":{"rendered":"<div class=\"wpb-content-wrapper\">[vc_row][vc_column][layerslider_vc id=&#8221;41&#8243;][\/vc_column][\/vc_row][vc_row][vc_column width=&#8221;1\/2&#8243;][mk_icon_box icon=&#8221;mk-moon-seven-segment-1&#8243; title=&#8221;Helpdesk&#8221; text_size=&#8221;20&#8243; style=&#8221;boxed&#8221; icon_color=&#8221;#ffffff&#8221; margin=&#8221;15&#8243; el_class=&#8221;specialiconfix boxheight&#8221;]Helpdesken \u00e4r bemannad p\u00e5 dagtid CET (Central European Time) mellan 7.00 \u2013 19.00, och vid EDT (Eastern Daylite Time, American) mellan 7 am \u2013 7 pm.[\/mk_icon_box][\/vc_column][vc_column width=&#8221;1\/2&#8243;][mk_icon_box icon=&#8221;mk-moon-seven-segment-2&#8243; title=&#8221;Chatt-service&#8221; text_size=&#8221;20&#8243; style=&#8221;boxed&#8221; icon_color=&#8221;#ffffff&#8221; el_class=&#8221;boxheight&#8221;]Chatten \u00e4r direkt tillg\u00e4nglig. \u00e4rendet behandlas direkt eller fortast m\u00f6jligt.[\/mk_icon_box][\/vc_column][\/vc_row][vc_row][vc_column width=&#8221;1\/2&#8243;][mk_icon_box icon=&#8221;mk-moon-seven-segment-3&#8243; title=&#8221;Specialistservice&#8221; style=&#8221;boxed&#8221; icon_color=&#8221;#ffffff&#8221; el_class=&#8221;boxheight&#8221;]Vissa specialisttj\u00e4nster kr\u00e4ver planerad tidbokning. Dessa m\u00e5ste bokas efter \u00f6verenskommelse.[\/mk_icon_box][\/vc_column][vc_column width=&#8221;1\/2&#8243;][mk_icon_box icon=&#8221;mk-moon-seven-segment-4&#8243; title=&#8221;Sj\u00e4lvstudiekurser&#8221; style=&#8221;boxed&#8221; icon_color=&#8221;#ffffff&#8221; el_class=&#8221;boxheight&#8221;]Vi tillhandah\u00e5ller b\u00e5de digitala manualer, instruktionsfilmer och sj\u00e4lvstudiekurser till avtalskunder.[\/mk_icon_box][\/vc_column][\/vc_row]\n<\/div>","protected":false},"excerpt":{"rendered":"<p>[vc_row][vc_column][layerslider_vc id=&#8221;41&#8243;][\/vc_column][\/vc_row][vc_row][vc_column width=&#8221;1\/2&#8243;][mk_icon_box icon=&#8221;mk-moon-seven-segment-1&#8243; title=&#8221;Helpdesk&#8221; text_size=&#8221;20&#8243; style=&#8221;boxed&#8221; icon_color=&#8221;#ffffff&#8221; margin=&#8221;15&#8243; el_class=&#8221;specialiconfix boxheight&#8221;]Helpdesken \u00e4r bemannad p\u00e5 dagtid CET (Central European Time) mellan 7.00 \u2013 19.00, och vid EDT (Eastern Daylite Time, American) mellan 7 am \u2013 7 pm.[\/mk_icon_box][\/vc_column][vc_column width=&#8221;1\/2&#8243;][mk_icon_box icon=&#8221;mk-moon-seven-segment-2&#8243; title=&#8221;Chatt-service&#8221; text_size=&#8221;20&#8243; style=&#8221;boxed&#8221; icon_color=&#8221;#ffffff&#8221; el_class=&#8221;boxheight&#8221;]Chatten \u00e4r direkt tillg\u00e4nglig. \u00e4rendet behandlas direkt eller fortast m\u00f6jligt.[\/mk_icon_box][\/vc_column][\/vc_row][vc_row][vc_column width=&#8221;1\/2&#8243;][mk_icon_box icon=&#8221;mk-moon-seven-segment-3&#8243; title=&#8221;Specialistservice&#8221; [&hellip;]<\/p>\n","protected":false},"author":3,"featured_media":0,"parent":0,"menu_order":0,"comment_status":"open","ping_status":"closed","template":"","meta":{"_acf_changed":false,"footnotes":""},"class_list":["post-4641","page","type-page","status-publish","hentry"],"translation":{"provider":"WPGlobus","version":"3.0.2","language":"sv","enabled_languages":["en","sv"],"languages":{"en":{"title":true,"content":true,"excerpt":false},"sv":{"title":true,"content":true,"excerpt":false}}},"acf":[],"yoast_head":"<!-- This site is optimized with the Yoast SEO plugin v27.4 - https:\/\/yoast.com\/product\/yoast-seo-wordpress\/ -->\n<title>Trix Online Services - Trix Systems<\/title>\n<meta name=\"robots\" content=\"index, follow, max-snippet:-1, max-image-preview:large, max-video-preview:-1\" \/>\n<link rel=\"canonical\" href=\"https:\/\/trixsystems.com\/trix-online-services\/\" \/>\n<meta property=\"og:locale\" content=\"sv_SE\" \/>\n<meta property=\"og:type\" content=\"article\" \/>\n<meta property=\"og:title\" content=\"Trix Online Services - Trix Systems\" \/>\n<meta property=\"og:url\" content=\"https:\/\/trixsystems.com\/trix-online-services\/\" \/>\n<meta property=\"og:site_name\" content=\"Trix Systems\" \/>\n<meta property=\"article:modified_time\" content=\"2025-06-16T15:03:34+00:00\" \/>\n<meta name=\"twitter:label1\" content=\"Ber\u00e4knad l\u00e4stid\" \/>\n\t<meta name=\"twitter:data1\" content=\"1 minut\" \/>\n<script type=\"application\/ld+json\" class=\"yoast-schema-graph\">{\"@context\":\"https:\\\/\\\/schema.org\",\"@graph\":[{\"@type\":\"WebPage\",\"@id\":\"https:\\\/\\\/trixsystems.com\\\/trix-online-services\\\/\",\"url\":\"https:\\\/\\\/trixsystems.com\\\/trix-online-services\\\/\",\"name\":\"Trix Online Services - Trix Systems\",\"isPartOf\":{\"@id\":\"https:\\\/\\\/trixsystems.com\\\/#website\"},\"datePublished\":\"2015-02-08T18:29:02+00:00\",\"dateModified\":\"2025-06-16T15:03:34+00:00\",\"description\":\"Med Trix Online Services f\u00e5r du hj\u00e4lp direkt via helpdesk och chatt, bokade specialisttj\u00e4nster och digitala kurser \u2013 effektiv teknisk support.\",\"breadcrumb\":{\"@id\":\"https:\\\/\\\/trixsystems.com\\\/trix-online-services\\\/#breadcrumb\"},\"inLanguage\":\"sv-SE\",\"potentialAction\":[{\"@type\":\"ReadAction\",\"target\":[\"https:\\\/\\\/trixsystems.com\\\/trix-online-services\\\/\"]}]},{\"@type\":\"BreadcrumbList\",\"@id\":\"https:\\\/\\\/trixsystems.com\\\/trix-online-services\\\/#breadcrumb\",\"itemListElement\":[{\"@type\":\"ListItem\",\"position\":1,\"name\":\"Hem\",\"item\":\"https:\\\/\\\/trixsystems.com\\\/\"},{\"@type\":\"ListItem\",\"position\":2,\"name\":\"Trix Online Services\"}]},{\"@type\":\"WebSite\",\"@id\":\"https:\\\/\\\/trixsystems.com\\\/#website\",\"url\":\"https:\\\/\\\/trixsystems.com\\\/\",\"name\":\"Trix Systems\",\"description\":\"Trix Systems\",\"publisher\":{\"@id\":\"https:\\\/\\\/trixsystems.com\\\/#organization\"},\"potentialAction\":[{\"@type\":\"SearchAction\",\"target\":{\"@type\":\"EntryPoint\",\"urlTemplate\":\"https:\\\/\\\/trixsystems.com\\\/?s={search_term_string}\"},\"query-input\":{\"@type\":\"PropertyValueSpecification\",\"valueRequired\":true,\"valueName\":\"search_term_string\"}}],\"inLanguage\":\"sv-SE\"},{\"@type\":\"Organization\",\"@id\":\"https:\\\/\\\/trixsystems.com\\\/#organization\",\"name\":\"Trix Systems\",\"url\":\"https:\\\/\\\/trixsystems.com\\\/\",\"logo\":{\"@type\":\"ImageObject\",\"inLanguage\":\"sv-SE\",\"@id\":\"https:\\\/\\\/trixsystems.com\\\/#\\\/schema\\\/logo\\\/image\\\/\",\"url\":\"https:\\\/\\\/trixsystems.com\\\/wp-content\\\/uploads\\\/sites\\\/2\\\/2014\\\/03\\\/trixsystems_logo.png\",\"contentUrl\":\"https:\\\/\\\/trixsystems.com\\\/wp-content\\\/uploads\\\/sites\\\/2\\\/2014\\\/03\\\/trixsystems_logo.png\",\"width\":322,\"height\":54,\"caption\":\"Trix Systems\"},\"image\":{\"@id\":\"https:\\\/\\\/trixsystems.com\\\/#\\\/schema\\\/logo\\\/image\\\/\"}}]}<\/script>\n<!-- \/ Yoast SEO plugin. -->","yoast_head_json":{"title":"Trix Online Services - Trix Systems","robots":{"index":"index","follow":"follow","max-snippet":"max-snippet:-1","max-image-preview":"max-image-preview:large","max-video-preview":"max-video-preview:-1"},"canonical":"https:\/\/trixsystems.com\/trix-online-services\/","og_locale":"sv_SE","og_type":"article","og_title":"Trix Online Services - Trix Systems","og_url":"https:\/\/trixsystems.com\/trix-online-services\/","og_site_name":"Trix Systems","article_modified_time":"2025-06-16T15:03:34+00:00","twitter_misc":{"Ber\u00e4knad l\u00e4stid":"1 minut"},"schema":{"@context":"https:\/\/schema.org","@graph":[{"@type":"WebPage","@id":"https:\/\/trixsystems.com\/trix-online-services\/","url":"https:\/\/trixsystems.com\/trix-online-services\/","name":"Trix Online Services - Trix Systems","isPartOf":{"@id":"https:\/\/trixsystems.com\/#website"},"datePublished":"2015-02-08T18:29:02+00:00","dateModified":"2025-06-16T15:03:34+00:00","description":"Med Trix Online Services f\u00e5r du hj\u00e4lp direkt via helpdesk och chatt, bokade specialisttj\u00e4nster och digitala kurser \u2013 effektiv teknisk support.","breadcrumb":{"@id":"https:\/\/trixsystems.com\/trix-online-services\/#breadcrumb"},"inLanguage":"sv-SE","potentialAction":[{"@type":"ReadAction","target":["https:\/\/trixsystems.com\/trix-online-services\/"]}]},{"@type":"BreadcrumbList","@id":"https:\/\/trixsystems.com\/trix-online-services\/#breadcrumb","itemListElement":[{"@type":"ListItem","position":1,"name":"Hem","item":"https:\/\/trixsystems.com\/"},{"@type":"ListItem","position":2,"name":"Trix Online Services"}]},{"@type":"WebSite","@id":"https:\/\/trixsystems.com\/#website","url":"https:\/\/trixsystems.com\/","name":"Trix Systems","description":"Trix Systems","publisher":{"@id":"https:\/\/trixsystems.com\/#organization"},"potentialAction":[{"@type":"SearchAction","target":{"@type":"EntryPoint","urlTemplate":"https:\/\/trixsystems.com\/?s={search_term_string}"},"query-input":{"@type":"PropertyValueSpecification","valueRequired":true,"valueName":"search_term_string"}}],"inLanguage":"sv-SE"},{"@type":"Organization","@id":"https:\/\/trixsystems.com\/#organization","name":"Trix Systems","url":"https:\/\/trixsystems.com\/","logo":{"@type":"ImageObject","inLanguage":"sv-SE","@id":"https:\/\/trixsystems.com\/#\/schema\/logo\/image\/","url":"https:\/\/trixsystems.com\/wp-content\/uploads\/sites\/2\/2014\/03\/trixsystems_logo.png","contentUrl":"https:\/\/trixsystems.com\/wp-content\/uploads\/sites\/2\/2014\/03\/trixsystems_logo.png","width":322,"height":54,"caption":"Trix Systems"},"image":{"@id":"https:\/\/trixsystems.com\/#\/schema\/logo\/image\/"}}]}},"_links":{"self":[{"href":"https:\/\/trixsystems.com\/sv\/wp-json\/wp\/v2\/pages\/4641","targetHints":{"allow":["GET"]}}],"collection":[{"href":"https:\/\/trixsystems.com\/sv\/wp-json\/wp\/v2\/pages"}],"about":[{"href":"https:\/\/trixsystems.com\/sv\/wp-json\/wp\/v2\/types\/page"}],"author":[{"embeddable":true,"href":"https:\/\/trixsystems.com\/sv\/wp-json\/wp\/v2\/users\/3"}],"replies":[{"embeddable":true,"href":"https:\/\/trixsystems.com\/sv\/wp-json\/wp\/v2\/comments?post=4641"}],"version-history":[{"count":10,"href":"https:\/\/trixsystems.com\/sv\/wp-json\/wp\/v2\/pages\/4641\/revisions"}],"predecessor-version":[{"id":9146,"href":"https:\/\/trixsystems.com\/sv\/wp-json\/wp\/v2\/pages\/4641\/revisions\/9146"}],"wp:attachment":[{"href":"https:\/\/trixsystems.com\/sv\/wp-json\/wp\/v2\/media?parent=4641"}],"curies":[{"name":"wp","href":"https:\/\/api.w.org\/{rel}","templated":true}]}}