{"id":4647,"date":"2015-02-08T19:39:51","date_gmt":"2015-02-08T18:39:51","guid":{"rendered":"http:\/\/trixsystems.se\/?page_id=4647"},"modified":"2025-06-16T17:29:46","modified_gmt":"2025-06-16T15:29:46","slug":"software-supplier","status":"publish","type":"page","link":"https:\/\/trixsystems.com\/sv\/software-supplier\/","title":{"rendered":"Programleverant\u00f6r"},"content":{"rendered":"<div class=\"wpb-content-wrapper\">[vc_row][vc_column width=&#8221;2\/3&#8243;][vc_column_text css=&#8221;.vc_custom_1663103271810{margin-bottom: 0px !important;}&#8221;]\n<h1>Programleverant\u00f6r<\/h1>\n<p><strong>Trix Systems AB<\/strong> utvecklar produkterna inom omr\u00e5det bildbearbetning och dokument- och ritningshantering. Trix Systems ABs aff\u00e4rsid\u00e9 har fr\u00e5n b\u00f6rjan varit att utveckla mjukvara som g\u00f6r det m\u00f6jligt f\u00f6r anv\u00e4ndare att p\u00e5 ett mer effektivt s\u00e4tt tillgodog\u00f6ra sig ritningar p\u00e5 papper, bildkort eller annat analogt media i sin datormilj\u00f6.<\/p>\n<p><strong>Provanum AB<\/strong> \u00e4r specialiserat p\u00e5 att tillhandah\u00e5lla system, tj\u00e4nster och support som optimerar hanteringen av ingenj\u00f6rsbaserad information. Resultatet blir f\u00f6rb\u00e4ttrad effektivitet, kvalitet och samarbete samt \u00f6kad l\u00f6nsamhet. Bolaget levererar flera egenutvecklade produkter under produktnamnet Trix, samt d\u00e4rtill h\u00f6rande tj\u00e4nster.<\/p>\n<p>I USA finns <strong>Trix Systems Inc<\/strong>, ett dotterbolag som agerar som ett s\u00e4ljkontor p\u00e5 den amerikanska marknaden.<\/p>\n<p>V\u00e5r gemensamma aff\u00e4rsid\u00e9 bygger p\u00e5 att hj\u00e4lpa v\u00e5ra kunder att \u00f6ka tillg\u00e4ngligheten och rationalisera hanteringen av information. Vi hj\u00e4lper v\u00e5ra kunder att bli mer effektiva genom att \u00f6ka tillg\u00e4ngligheten till och rationalisera hanteringen av ingenj\u00f6rsbaserad information. Ritningar och andra dokument samt annan ingenj\u00f6rsdokumentation \u00e4r exempel. Dessutom tillhandah\u00e5ller Trix-produkterna st\u00f6d till kundernas arbetsprocesser kring f\u00f6r\u00e4ndringen av ingenj\u00f6rsdokumentationen samt tillh\u00f6rande \u00e4renden och kvalitetskontroller.<\/p>\n<p>Se <a href=\"https:\/\/provanum.com\" target=\"_blank\" rel=\"noopener noreferrer\">www.provanum.se<\/a>[\/vc_column_text][\/vc_column][vc_column width=&#8221;1\/3&#8243;][vc_single_image image=&#8221;6215&#8243; img_size=&#8221;full&#8221;][\/vc_column][\/vc_row]\n<\/div>","protected":false},"excerpt":{"rendered":"<p>[vc_row][vc_column width=&#8221;2\/3&#8243;][vc_column_text css=&#8221;.vc_custom_1663103271810{margin-bottom: 0px !important;}&#8221;] Programleverant\u00f6r Trix Systems AB utvecklar produkterna inom omr\u00e5det bildbearbetning och dokument- och ritningshantering. Trix Systems ABs aff\u00e4rsid\u00e9 har fr\u00e5n b\u00f6rjan varit att utveckla mjukvara som g\u00f6r det m\u00f6jligt f\u00f6r anv\u00e4ndare att p\u00e5 ett mer effektivt s\u00e4tt tillgodog\u00f6ra sig ritningar p\u00e5 papper, bildkort eller annat analogt media i sin datormilj\u00f6. Provanum [&hellip;]<\/p>\n","protected":false},"author":3,"featured_media":0,"parent":0,"menu_order":0,"comment_status":"open","ping_status":"closed","template":"","meta":{"_acf_changed":false,"footnotes":""},"class_list":["post-4647","page","type-page","status-publish","hentry"],"translation":{"provider":"WPGlobus","version":"3.0.2","language":"sv","enabled_languages":["en","sv"],"languages":{"en":{"title":true,"content":true,"excerpt":false},"sv":{"title":true,"content":true,"excerpt":false}}},"acf":[],"yoast_head":"<!-- This site is optimized with the Yoast SEO plugin v27.4 - https:\/\/yoast.com\/product\/yoast-seo-wordpress\/ -->\n<title>Programleverant\u00f6r - Trix Systems<\/title>\n<meta name=\"robots\" content=\"index, follow, max-snippet:-1, max-image-preview:large, max-video-preview:-1\" \/>\n<link rel=\"canonical\" href=\"https:\/\/trixsystems.com\/software-supplier\/\" \/>\n<meta property=\"og:locale\" content=\"sv_SE\" \/>\n<meta property=\"og:type\" content=\"article\" \/>\n<meta property=\"og:title\" content=\"Programleverant\u00f6r - Trix Systems\" \/>\n<meta property=\"og:url\" content=\"https:\/\/trixsystems.com\/software-supplier\/\" \/>\n<meta property=\"og:site_name\" content=\"Trix Systems\" \/>\n<meta property=\"article:modified_time\" content=\"2025-06-16T15:29:46+00:00\" \/>\n<meta name=\"twitter:label1\" content=\"Ber\u00e4knad l\u00e4stid\" \/>\n\t<meta name=\"twitter:data1\" content=\"1 minut\" \/>\n<script type=\"application\/ld+json\" class=\"yoast-schema-graph\">{\"@context\":\"https:\\\/\\\/schema.org\",\"@graph\":[{\"@type\":\"WebPage\",\"@id\":\"https:\\\/\\\/trixsystems.com\\\/software-supplier\\\/\",\"url\":\"https:\\\/\\\/trixsystems.com\\\/software-supplier\\\/\",\"name\":\"Programleverant\u00f6r - Trix Systems\",\"isPartOf\":{\"@id\":\"https:\\\/\\\/trixsystems.com\\\/sv\\\/#website\"},\"datePublished\":\"2015-02-08T18:39:51+00:00\",\"dateModified\":\"2025-06-16T15:29:46+00:00\",\"description\":\"Trix Systems som programvaruleverant\u00f6r levererar CAD- och dokumentl\u00f6sningar med fokus p\u00e5 kvalitet, anpassning och tekniskt partnerskap.\",\"breadcrumb\":{\"@id\":\"https:\\\/\\\/trixsystems.com\\\/software-supplier\\\/#breadcrumb\"},\"inLanguage\":\"sv-SE\",\"potentialAction\":[{\"@type\":\"ReadAction\",\"target\":[\"https:\\\/\\\/trixsystems.com\\\/software-supplier\\\/\"]}]},{\"@type\":\"BreadcrumbList\",\"@id\":\"https:\\\/\\\/trixsystems.com\\\/software-supplier\\\/#breadcrumb\",\"itemListElement\":[{\"@type\":\"ListItem\",\"position\":1,\"name\":\"Hem\",\"item\":\"https:\\\/\\\/trixsystems.com\\\/sv\\\/\"},{\"@type\":\"ListItem\",\"position\":2,\"name\":\"Software supplier\"}]},{\"@type\":\"WebSite\",\"@id\":\"https:\\\/\\\/trixsystems.com\\\/sv\\\/#website\",\"url\":\"https:\\\/\\\/trixsystems.com\\\/sv\\\/\",\"name\":\"Trix Systems\",\"description\":\"Trix Systems\",\"publisher\":{\"@id\":\"https:\\\/\\\/trixsystems.com\\\/sv\\\/#organization\"},\"potentialAction\":[{\"@type\":\"SearchAction\",\"target\":{\"@type\":\"EntryPoint\",\"urlTemplate\":\"https:\\\/\\\/trixsystems.com\\\/sv\\\/?s={search_term_string}\"},\"query-input\":{\"@type\":\"PropertyValueSpecification\",\"valueRequired\":true,\"valueName\":\"search_term_string\"}}],\"inLanguage\":\"sv-SE\"},{\"@type\":\"Organization\",\"@id\":\"https:\\\/\\\/trixsystems.com\\\/sv\\\/#organization\",\"name\":\"Trix Systems\",\"url\":\"https:\\\/\\\/trixsystems.com\\\/sv\\\/\",\"logo\":{\"@type\":\"ImageObject\",\"inLanguage\":\"sv-SE\",\"@id\":\"https:\\\/\\\/trixsystems.com\\\/sv\\\/#\\\/schema\\\/logo\\\/image\\\/\",\"url\":\"https:\\\/\\\/trixsystems.com\\\/wp-content\\\/uploads\\\/sites\\\/2\\\/2014\\\/03\\\/trixsystems_logo.png\",\"contentUrl\":\"https:\\\/\\\/trixsystems.com\\\/wp-content\\\/uploads\\\/sites\\\/2\\\/2014\\\/03\\\/trixsystems_logo.png\",\"width\":322,\"height\":54,\"caption\":\"Trix Systems\"},\"image\":{\"@id\":\"https:\\\/\\\/trixsystems.com\\\/sv\\\/#\\\/schema\\\/logo\\\/image\\\/\"}}]}<\/script>\n<!-- \/ Yoast SEO plugin. -->","yoast_head_json":{"title":"Programleverant\u00f6r - Trix Systems","robots":{"index":"index","follow":"follow","max-snippet":"max-snippet:-1","max-image-preview":"max-image-preview:large","max-video-preview":"max-video-preview:-1"},"canonical":"https:\/\/trixsystems.com\/software-supplier\/","og_locale":"sv_SE","og_type":"article","og_title":"Programleverant\u00f6r - Trix Systems","og_url":"https:\/\/trixsystems.com\/software-supplier\/","og_site_name":"Trix Systems","article_modified_time":"2025-06-16T15:29:46+00:00","twitter_misc":{"Ber\u00e4knad l\u00e4stid":"1 minut"},"schema":{"@context":"https:\/\/schema.org","@graph":[{"@type":"WebPage","@id":"https:\/\/trixsystems.com\/software-supplier\/","url":"https:\/\/trixsystems.com\/software-supplier\/","name":"Programleverant\u00f6r - Trix Systems","isPartOf":{"@id":"https:\/\/trixsystems.com\/sv\/#website"},"datePublished":"2015-02-08T18:39:51+00:00","dateModified":"2025-06-16T15:29:46+00:00","description":"Trix Systems som programvaruleverant\u00f6r levererar CAD- och dokumentl\u00f6sningar med fokus p\u00e5 kvalitet, anpassning och tekniskt partnerskap.","breadcrumb":{"@id":"https:\/\/trixsystems.com\/software-supplier\/#breadcrumb"},"inLanguage":"sv-SE","potentialAction":[{"@type":"ReadAction","target":["https:\/\/trixsystems.com\/software-supplier\/"]}]},{"@type":"BreadcrumbList","@id":"https:\/\/trixsystems.com\/software-supplier\/#breadcrumb","itemListElement":[{"@type":"ListItem","position":1,"name":"Hem","item":"https:\/\/trixsystems.com\/sv\/"},{"@type":"ListItem","position":2,"name":"Software supplier"}]},{"@type":"WebSite","@id":"https:\/\/trixsystems.com\/sv\/#website","url":"https:\/\/trixsystems.com\/sv\/","name":"Trix Systems","description":"Trix Systems","publisher":{"@id":"https:\/\/trixsystems.com\/sv\/#organization"},"potentialAction":[{"@type":"SearchAction","target":{"@type":"EntryPoint","urlTemplate":"https:\/\/trixsystems.com\/sv\/?s={search_term_string}"},"query-input":{"@type":"PropertyValueSpecification","valueRequired":true,"valueName":"search_term_string"}}],"inLanguage":"sv-SE"},{"@type":"Organization","@id":"https:\/\/trixsystems.com\/sv\/#organization","name":"Trix Systems","url":"https:\/\/trixsystems.com\/sv\/","logo":{"@type":"ImageObject","inLanguage":"sv-SE","@id":"https:\/\/trixsystems.com\/sv\/#\/schema\/logo\/image\/","url":"https:\/\/trixsystems.com\/wp-content\/uploads\/sites\/2\/2014\/03\/trixsystems_logo.png","contentUrl":"https:\/\/trixsystems.com\/wp-content\/uploads\/sites\/2\/2014\/03\/trixsystems_logo.png","width":322,"height":54,"caption":"Trix Systems"},"image":{"@id":"https:\/\/trixsystems.com\/sv\/#\/schema\/logo\/image\/"}}]}},"_links":{"self":[{"href":"https:\/\/trixsystems.com\/sv\/wp-json\/wp\/v2\/pages\/4647","targetHints":{"allow":["GET"]}}],"collection":[{"href":"https:\/\/trixsystems.com\/sv\/wp-json\/wp\/v2\/pages"}],"about":[{"href":"https:\/\/trixsystems.com\/sv\/wp-json\/wp\/v2\/types\/page"}],"author":[{"embeddable":true,"href":"https:\/\/trixsystems.com\/sv\/wp-json\/wp\/v2\/users\/3"}],"replies":[{"embeddable":true,"href":"https:\/\/trixsystems.com\/sv\/wp-json\/wp\/v2\/comments?post=4647"}],"version-history":[{"count":10,"href":"https:\/\/trixsystems.com\/sv\/wp-json\/wp\/v2\/pages\/4647\/revisions"}],"predecessor-version":[{"id":9147,"href":"https:\/\/trixsystems.com\/sv\/wp-json\/wp\/v2\/pages\/4647\/revisions\/9147"}],"wp:attachment":[{"href":"https:\/\/trixsystems.com\/sv\/wp-json\/wp\/v2\/media?parent=4647"}],"curies":[{"name":"wp","href":"https:\/\/api.w.org\/{rel}","templated":true}]}}