{"id":4652,"date":"2015-02-08T19:41:43","date_gmt":"2015-02-08T18:41:43","guid":{"rendered":"http:\/\/trixsystems.se\/?page_id=4652"},"modified":"2025-11-13T13:06:32","modified_gmt":"2025-11-13T12:06:32","slug":"our-offices","status":"publish","type":"page","link":"https:\/\/trixsystems.com\/sv\/our-offices\/","title":{"rendered":"V\u00e5ra kontor"},"content":{"rendered":"<div class=\"wpb-content-wrapper\">[vc_row][vc_column][vc_column_text css=&#8221;.vc_custom_1631704528791{margin-bottom: 0px !important;}&#8221;]\n<h1>V\u00e5ra kontor<\/h1>\n[\/vc_column_text][\/vc_column][\/vc_row][vc_row][vc_column width=&#8221;1\/4&#8243;][vc_gmaps link=&#8221;#E-8_JTNDaWZyYW1lJTIwc3JjJTNEJTIyaHR0cHMlM0ElMkYlMkZ3d3cuZ29vZ2xlLmNvbSUyRm1hcHMlMkZlbWJlZCUzRnBiJTNEJTIxMW0xOCUyMTFtMTIlMjExbTMlMjExZDMyNDcuOTA2NTE2MjkwNDg2JTIxMmQxMS45NzI1NjMwNTIwOTM1MTYlMjEzZDU3LjcwMDE2Mjc4MTAyNjA5NCUyMTJtMyUyMTFmMCUyMTJmMCUyMTNmMCUyMTNtMiUyMTFpMTAyNCUyMTJpNzY4JTIxNGYxMy4xJTIxM20zJTIxMW0yJTIxMXMweDQ2NGZmMzcwNGU2MzAyY2YlMjUzQTB4ZmRhZDM3N2Y0YzQxMjllMSUyMTJzS3VuZ3Nwb3J0c2F2ZW55ZW4lMkIyMSUyNTJDJTJCNDExJTJCMzYlMkJHJTI1QzMlMjVCNnRlYm9yZyUyMTVlMSUyMTNtMiUyMTFzc3YlMjEyc3NlJTIxNHYxNTQ4NzcxNDExMDc5JTIyJTIwd2lkdGglM0QlMjI0MDAlMjIlMjBoZWlnaHQlM0QlMjIzMDAlMjIlMjBmcmFtZWJvcmRlciUzRCUyMjAlMjIlMjBzdHlsZSUzRCUyMmJvcmRlciUzQTAlMjIlMjBhbGxvd2Z1bGxzY3JlZW4lM0UlM0MlMkZpZnJhbWUlM0U=&#8221; type=&#8221;m&#8221; zoom=&#8221;14&#8243;][\/vc_column][vc_column width=&#8221;1\/4&#8243;][vc_column_text css=&#8221;.vc_custom_1665439875376{margin-bottom: 0px !important;}&#8221;]<span style=\"color: #333333;\"><img loading=\"lazy\" decoding=\"async\" class=\"alignnone size-full wp-image-4772\" src=\"https:\/\/trixsystems.com\/wp-content\/uploads\/2014\/03\/Ikon_flagga_SWE.png\" alt=\"Ikon_flagga_SWE\" width=\"24\" height=\"24\" \/> <strong>G\u00f6teborg<\/strong><br \/>\nKungsportsavenyn 21<br \/>\n411 36 G\u00f6teborg<br \/>\nSverige<br \/>\nTel 010 &#8211; 451 05 00<br \/>\nFax 010 &#8211; 451 05 09<br \/>\nE-post info@provanum.se<br \/>\n<\/span>[\/vc_column_text][\/vc_column][vc_column width=&#8221;1\/4&#8243;][vc_gmaps link=&#8221;#E-8_JTNDaWZyYW1lJTIwc3JjJTNEJTIyaHR0cHMlM0ElMkYlMkZ3d3cuZ29vZ2xlLmNvbSUyRm1hcHMlMkZlbWJlZCUzRnBiJTNEJTIxMW0xOCUyMTFtMTIlMjExbTMlMjExZDQ0NzIuMDE3MjE2OTIwMTU4JTIxMmQtNzEuMzU1OTQ5OTQ4MjU4MzclMjEzZDQyLjYzMDAyNDM3OTA2NzMyJTIxMm0zJTIxMWYwJTIxMmYwJTIxM2YwJTIxM20yJTIxMWkxMDI0JTIxMmk3NjglMjE0ZjEzLjElMjEzbTMlMjExbTIlMjExczB4ODllM2EzNjFlMzgwNWNjZiUyNTNBMHhlNWJiZDRmMjI3YjkxYjQ2JTIxMnNUcml4JTJCU3lzdGVtcyUyQkluYyUyMTVlMSUyMTNtMiUyMTFzc3YlMjEyc3NlJTIxNHYxNTQ4NzcxMjczMDg4JTIyJTIwd2lkdGglM0QlMjI0MDAlMjIlMjBoZWlnaHQlM0QlMjIzMDAlMjIlMjBmcmFtZWJvcmRlciUzRCUyMjAlMjIlMjBzdHlsZSUzRCUyMmJvcmRlciUzQTAlMjIlMjBhbGxvd2Z1bGxzY3JlZW4lM0UlM0MlMkZpZnJhbWUlM0U=&#8221; type=&#8221;m&#8221; zoom=&#8221;14&#8243;][\/vc_column][vc_column width=&#8221;1\/4&#8243;][vc_column_text css=&#8221;.vc_custom_1665439881400{margin-bottom: 0px !important;}&#8221;]<span style=\"color: #333333;\"><img loading=\"lazy\" decoding=\"async\" class=\"alignnone size-full wp-image-4774\" src=\"https:\/\/trixsystems.com\/wp-content\/uploads\/2014\/03\/Ikon_flagga_USA.png\" alt=\"Ikon_flagga_USA\" width=\"24\" height=\"24\" \/> <strong>Boston<\/strong><br \/>\n1075 Westford St., Suite 301<br \/>\nLowell, MA 01851-2716<br \/>\nUnited States<br \/>\nTel +1 (978) 256 &#8211; 4445<br \/>\nE-post info@trixsystems.com<br \/>\n<\/span>[\/vc_column_text][\/vc_column][\/vc_row][vc_row][vc_column width=&#8221;1\/4&#8243;][vc_gmaps link=&#8221;#E-8_JTNDaWZyYW1lJTIwc3JjJTNEJTIyaHR0cHMlM0ElMkYlMkZ3d3cuZ29vZ2xlLmNvbSUyRm1hcHMlMkZlbWJlZCUzRnBiJTNEJTIxMW0xOCUyMTFtMTIlMjExbTMlMjExZDM3ODIuMjI0NzA1MDczODY2JTIxMmQtMC4xNjI2MjYwNDgwNjAwNTYwNyUyMTNkNTEuNTE4ODgxNzc5NTM2OTklMjEybTMlMjExZjAlMjEyZjAlMjEzZjAlMjEzbTIlMjExaTEwMjQlMjEyaTc2OCUyMTRmMTMuMSUyMTNtMyUyMTFtMiUyMTFzMHg0ODc2MWFjYmMwOGFjMjk5JTI1M0EweDMwZjNjYzQxN2FlZDk1NzIlMjEyczUlMkJVcHBlciUyQk1vbnRhZ3UlMkJTdCUyNTJDJTJCTWFyeWxlYm9uZSUyNTJDJTJCTG9uZG9uJTJCVzFIJTJCMkFHJTI1MkMlMkJTdG9yYnJpdGFubmllbiUyMTVlMSUyMTNtMiUyMTFzc3YlMjEyc3NlJTIxNHYxNTQ4NzcxNTI1NTczJTIyJTIwd2lkdGglM0QlMjI0MDAlMjIlMjBoZWlnaHQlM0QlMjIzMDAlMjIlMjBmcmFtZWJvcmRlciUzRCUyMjAlMjIlMjBzdHlsZSUzRCUyMmJvcmRlciUzQTAlMjIlMjBhbGxvd2Z1bGxzY3JlZW4lM0UlM0MlMkZpZnJhbWUlM0U=&#8221; type=&#8221;m&#8221; zoom=&#8221;14&#8243;][\/vc_column][vc_column width=&#8221;1\/4&#8243;][vc_column_text css=&#8221;.vc_custom_1665439892662{margin-bottom: 0px !important;}&#8221;]<span style=\"color: #333333;\"><img loading=\"lazy\" decoding=\"async\" class=\"alignnone size-full wp-image-4773\" src=\"https:\/\/trixsystems.com\/wp-content\/uploads\/2014\/03\/Ikon_flagga_UK.png\" alt=\"Ikon_flagga_UK\" width=\"24\" height=\"24\" \/> <strong>London<\/strong><br \/>\n5 Upper Montagu Street<br \/>\nLondon W1H 2 AG<br \/>\nGreat Britain<br \/>\nTel +44 (0) 20 7193 7445<br \/>\nE-post info@provanum.com<br \/>\n<\/span>[\/vc_column_text][\/vc_column][vc_column width=&#8221;1\/4&#8243;][\/vc_column][vc_column width=&#8221;1\/4&#8243;][\/vc_column][\/vc_row]\n<\/div>","protected":false},"excerpt":{"rendered":"<p>[vc_row][vc_column][vc_column_text css=&#8221;.vc_custom_1631704528791{margin-bottom: 0px !important;}&#8221;] V\u00e5ra kontor [\/vc_column_text][\/vc_column][\/vc_row][vc_row][vc_column width=&#8221;1\/4&#8243;][vc_gmaps link=&#8221;#E-8_JTNDaWZyYW1lJTIwc3JjJTNEJTIyaHR0cHMlM0ElMkYlMkZ3d3cuZ29vZ2xlLmNvbSUyRm1hcHMlMkZlbWJlZCUzRnBiJTNEJTIxMW0xOCUyMTFtMTIlMjExbTMlMjExZDMyNDcuOTA2NTE2MjkwNDg2JTIxMmQxMS45NzI1NjMwNTIwOTM1MTYlMjEzZDU3LjcwMDE2Mjc4MTAyNjA5NCUyMTJtMyUyMTFmMCUyMTJmMCUyMTNmMCUyMTNtMiUyMTFpMTAyNCUyMTJpNzY4JTIxNGYxMy4xJTIxM20zJTIxMW0yJTIxMXMweDQ2NGZmMzcwNGU2MzAyY2YlMjUzQTB4ZmRhZDM3N2Y0YzQxMjllMSUyMTJzS3VuZ3Nwb3J0c2F2ZW55ZW4lMkIyMSUyNTJDJTJCNDExJTJCMzYlMkJHJTI1QzMlMjVCNnRlYm9yZyUyMTVlMSUyMTNtMiUyMTFzc3YlMjEyc3NlJTIxNHYxNTQ4NzcxNDExMDc5JTIyJTIwd2lkdGglM0QlMjI0MDAlMjIlMjBoZWlnaHQlM0QlMjIzMDAlMjIlMjBmcmFtZWJvcmRlciUzRCUyMjAlMjIlMjBzdHlsZSUzRCUyMmJvcmRlciUzQTAlMjIlMjBhbGxvd2Z1bGxzY3JlZW4lM0UlM0MlMkZpZnJhbWUlM0U=&#8221; type=&#8221;m&#8221; zoom=&#8221;14&#8243;][\/vc_column][vc_column width=&#8221;1\/4&#8243;][vc_column_text css=&#8221;.vc_custom_1665439875376{margin-bottom: 0px !important;}&#8221;] G\u00f6teborg Kungsportsavenyn 21 411 36 G\u00f6teborg Sverige Tel 010 &#8211; 451 05 00 Fax 010 &#8211; 451 05 09 E-post info@provanum.se [\/vc_column_text][\/vc_column][vc_column width=&#8221;1\/4&#8243;][vc_gmaps link=&#8221;#E-8_JTNDaWZyYW1lJTIwc3JjJTNEJTIyaHR0cHMlM0ElMkYlMkZ3d3cuZ29vZ2xlLmNvbSUyRm1hcHMlMkZlbWJlZCUzRnBiJTNEJTIxMW0xOCUyMTFtMTIlMjExbTMlMjExZDQ0NzIuMDE3MjE2OTIwMTU4JTIxMmQtNzEuMzU1OTQ5OTQ4MjU4MzclMjEzZDQyLjYzMDAyNDM3OTA2NzMyJTIxMm0zJTIxMWYwJTIxMmYwJTIxM2YwJTIxM20yJTIxMWkxMDI0JTIxMmk3NjglMjE0ZjEzLjElMjEzbTMlMjExbTIlMjExczB4ODllM2EzNjFlMzgwNWNjZiUyNTNBMHhlNWJiZDRmMjI3YjkxYjQ2JTIxMnNUcml4JTJCU3lzdGVtcyUyQkluYyUyMTVlMSUyMTNtMiUyMTFzc3YlMjEyc3NlJTIxNHYxNTQ4NzcxMjczMDg4JTIyJTIwd2lkdGglM0QlMjI0MDAlMjIlMjBoZWlnaHQlM0QlMjIzMDAlMjIlMjBmcmFtZWJvcmRlciUzRCUyMjAlMjIlMjBzdHlsZSUzRCUyMmJvcmRlciUzQTAlMjIlMjBhbGxvd2Z1bGxzY3JlZW4lM0UlM0MlMkZpZnJhbWUlM0U=&#8221; type=&#8221;m&#8221; zoom=&#8221;14&#8243;][\/vc_column][vc_column width=&#8221;1\/4&#8243;][vc_column_text css=&#8221;.vc_custom_1665439881400{margin-bottom: 0px !important;}&#8221;] Boston 1075 Westford St., Suite 301 Lowell, MA 01851-2716 United [&hellip;]<\/p>\n","protected":false},"author":3,"featured_media":0,"parent":0,"menu_order":0,"comment_status":"open","ping_status":"closed","template":"","meta":{"_acf_changed":false,"footnotes":""},"class_list":["post-4652","page","type-page","status-publish","hentry"],"translation":{"provider":"WPGlobus","version":"3.0.2","language":"sv","enabled_languages":["en","sv"],"languages":{"en":{"title":true,"content":true,"excerpt":false},"sv":{"title":true,"content":true,"excerpt":false}}},"acf":[],"yoast_head":"<!-- This site is optimized with the Yoast SEO plugin v27.4 - https:\/\/yoast.com\/product\/yoast-seo-wordpress\/ -->\n<title>V\u00e5ra kontor - Trix Systems<\/title>\n<meta name=\"description\" content=\"Trix\u202fSystems kontor i G\u00f6teborg, Boston och London ger dig lokal expertis och global n\u00e4rvaro f\u00f6r teknisk dokumenthantering och CAD-support.\" \/>\n<meta name=\"robots\" content=\"index, follow, max-snippet:-1, max-image-preview:large, max-video-preview:-1\" \/>\n<link rel=\"canonical\" href=\"https:\/\/trixsystems.com\/sv\/our-offices\/\" \/>\n<meta property=\"og:locale\" content=\"sv_SE\" \/>\n<meta property=\"og:type\" content=\"article\" \/>\n<meta property=\"og:title\" content=\"V\u00e5ra kontor - Trix Systems\" \/>\n<meta property=\"og:description\" content=\"Trix\u202fSystems kontor i G\u00f6teborg, Boston och London ger dig lokal expertis och global n\u00e4rvaro f\u00f6r teknisk dokumenthantering och CAD-support.\" \/>\n<meta property=\"og:url\" content=\"https:\/\/trixsystems.com\/sv\/our-offices\/\" \/>\n<meta property=\"og:site_name\" content=\"Trix Systems\" \/>\n<meta property=\"article:modified_time\" content=\"2025-11-13T12:06:32+00:00\" \/>\n<meta property=\"og:image\" content=\"https:\/\/trixsystems.com\/wp-content\/uploads\/2014\/03\/Ikon_flagga_SWE.png\" \/>\n<meta name=\"twitter:label1\" content=\"Ber\u00e4knad l\u00e4stid\" \/>\n\t<meta name=\"twitter:data1\" content=\"2 minuter\" \/>\n<script type=\"application\/ld+json\" class=\"yoast-schema-graph\">{\"@context\":\"https:\\\/\\\/schema.org\",\"@graph\":[{\"@type\":\"WebPage\",\"@id\":\"https:\\\/\\\/trixsystems.com\\\/sv\\\/our-offices\\\/\",\"url\":\"https:\\\/\\\/trixsystems.com\\\/sv\\\/our-offices\\\/\",\"name\":\"V\u00e5ra kontor - Trix Systems\",\"isPartOf\":{\"@id\":\"https:\\\/\\\/trixsystems.com\\\/sv\\\/#website\"},\"primaryImageOfPage\":{\"@id\":\"https:\\\/\\\/trixsystems.com\\\/sv\\\/our-offices\\\/#primaryimage\"},\"image\":{\"@id\":\"https:\\\/\\\/trixsystems.com\\\/sv\\\/our-offices\\\/#primaryimage\"},\"thumbnailUrl\":\"https:\\\/\\\/trixsystems.com\\\/wp-content\\\/uploads\\\/2014\\\/03\\\/Ikon_flagga_SWE.png\",\"datePublished\":\"2015-02-08T18:41:43+00:00\",\"dateModified\":\"2025-11-13T12:06:32+00:00\",\"description\":\"Trix\u202fSystems kontor i G\u00f6teborg, Boston och London ger dig lokal expertis och global n\u00e4rvaro f\u00f6r teknisk dokumenthantering och CAD-support.\",\"breadcrumb\":{\"@id\":\"https:\\\/\\\/trixsystems.com\\\/sv\\\/our-offices\\\/#breadcrumb\"},\"inLanguage\":\"sv-SE\",\"potentialAction\":[{\"@type\":\"ReadAction\",\"target\":[\"https:\\\/\\\/trixsystems.com\\\/sv\\\/our-offices\\\/\"]}]},{\"@type\":\"ImageObject\",\"inLanguage\":\"sv-SE\",\"@id\":\"https:\\\/\\\/trixsystems.com\\\/sv\\\/our-offices\\\/#primaryimage\",\"url\":\"https:\\\/\\\/trixsystems.com\\\/wp-content\\\/uploads\\\/2014\\\/03\\\/Ikon_flagga_SWE.png\",\"contentUrl\":\"https:\\\/\\\/trixsystems.com\\\/wp-content\\\/uploads\\\/2014\\\/03\\\/Ikon_flagga_SWE.png\"},{\"@type\":\"BreadcrumbList\",\"@id\":\"https:\\\/\\\/trixsystems.com\\\/sv\\\/our-offices\\\/#breadcrumb\",\"itemListElement\":[{\"@type\":\"ListItem\",\"position\":1,\"name\":\"Hem\",\"item\":\"https:\\\/\\\/trixsystems.com\\\/sv\\\/\"},{\"@type\":\"ListItem\",\"position\":2,\"name\":\"V\u00e5ra kontor\"}]},{\"@type\":\"WebSite\",\"@id\":\"https:\\\/\\\/trixsystems.com\\\/sv\\\/#website\",\"url\":\"https:\\\/\\\/trixsystems.com\\\/sv\\\/\",\"name\":\"Trix Systems\",\"description\":\"Trix Systems\",\"publisher\":{\"@id\":\"https:\\\/\\\/trixsystems.com\\\/sv\\\/#organization\"},\"potentialAction\":[{\"@type\":\"SearchAction\",\"target\":{\"@type\":\"EntryPoint\",\"urlTemplate\":\"https:\\\/\\\/trixsystems.com\\\/sv\\\/?s={search_term_string}\"},\"query-input\":{\"@type\":\"PropertyValueSpecification\",\"valueRequired\":true,\"valueName\":\"search_term_string\"}}],\"inLanguage\":\"sv-SE\"},{\"@type\":\"Organization\",\"@id\":\"https:\\\/\\\/trixsystems.com\\\/sv\\\/#organization\",\"name\":\"Trix Systems\",\"url\":\"https:\\\/\\\/trixsystems.com\\\/sv\\\/\",\"logo\":{\"@type\":\"ImageObject\",\"inLanguage\":\"sv-SE\",\"@id\":\"https:\\\/\\\/trixsystems.com\\\/sv\\\/#\\\/schema\\\/logo\\\/image\\\/\",\"url\":\"https:\\\/\\\/trixsystems.com\\\/wp-content\\\/uploads\\\/sites\\\/2\\\/2014\\\/03\\\/trixsystems_logo.png\",\"contentUrl\":\"https:\\\/\\\/trixsystems.com\\\/wp-content\\\/uploads\\\/sites\\\/2\\\/2014\\\/03\\\/trixsystems_logo.png\",\"width\":322,\"height\":54,\"caption\":\"Trix Systems\"},\"image\":{\"@id\":\"https:\\\/\\\/trixsystems.com\\\/sv\\\/#\\\/schema\\\/logo\\\/image\\\/\"}}]}<\/script>\n<!-- \/ Yoast SEO plugin. -->","yoast_head_json":{"title":"V\u00e5ra kontor - Trix Systems","description":"Trix\u202fSystems kontor i G\u00f6teborg, Boston och London ger dig lokal expertis och global n\u00e4rvaro f\u00f6r teknisk dokumenthantering och CAD-support.","robots":{"index":"index","follow":"follow","max-snippet":"max-snippet:-1","max-image-preview":"max-image-preview:large","max-video-preview":"max-video-preview:-1"},"canonical":"https:\/\/trixsystems.com\/sv\/our-offices\/","og_locale":"sv_SE","og_type":"article","og_title":"V\u00e5ra kontor - Trix Systems","og_description":"Trix\u202fSystems kontor i G\u00f6teborg, Boston och London ger dig lokal expertis och global n\u00e4rvaro f\u00f6r teknisk dokumenthantering och CAD-support.","og_url":"https:\/\/trixsystems.com\/sv\/our-offices\/","og_site_name":"Trix Systems","article_modified_time":"2025-11-13T12:06:32+00:00","og_image":[{"url":"https:\/\/trixsystems.com\/wp-content\/uploads\/2014\/03\/Ikon_flagga_SWE.png","type":"","width":"","height":""}],"twitter_misc":{"Ber\u00e4knad l\u00e4stid":"2 minuter"},"schema":{"@context":"https:\/\/schema.org","@graph":[{"@type":"WebPage","@id":"https:\/\/trixsystems.com\/sv\/our-offices\/","url":"https:\/\/trixsystems.com\/sv\/our-offices\/","name":"V\u00e5ra kontor - Trix Systems","isPartOf":{"@id":"https:\/\/trixsystems.com\/sv\/#website"},"primaryImageOfPage":{"@id":"https:\/\/trixsystems.com\/sv\/our-offices\/#primaryimage"},"image":{"@id":"https:\/\/trixsystems.com\/sv\/our-offices\/#primaryimage"},"thumbnailUrl":"https:\/\/trixsystems.com\/wp-content\/uploads\/2014\/03\/Ikon_flagga_SWE.png","datePublished":"2015-02-08T18:41:43+00:00","dateModified":"2025-11-13T12:06:32+00:00","description":"Trix\u202fSystems kontor i G\u00f6teborg, Boston och London ger dig lokal expertis och global n\u00e4rvaro f\u00f6r teknisk dokumenthantering och CAD-support.","breadcrumb":{"@id":"https:\/\/trixsystems.com\/sv\/our-offices\/#breadcrumb"},"inLanguage":"sv-SE","potentialAction":[{"@type":"ReadAction","target":["https:\/\/trixsystems.com\/sv\/our-offices\/"]}]},{"@type":"ImageObject","inLanguage":"sv-SE","@id":"https:\/\/trixsystems.com\/sv\/our-offices\/#primaryimage","url":"https:\/\/trixsystems.com\/wp-content\/uploads\/2014\/03\/Ikon_flagga_SWE.png","contentUrl":"https:\/\/trixsystems.com\/wp-content\/uploads\/2014\/03\/Ikon_flagga_SWE.png"},{"@type":"BreadcrumbList","@id":"https:\/\/trixsystems.com\/sv\/our-offices\/#breadcrumb","itemListElement":[{"@type":"ListItem","position":1,"name":"Hem","item":"https:\/\/trixsystems.com\/sv\/"},{"@type":"ListItem","position":2,"name":"V\u00e5ra kontor"}]},{"@type":"WebSite","@id":"https:\/\/trixsystems.com\/sv\/#website","url":"https:\/\/trixsystems.com\/sv\/","name":"Trix Systems","description":"Trix Systems","publisher":{"@id":"https:\/\/trixsystems.com\/sv\/#organization"},"potentialAction":[{"@type":"SearchAction","target":{"@type":"EntryPoint","urlTemplate":"https:\/\/trixsystems.com\/sv\/?s={search_term_string}"},"query-input":{"@type":"PropertyValueSpecification","valueRequired":true,"valueName":"search_term_string"}}],"inLanguage":"sv-SE"},{"@type":"Organization","@id":"https:\/\/trixsystems.com\/sv\/#organization","name":"Trix Systems","url":"https:\/\/trixsystems.com\/sv\/","logo":{"@type":"ImageObject","inLanguage":"sv-SE","@id":"https:\/\/trixsystems.com\/sv\/#\/schema\/logo\/image\/","url":"https:\/\/trixsystems.com\/wp-content\/uploads\/sites\/2\/2014\/03\/trixsystems_logo.png","contentUrl":"https:\/\/trixsystems.com\/wp-content\/uploads\/sites\/2\/2014\/03\/trixsystems_logo.png","width":322,"height":54,"caption":"Trix Systems"},"image":{"@id":"https:\/\/trixsystems.com\/sv\/#\/schema\/logo\/image\/"}}]}},"_links":{"self":[{"href":"https:\/\/trixsystems.com\/sv\/wp-json\/wp\/v2\/pages\/4652","targetHints":{"allow":["GET"]}}],"collection":[{"href":"https:\/\/trixsystems.com\/sv\/wp-json\/wp\/v2\/pages"}],"about":[{"href":"https:\/\/trixsystems.com\/sv\/wp-json\/wp\/v2\/types\/page"}],"author":[{"embeddable":true,"href":"https:\/\/trixsystems.com\/sv\/wp-json\/wp\/v2\/users\/3"}],"replies":[{"embeddable":true,"href":"https:\/\/trixsystems.com\/sv\/wp-json\/wp\/v2\/comments?post=4652"}],"version-history":[{"count":10,"href":"https:\/\/trixsystems.com\/sv\/wp-json\/wp\/v2\/pages\/4652\/revisions"}],"predecessor-version":[{"id":9212,"href":"https:\/\/trixsystems.com\/sv\/wp-json\/wp\/v2\/pages\/4652\/revisions\/9212"}],"wp:attachment":[{"href":"https:\/\/trixsystems.com\/sv\/wp-json\/wp\/v2\/media?parent=4652"}],"curies":[{"name":"wp","href":"https:\/\/api.w.org\/{rel}","templated":true}]}}