{"id":4669,"date":"2015-02-14T22:26:06","date_gmt":"2015-02-14T21:26:06","guid":{"rendered":"http:\/\/trixsystems.se\/?page_id=4669"},"modified":"2025-06-15T15:37:52","modified_gmt":"2025-06-15T13:37:52","slug":"trix-live-chatt-support","status":"publish","type":"page","link":"https:\/\/trixsystems.com\/sv\/home-4\/trix-live-chatt-support\/","title":{"rendered":"Trix Live Chatt Support"},"content":{"rendered":"<div class=\"wpb-content-wrapper\">[vc_row][vc_column width=&#8221;2\/3&#8243;][vc_column_text]V\u00e5r support kan kontaktas via chatten, e-post eller telefon. Chatten \u00e4r bemannad p\u00e5 dagtid i tidzonerna CET till EDT mellan kl 7 &#8211; 19.<\/p>\n<p>Chatt-verktyget visas p\u00e5 f\u00f6rsta sidan.[\/vc_column_text][vc_single_image image=&#8221;4882&#8243; img_link_target=&#8221;_self&#8221; img_size=&#8221;300&#215;300&#8243; alignment=&#8221;right&#8221;][\/vc_column][vc_column width=&#8221;1\/3&#8243;][vc_video link=&#8221;https:\/\/youtu.be\/tVvK9CaWDio&#8221;][vc_single_image image=&#8221;4915&#8243; img_link_target=&#8221;_self&#8221; alignment=&#8221;center&#8221; css_animation=&#8221;top-to-bottom&#8221; img_size=&#8221;full&#8221;][\/vc_column][\/vc_row]\n<\/div>","protected":false},"excerpt":{"rendered":"<p>[vc_row][vc_column width=&#8221;2\/3&#8243;][vc_column_text]V\u00e5r support kan kontaktas via chatten, e-post eller telefon. Chatten \u00e4r bemannad p\u00e5 dagtid i tidzonerna CET till EDT mellan kl 7 &#8211; 19. Chatt-verktyget visas p\u00e5 f\u00f6rsta sidan.[\/vc_column_text][vc_single_image image=&#8221;4882&#8243; img_link_target=&#8221;_self&#8221; img_size=&#8221;300&#215;300&#8243; alignment=&#8221;right&#8221;][\/vc_column][vc_column width=&#8221;1\/3&#8243;][vc_video link=&#8221;https:\/\/youtu.be\/tVvK9CaWDio&#8221;][vc_single_image image=&#8221;4915&#8243; img_link_target=&#8221;_self&#8221; alignment=&#8221;center&#8221; css_animation=&#8221;top-to-bottom&#8221; img_size=&#8221;full&#8221;][\/vc_column][\/vc_row]<\/p>\n","protected":false},"author":3,"featured_media":0,"parent":2811,"menu_order":0,"comment_status":"open","ping_status":"open","template":"","meta":{"_acf_changed":false,"footnotes":""},"class_list":["post-4669","page","type-page","status-publish","hentry"],"translation":{"provider":"WPGlobus","version":"3.0.2","language":"sv","enabled_languages":["en","sv"],"languages":{"en":{"title":true,"content":true,"excerpt":false},"sv":{"title":true,"content":true,"excerpt":false}}},"acf":[],"yoast_head":"<!-- This site is optimized with the Yoast SEO plugin v27.4 - https:\/\/yoast.com\/product\/yoast-seo-wordpress\/ -->\n<title>Trix Live Chatt Support - Trix Systems<\/title>\n<meta name=\"robots\" content=\"index, follow, max-snippet:-1, max-image-preview:large, max-video-preview:-1\" \/>\n<link rel=\"canonical\" href=\"https:\/\/trixsystems.com\/sv\/home-4\/trix-live-chatt-support\/\" \/>\n<meta property=\"og:locale\" content=\"sv_SE\" \/>\n<meta property=\"og:type\" content=\"article\" \/>\n<meta property=\"og:title\" content=\"Trix Live Chatt Support - Trix Systems\" \/>\n<meta property=\"og:url\" content=\"https:\/\/trixsystems.com\/sv\/home-4\/trix-live-chatt-support\/\" \/>\n<meta property=\"og:site_name\" content=\"Trix Systems\" \/>\n<meta property=\"article:modified_time\" content=\"2025-06-15T13:37:52+00:00\" \/>\n<meta name=\"twitter:label1\" content=\"Ber\u00e4knad l\u00e4stid\" \/>\n\t<meta name=\"twitter:data1\" content=\"1 minut\" \/>\n<script type=\"application\/ld+json\" class=\"yoast-schema-graph\">{\"@context\":\"https:\\\/\\\/schema.org\",\"@graph\":[{\"@type\":\"WebPage\",\"@id\":\"https:\\\/\\\/trixsystems.com\\\/sv\\\/home-4\\\/trix-live-chatt-support\\\/\",\"url\":\"https:\\\/\\\/trixsystems.com\\\/sv\\\/home-4\\\/trix-live-chatt-support\\\/\",\"name\":\"Trix Live Chatt Support - Trix Systems\",\"isPartOf\":{\"@id\":\"https:\\\/\\\/trixsystems.com\\\/#website\"},\"datePublished\":\"2015-02-14T21:26:06+00:00\",\"dateModified\":\"2025-06-15T13:37:52+00:00\",\"description\":\"F\u00e5 direkt hj\u00e4lp via Trix Live Chatt Support \u2013 tillg\u00e4nglig dagtid f\u00f6r snabb service och specialistst\u00f6d inom teknisk support.\",\"breadcrumb\":{\"@id\":\"https:\\\/\\\/trixsystems.com\\\/sv\\\/home-4\\\/trix-live-chatt-support\\\/#breadcrumb\"},\"inLanguage\":\"sv-SE\",\"potentialAction\":[{\"@type\":\"ReadAction\",\"target\":[\"https:\\\/\\\/trixsystems.com\\\/sv\\\/home-4\\\/trix-live-chatt-support\\\/\"]}]},{\"@type\":\"BreadcrumbList\",\"@id\":\"https:\\\/\\\/trixsystems.com\\\/sv\\\/home-4\\\/trix-live-chatt-support\\\/#breadcrumb\",\"itemListElement\":[{\"@type\":\"ListItem\",\"position\":1,\"name\":\"Hem\",\"item\":\"https:\\\/\\\/trixsystems.com\\\/\"},{\"@type\":\"ListItem\",\"position\":2,\"name\":\"Home\",\"item\":\"https:\\\/\\\/trixsystems.com\\\/\"},{\"@type\":\"ListItem\",\"position\":3,\"name\":\"Trix Live Chatt Support\"}]},{\"@type\":\"WebSite\",\"@id\":\"https:\\\/\\\/trixsystems.com\\\/#website\",\"url\":\"https:\\\/\\\/trixsystems.com\\\/\",\"name\":\"Trix Systems\",\"description\":\"Trix Systems\",\"publisher\":{\"@id\":\"https:\\\/\\\/trixsystems.com\\\/#organization\"},\"potentialAction\":[{\"@type\":\"SearchAction\",\"target\":{\"@type\":\"EntryPoint\",\"urlTemplate\":\"https:\\\/\\\/trixsystems.com\\\/?s={search_term_string}\"},\"query-input\":{\"@type\":\"PropertyValueSpecification\",\"valueRequired\":true,\"valueName\":\"search_term_string\"}}],\"inLanguage\":\"sv-SE\"},{\"@type\":\"Organization\",\"@id\":\"https:\\\/\\\/trixsystems.com\\\/#organization\",\"name\":\"Trix Systems\",\"url\":\"https:\\\/\\\/trixsystems.com\\\/\",\"logo\":{\"@type\":\"ImageObject\",\"inLanguage\":\"sv-SE\",\"@id\":\"https:\\\/\\\/trixsystems.com\\\/#\\\/schema\\\/logo\\\/image\\\/\",\"url\":\"https:\\\/\\\/trixsystems.com\\\/wp-content\\\/uploads\\\/sites\\\/2\\\/2014\\\/03\\\/trixsystems_logo.png\",\"contentUrl\":\"https:\\\/\\\/trixsystems.com\\\/wp-content\\\/uploads\\\/sites\\\/2\\\/2014\\\/03\\\/trixsystems_logo.png\",\"width\":322,\"height\":54,\"caption\":\"Trix Systems\"},\"image\":{\"@id\":\"https:\\\/\\\/trixsystems.com\\\/#\\\/schema\\\/logo\\\/image\\\/\"}}]}<\/script>\n<!-- \/ Yoast SEO plugin. -->","yoast_head_json":{"title":"Trix Live Chatt Support - Trix Systems","robots":{"index":"index","follow":"follow","max-snippet":"max-snippet:-1","max-image-preview":"max-image-preview:large","max-video-preview":"max-video-preview:-1"},"canonical":"https:\/\/trixsystems.com\/sv\/home-4\/trix-live-chatt-support\/","og_locale":"sv_SE","og_type":"article","og_title":"Trix Live Chatt Support - Trix Systems","og_url":"https:\/\/trixsystems.com\/sv\/home-4\/trix-live-chatt-support\/","og_site_name":"Trix Systems","article_modified_time":"2025-06-15T13:37:52+00:00","twitter_misc":{"Ber\u00e4knad l\u00e4stid":"1 minut"},"schema":{"@context":"https:\/\/schema.org","@graph":[{"@type":"WebPage","@id":"https:\/\/trixsystems.com\/sv\/home-4\/trix-live-chatt-support\/","url":"https:\/\/trixsystems.com\/sv\/home-4\/trix-live-chatt-support\/","name":"Trix Live Chatt Support - Trix Systems","isPartOf":{"@id":"https:\/\/trixsystems.com\/#website"},"datePublished":"2015-02-14T21:26:06+00:00","dateModified":"2025-06-15T13:37:52+00:00","description":"F\u00e5 direkt hj\u00e4lp via Trix Live Chatt Support \u2013 tillg\u00e4nglig dagtid f\u00f6r snabb service och specialistst\u00f6d inom teknisk support.","breadcrumb":{"@id":"https:\/\/trixsystems.com\/sv\/home-4\/trix-live-chatt-support\/#breadcrumb"},"inLanguage":"sv-SE","potentialAction":[{"@type":"ReadAction","target":["https:\/\/trixsystems.com\/sv\/home-4\/trix-live-chatt-support\/"]}]},{"@type":"BreadcrumbList","@id":"https:\/\/trixsystems.com\/sv\/home-4\/trix-live-chatt-support\/#breadcrumb","itemListElement":[{"@type":"ListItem","position":1,"name":"Hem","item":"https:\/\/trixsystems.com\/"},{"@type":"ListItem","position":2,"name":"Home","item":"https:\/\/trixsystems.com\/"},{"@type":"ListItem","position":3,"name":"Trix Live Chatt Support"}]},{"@type":"WebSite","@id":"https:\/\/trixsystems.com\/#website","url":"https:\/\/trixsystems.com\/","name":"Trix Systems","description":"Trix Systems","publisher":{"@id":"https:\/\/trixsystems.com\/#organization"},"potentialAction":[{"@type":"SearchAction","target":{"@type":"EntryPoint","urlTemplate":"https:\/\/trixsystems.com\/?s={search_term_string}"},"query-input":{"@type":"PropertyValueSpecification","valueRequired":true,"valueName":"search_term_string"}}],"inLanguage":"sv-SE"},{"@type":"Organization","@id":"https:\/\/trixsystems.com\/#organization","name":"Trix Systems","url":"https:\/\/trixsystems.com\/","logo":{"@type":"ImageObject","inLanguage":"sv-SE","@id":"https:\/\/trixsystems.com\/#\/schema\/logo\/image\/","url":"https:\/\/trixsystems.com\/wp-content\/uploads\/sites\/2\/2014\/03\/trixsystems_logo.png","contentUrl":"https:\/\/trixsystems.com\/wp-content\/uploads\/sites\/2\/2014\/03\/trixsystems_logo.png","width":322,"height":54,"caption":"Trix Systems"},"image":{"@id":"https:\/\/trixsystems.com\/#\/schema\/logo\/image\/"}}]}},"_links":{"self":[{"href":"https:\/\/trixsystems.com\/sv\/wp-json\/wp\/v2\/pages\/4669","targetHints":{"allow":["GET"]}}],"collection":[{"href":"https:\/\/trixsystems.com\/sv\/wp-json\/wp\/v2\/pages"}],"about":[{"href":"https:\/\/trixsystems.com\/sv\/wp-json\/wp\/v2\/types\/page"}],"author":[{"embeddable":true,"href":"https:\/\/trixsystems.com\/sv\/wp-json\/wp\/v2\/users\/3"}],"replies":[{"embeddable":true,"href":"https:\/\/trixsystems.com\/sv\/wp-json\/wp\/v2\/comments?post=4669"}],"version-history":[{"count":3,"href":"https:\/\/trixsystems.com\/sv\/wp-json\/wp\/v2\/pages\/4669\/revisions"}],"predecessor-version":[{"id":9096,"href":"https:\/\/trixsystems.com\/sv\/wp-json\/wp\/v2\/pages\/4669\/revisions\/9096"}],"up":[{"embeddable":true,"href":"https:\/\/trixsystems.com\/sv\/wp-json\/wp\/v2\/pages\/2811"}],"wp:attachment":[{"href":"https:\/\/trixsystems.com\/sv\/wp-json\/wp\/v2\/media?parent=4669"}],"curies":[{"name":"wp","href":"https:\/\/api.w.org\/{rel}","templated":true}]}}