{"id":4829,"date":"2015-08-24T21:22:55","date_gmt":"2015-08-24T19:22:55","guid":{"rendered":"http:\/\/trixsystems.se\/?page_id=4829"},"modified":"2025-06-16T16:36:41","modified_gmt":"2025-06-16T14:36:41","slug":"trix-organizer-7-facilities-management","status":"publish","type":"page","link":"https:\/\/trixsystems.com\/sv\/selections\/trix-organizer-7-facilities-management\/","title":{"rendered":"Trix Organizer 7 Facilities Selection"},"content":{"rendered":"<div class=\"wpb-content-wrapper\">[vc_row fullwidth=&#8221;true&#8221;][vc_column][layerslider_vc id=&#8221;37&#8243;][\/vc_column][\/vc_row][vc_row][vc_column width=&#8221;2\/3&#8243;][vc_column_text css=&#8221;.vc_custom_1665077152776{margin-bottom: 0px !important;}&#8221;]\n<h3>Programpaket f\u00f6r fastighetsf\u00f6rvaltning av teknisk information<\/h3>\n<p><strong>Trix Organizer 7 Facilities Selection skapar fullst\u00e4ndig kontroll \u00f6ver fastighetens utrymmen och utrustningar och ger en effektiv hantering av dess tekniska information samt en optimal och s\u00e4ker lagring dokument och information.<\/strong><\/p>\n<p><strong>Trix Organizer 7 Facilities Selection best\u00e5r av utvalda programfunktioner f\u00f6r effektivt hantering av fastighetsf\u00f6rvaltning av teknisk information.<\/strong>[\/vc_column_text][vc_tabs style=&#8221;simple&#8221; container_bg_color=&#8221;#ffffff&#8221;][vc_tab title=&#8221;Beskrivning&#8221; tab_id=&#8221;1437655349-1-9871c7-667c&#8221;][vc_column_text css=&#8221;.vc_custom_1665077164951{margin-bottom: 0px !important;}&#8221;]Grunden till en bra branschl\u00f6sning \u00e4r Trix Organizer 7 Facilities Selection, best\u00e5ende av Trix Organizer 7 kompletterad och f\u00f6rinst\u00e4lld f\u00f6r fastighetsf\u00f6rvaltning. Den ger fastighetsf\u00f6rvaltaren en verktygsl\u00e5da f\u00f6r att hantera dokument och information om fastigheter. Utg\u00e5ngspunkten \u00e4r de utrymmen som \u00e4r sj\u00e4lva k\u00e4rnan i fastighetsf\u00f6rvaltningen. Dessa kan f\u00f6rses med olika egenskaper, anv\u00e4ndas f\u00f6r att grafiskt p\u00e5 ritningen skapa hyres- och st\u00e4dkontrakt och anv\u00e4ndas f\u00f6r olika grafiska rapporter, exempelvis f\u00f6r energideklarationer eller brandutrymningsplaner. Det finns ocks\u00e5 verktyg f\u00f6r att s\u00e4tta in symboler som skall redovisa positioner f\u00f6r olika typer av utrustningar, exempelvis brandsl\u00e4ckare.[\/vc_column_text][vc_toggle title=&#8221;Enklare se informationen grafiskt&#8221; el_id=&#8221;1506092288547-da2d4cc6-3a64&#8243;]Det \u00e4r enklare att grafiskt se status p\u00e5 olika utrymmen och utrustningar j\u00e4mf\u00f6rt med via en lista p\u00e5 traditionellt s\u00e4tt. Detta \u00e4r exempelvis aktuellt vid kontroll av att allting st\u00e4mmer \u00f6verens, eller vid drift- och underh\u00e5ll, d\u00e4r en arbetsorder beskriver ett underh\u00e5llsbehov och ritningen visar var utrustningen finns.[\/vc_toggle][vc_toggle title=&#8221;Skapa utrymmen&#8221; el_id=&#8221;1506092009897-c44bc79b-0b74&#8243;]Oavsett om ritningen \u00e4r skannad eller \u00e4r en modern cad-fil, kan utrymmen skapas ovanp\u00e5 den. Utrymmen kan skapas p\u00e5 m\u00e5nga olika s\u00e4tt, det \u00e4r m\u00f6jligt att importera utrymmesbeskrivningar och cad-filer fr\u00e5n en projektering. Eller att rita om pappersritningar till moderna cad-modeller och samtidigt skapa alla utrymmen. Dessa utrymmen har alltid areauppgifterna automatiskt fr\u00e5n b\u00f6rjan, enligt valfria standarder. Det \u00e4r ocks\u00e5 m\u00f6jligt att 3D-m\u00e4ta byggnaden direkt och p\u00e5 s\u00e5 s\u00e4tt skapa informationen.<br \/>\nUtrymmen redovisas grafiskt p\u00e5 ritningen, och med Trix Organizer 7 Facilities Selection kan dessa f\u00f6rses en rumsidentitet och namn samt olika egenskaper. Alla slags typer av egenskaper kan kopplas, exempelvis verksamhets- och funktionsuppgifter, temperaturklassning eller kostnadskoder. Genom att koppla egenskaperna till olika redovisande f\u00e4rger och m\u00f6nster, kan omfattningen av egenskaperna enkelt betraktas grafiskt var f\u00f6r sig. D\u00e5 syns eventuella fel tydligare \u00e4n om de redovisas i en tabell. P\u00e5 s\u00e5 s\u00e4tt kan utrymmen hanteras som viktiga delar i f\u00f6rvaltningen, tydligt synliga via de olika grafiska rapporterna.[\/vc_toggle][vc_toggle title=&#8221;Koppla till kontrakt&#8221; el_id=&#8221;1506092031884-13794144-b996&#8243;]Utrymmen kan grupperas till olika omfattningar som skapar exempelvis kontraktsf\u00f6rslag. Dessa kan i sin tur utg\u00f6ra underlag f\u00f6r kontrakt, exempelvis genom att \u00f6verf\u00f6ras till ett ekonomisystem f\u00f6r kontrakthantering och debitering. Kontrakt kan vara s\u00e5v\u00e4l hyres- som st\u00e4d-kontrakt, eller dokumentering av st\u00e4dfrekvenser och liknande.[\/vc_toggle][vc_toggle title=&#8221;Koppla till utrustningar&#8221; el_id=&#8221;1506092080192-c26a5afe-c733&#8243;]Utrustningar kan registreras och kopplas till utrymmen, eller till symboler. Det finns symboler som kan s\u00e4ttas in p\u00e5 ritningen, f\u00f6r att redovisa utrustningens position. Symbolen kopplas till utrustningsdatabasen, som kan hantera olika typer av utrustningar och komponenter, exempelvis brandsl\u00e4ckare eller fl\u00e4ktmotorer. Dessa utrustnings- och komponenttyper kan f\u00f6rses med olika egenskaper, som kan anv\u00e4ndas f\u00f6r att s\u00f6ka och hitta den aktuella symbolen direkt p\u00e5 ritningen. Eller kopplas till externa system f\u00f6r drift- och underh\u00e5ll. Informationen l\u00e4ggs ovanp\u00e5 ritningen och p\u00e5verkar inte ritningens original.<br \/>\nUtrustningar kan hanteras p\u00e5 m\u00e5nga s\u00e4tt, b\u00e5de f\u00f6r planering och f\u00f6r fels\u00f6kning, exempelvis via en arbetsorder.[\/vc_toggle][vc_toggle title=&#8221;Skapa l\u00e4genhetsskisser f\u00f6r uthyrning&#8221; el_id=&#8221;1506092115831-2a8c09c9-ebe7&#8243;]L\u00e4genhetsskisser kan genereras utifr\u00e5n en ritning, skisserna kan l\u00e4nkas ihop med ett externt uthyrningssystem, exempelvis bostadsuthyrning p\u00e5 webben. L\u00e4genhetsskisserna \u00e4r arkiverade i Trix Organizer 7 Facilities Selection och beh\u00f6ver inte kopieras till ett annat system. Det externa systemet fr\u00e5gar helt enkelt Trix Organizer 7 Facilities Selection varje g\u00e5ng n\u00e5gon vill se aktuell skiss. Om en ritning r\u00e4ttas, kommer \u00e4ven skissen att r\u00e4ttas, s\u00e5 ingen uppdatering av det externa systemet \u00e4r n\u00f6dv\u00e4ndig eftersom informationen finns p\u00e5 ett st\u00e4lle. Skisserna best\u00e5r av en miniatyr och en \u00f6versiktsskiss f\u00f6rsedd med skalstock som ger m\u00f6jlighet att m\u00e4ta p\u00e5 den.[\/vc_toggle][vc_toggle title=&#8221;Koppla till fastighetssystem&#8221; el_id=&#8221;1506092156841-3767dc67-d818&#8243;]Trix Organizer 7 Facilities Selection kan kopplas samman med moderna fastighets- och verksamhetssystem. Informationen fl\u00f6dar fritt i realtid mellan systemen och ritningen blir ett f\u00f6nster till all fastighetsrelaterad information.[\/vc_toggle][vc_toggle title=&#8221;Flera presentationss\u00e4tt&#8221; el_id=&#8221;1506092194994-af26a6d8-1d3f&#8221;]Informationen kan visas och behandlas i f\u00f6nster eller listor, och exempelvis sorteras med hj\u00e4lp av de egenskaper som finns tillg\u00e4ngliga. Fastighetsinformationen fr\u00e5n andra system kan ses i form av grafisk representation om utrymmets lokalisering, hyres- eller st\u00e4dkontrakt och st\u00e4dfrekvens samt st\u00e4domr\u00e5de, sn\u00f6r\u00f6jning eller definitioner av ytmaterial. Eller som energideklarationer och mycket mer. Utrustningar och komponenterna kan placeras ut som symbolrepresentationer f\u00f6r att \u00e5terge en placering i verkligheten.<br \/>\nTrix Organizer 7 Facilities Selection underl\u00e4ttar och st\u00f6djer behovet av att grafiskt se vilka kontrakt och utrymmen som finns tillg\u00e4ngliga i verksamheten. Eftersom kopplingen \u00e4r dynamisk s\u00e5 att data direkt h\u00e4mtas fr\u00e5n alla f\u00f6rvaltande system kommer f\u00f6r\u00e4ndringar att direkt sl\u00e5 igenom f\u00f6r alla anv\u00e4ndare, exempelvis n\u00e4r ett kontrakt skapas eller f\u00f6r\u00e4ndras.[\/vc_toggle][\/vc_tab][vc_tab title=&#8221;Kundnytta&#8221; tab_id=&#8221;1437655349-2-471c7-667c&#8221;][vc_column_text css=&#8221;.vc_custom_1665077260343{margin-bottom: 0px !important;}&#8221;]Trix Organizer 7 Facility Selection skapar god ordning p\u00e5 strategisk information, ger ut\u00f6kad och kontrollerad tillg\u00e5ng till information om utrymmen och utrustningar. Besparingar i form av minskad tid f\u00f6r \u00e5ters\u00f6kning av information \u00e4r dramatisk. Nya f\u00f6renklade arbetsprocesser skapar m\u00f6jlighet till slimmade organisationer och b\u00e4ttre informationskontroll.[\/vc_column_text][vc_toggle title=&#8221;Aff\u00e4rsprocesser i fokus&#8221; el_id=&#8221;1506092576210-fd6c4ca8-c50d&#8221;]Med Trix Organizer 7 Facility Selection kan ett antal viktiga aff\u00e4rsprocesser st\u00f6djas, framf\u00f6rallt kring informationshanteringen.[\/vc_toggle][vc_toggle title=&#8221;Support till hyresg\u00e4ster&#8221; el_id=&#8221;1506092598400-4526cb0d-eafc&#8221;]Hyresg\u00e4sten g\u00f6r en felanm\u00e4lan, utrymmes- och utrustningsinformationen anv\u00e4nds f\u00f6r att skapa en arbetsorder, med l\u00e4nk till relevant information. Underlag f\u00f6r f\u00f6r\u00e4ndringsarbeten skapas n\u00e4r arbetet utf\u00f6rs.[\/vc_toggle][vc_toggle title=&#8221;Allokering av utrymmen&#8221; el_id=&#8221;1506092633007-9847fd5c-a562&#8243;]De utrymmen som utg\u00f6r k\u00e4rnan i verksamheten, anv\u00e4nds f\u00f6r att skapa hyreskontrakt eller liknande. Nyttjandegraden kan maximeras genom att de grafiska rapporterna tydligt visar tillg\u00e5ngen p\u00e5 fastigheternas utrymmen. Och ritningarna blir ett f\u00f6nster till informationen genom att den \u00e4r l\u00e4nkad vidare.[\/vc_toggle][vc_toggle title=&#8221;Planera f\u00f6r f\u00f6r\u00e4ndring och underh\u00e5ll&#8221; el_id=&#8221;1506092671650-8f3b3b65-43a5&#8243;]De noteringar och p\u00e5visade fel som samlats in, skapar ett underlag f\u00f6r en \u00e5tg\u00e4rdsplanering som g\u00f6rs utifr\u00e5n ritningen och den tillh\u00f6rande informationen. En standardisering av rumstyper och nyckeltal skapas, och kopplas till utrymmen eller kontrakt, och kan anv\u00e4ndas f\u00f6r planering och underh\u00e5ll.[\/vc_toggle][vc_toggle title=&#8221;Genomf\u00f6ra ny- och ombyggnad&#8221; el_id=&#8221;1506092770380-350295f1-5aed&#8221;]Ritningarna och den tillh\u00f6rande informationen kan anv\u00e4ndas f\u00f6r att skapa underlag f\u00f6r ny- och omprojektering. Underlagen checkas ut och revideras med st\u00f6d och under kontroll av Trix Organizer 7 Facility Selection. Hela byggprojektet kan administreras avseende f\u00f6rvaltningsinformationen.[\/vc_toggle][\/vc_tab][vc_tab title=&#8221;Funktioner&#8221; tab_id=&#8221;1437656212997-3-671c7-667c&#8221;][vc_column_text css=&#8221;.vc_custom_1665077309367{margin-bottom: 0px !important;}&#8221;]Trix Organizer 7 Facilities Selection inneh\u00e5ller alla grundl\u00e4ggande funktioner i Trix Organizer 7. Till detta kommer en rad funktioner f\u00f6r fastighetsf\u00f6rvaltningen. H\u00e4r \u00e4r ett urval:<\/p>\n<ul>\n<li>Skapa identifierbara utrymmen p\u00e5 en ritning<\/li>\n<li>S\u00e4tta in symbol som representerar en viss utrustning p\u00e5 en ritning<\/li>\n<li>S\u00f6kning och rapportering grafiskt med ritningen som grund<\/li>\n<li>Konfigurera egenskapsf\u00e4lt f\u00f6r olika objekttyper efter eget behov<\/li>\n<li>Koppla till externa system och synkronisera egenskaper<\/li>\n<li>Lagra dokument fr\u00e5n externa system<\/li>\n<\/ul>\n[\/vc_column_text][\/vc_tab][vc_tab title=&#8221;Sk\u00e4rmskott&#8221; tab_id=&#8221;1437656199123-2-771c7-667c&#8221;][vc_single_image image=&#8221;5001&#8243; img_size=&#8221;full&#8221;][\/vc_tab][vc_tab title=&#8221;Teknik&#8221; tab_id=&#8221;1437656226012-4-771c7-667c&#8221;][vc_column_text css=&#8221;.vc_custom_1665077325344{margin-bottom: 0px !important;}&#8221;]Trix Organizer 7 Facilities Selection kan f\u00f6rses med en valfri upps\u00e4ttning egenskaper, kopplade till byggnadsverk, utrymmen och utrustningar. Dessa upps\u00e4ttningar kan, och b\u00f6r, matchas mot aktuella standarder inom BIM, exempelvis fi2xml, och utg\u00e5 fr\u00e5n aktuellt behov. Naturligtvis kan upps\u00e4ttningen f\u00f6r\u00e4ndras \u00f6ver tiden, \u00e4ven om en genomt\u00e4nkt struktur skall ing\u00e5 fr\u00e5n b\u00f6rjan.<\/p>\n<p>Eftersom upps\u00e4ttningen av egenskaper \u00e4r valfri kan flera olika krav tillgodoses, b\u00e5de kundkrav och branschkrav.<br \/>\nStyrkan ligger framf\u00f6rallt att samtliga egenskaper kan presenteras p\u00e5 de olika ritningarna, som d\u00e4rmed ligger till grund f\u00f6r presentationen i grafiskt l\u00e4ge.[\/vc_column_text][\/vc_tab][vc_tab title=&#8221;Licensiering&#8221; tab_id=&#8221;1508418829410-5-5&#8243;][vc_column_text css=&#8221;.vc_custom_1665077334118{margin-bottom: 0px !important;}&#8221;]Trix Organizer 7 Facilities Selection licenseras p\u00e5 samma s\u00e4tt som Trix Organizer 7.[\/vc_column_text][\/vc_tab][\/vc_tabs][\/vc_column][vc_column width=&#8221;1\/3&#8243;][vc_single_image image=&#8221;4523&#8243; img_size=&#8221;full&#8221;][vc_video link=&#8221;https:\/\/youtu.be\/8yahqZachfE&#8221;][mk_padding_divider][mk_button dimension=&#8221;two&#8221; size=&#8221;medium&#8221; icon=&#8221;mk-moon-file-pdf&#8221; url=&#8221;#\/propertymanagement_pdf&#8221; fullwidth=&#8221;true&#8221;]Trix Organizer 7 Fastighet[\/mk_button][mk_button dimension=&#8221;two&#8221; size=&#8221;medium&#8221; icon=&#8221;mk-moon-file-download&#8221; url=&#8221;#\/facilitymanament_sv_demo&#8221; fullwidth=&#8221;true&#8221;]Beg\u00e4r demo![\/mk_button][mk_padding_divider][\/vc_column][\/vc_row]\n<\/div>","protected":false},"excerpt":{"rendered":"<p>[vc_row fullwidth=&#8221;true&#8221;][vc_column][layerslider_vc id=&#8221;37&#8243;][\/vc_column][\/vc_row][vc_row][vc_column width=&#8221;2\/3&#8243;][vc_column_text css=&#8221;.vc_custom_1665077152776{margin-bottom: 0px !important;}&#8221;] Programpaket f\u00f6r fastighetsf\u00f6rvaltning av teknisk information Trix Organizer 7 Facilities Selection skapar fullst\u00e4ndig kontroll \u00f6ver fastighetens utrymmen och utrustningar och ger en effektiv hantering av dess tekniska information samt en optimal och s\u00e4ker lagring dokument och information. Trix Organizer 7 Facilities Selection best\u00e5r av utvalda programfunktioner f\u00f6r effektivt [&hellip;]<\/p>\n","protected":false},"author":3,"featured_media":0,"parent":6897,"menu_order":0,"comment_status":"open","ping_status":"closed","template":"","meta":{"_acf_changed":false,"footnotes":""},"class_list":["post-4829","page","type-page","status-publish","hentry"],"translation":{"provider":"WPGlobus","version":"3.0.2","language":"sv","enabled_languages":["en","sv"],"languages":{"en":{"title":true,"content":true,"excerpt":false},"sv":{"title":true,"content":true,"excerpt":false}}},"acf":[],"yoast_head":"<!-- This site is optimized with the Yoast SEO plugin v27.4 - https:\/\/yoast.com\/product\/yoast-seo-wordpress\/ -->\n<title>Trix Organizer 7 Facilities Selection - Trix Systems<\/title>\n<meta name=\"robots\" content=\"index, follow, max-snippet:-1, max-image-preview:large, max-video-preview:-1\" \/>\n<link rel=\"canonical\" href=\"https:\/\/trixsystems.com\/selections\/trix-organizer-7-facilities-management\/\" \/>\n<meta property=\"og:locale\" content=\"sv_SE\" \/>\n<meta property=\"og:type\" content=\"article\" \/>\n<meta property=\"og:title\" content=\"Trix Organizer 7 Facilities Selection - Trix Systems\" \/>\n<meta property=\"og:url\" content=\"https:\/\/trixsystems.com\/selections\/trix-organizer-7-facilities-management\/\" \/>\n<meta property=\"og:site_name\" content=\"Trix Systems\" \/>\n<meta property=\"article:modified_time\" content=\"2025-06-16T14:36:41+00:00\" \/>\n<meta name=\"twitter:label1\" content=\"Ber\u00e4knad l\u00e4stid\" \/>\n\t<meta name=\"twitter:data1\" content=\"6 minuter\" \/>\n<script type=\"application\/ld+json\" class=\"yoast-schema-graph\">{\"@context\":\"https:\\\/\\\/schema.org\",\"@graph\":[{\"@type\":\"WebPage\",\"@id\":\"https:\\\/\\\/trixsystems.com\\\/selections\\\/trix-organizer-7-facilities-management\\\/\",\"url\":\"https:\\\/\\\/trixsystems.com\\\/selections\\\/trix-organizer-7-facilities-management\\\/\",\"name\":\"Trix Organizer 7 Facilities Selection - Trix Systems\",\"isPartOf\":{\"@id\":\"https:\\\/\\\/trixsystems.com\\\/sv\\\/#website\"},\"datePublished\":\"2015-08-24T19:22:55+00:00\",\"dateModified\":\"2025-06-16T14:36:41+00:00\",\"description\":\"Trix Organizer hj\u00e4lper dig samla, strukturera och sp\u00e5ra ritningar och dokument f\u00f6r fastighetsf\u00f6rvaltning \u2013 enkelt, s\u00e4kert och \u00f6versk\u00e5dligt.\",\"breadcrumb\":{\"@id\":\"https:\\\/\\\/trixsystems.com\\\/selections\\\/trix-organizer-7-facilities-management\\\/#breadcrumb\"},\"inLanguage\":\"sv-SE\",\"potentialAction\":[{\"@type\":\"ReadAction\",\"target\":[\"https:\\\/\\\/trixsystems.com\\\/selections\\\/trix-organizer-7-facilities-management\\\/\"]}]},{\"@type\":\"BreadcrumbList\",\"@id\":\"https:\\\/\\\/trixsystems.com\\\/selections\\\/trix-organizer-7-facilities-management\\\/#breadcrumb\",\"itemListElement\":[{\"@type\":\"ListItem\",\"position\":1,\"name\":\"Hem\",\"item\":\"https:\\\/\\\/trixsystems.com\\\/sv\\\/\"},{\"@type\":\"ListItem\",\"position\":2,\"name\":\"Selections\",\"item\":\"https:\\\/\\\/trixsystems.com\\\/selections\\\/\"},{\"@type\":\"ListItem\",\"position\":3,\"name\":\"Trix Organizer 7 Facilities Selection\"}]},{\"@type\":\"WebSite\",\"@id\":\"https:\\\/\\\/trixsystems.com\\\/sv\\\/#website\",\"url\":\"https:\\\/\\\/trixsystems.com\\\/sv\\\/\",\"name\":\"Trix Systems\",\"description\":\"Trix Systems\",\"publisher\":{\"@id\":\"https:\\\/\\\/trixsystems.com\\\/sv\\\/#organization\"},\"potentialAction\":[{\"@type\":\"SearchAction\",\"target\":{\"@type\":\"EntryPoint\",\"urlTemplate\":\"https:\\\/\\\/trixsystems.com\\\/sv\\\/?s={search_term_string}\"},\"query-input\":{\"@type\":\"PropertyValueSpecification\",\"valueRequired\":true,\"valueName\":\"search_term_string\"}}],\"inLanguage\":\"sv-SE\"},{\"@type\":\"Organization\",\"@id\":\"https:\\\/\\\/trixsystems.com\\\/sv\\\/#organization\",\"name\":\"Trix Systems\",\"url\":\"https:\\\/\\\/trixsystems.com\\\/sv\\\/\",\"logo\":{\"@type\":\"ImageObject\",\"inLanguage\":\"sv-SE\",\"@id\":\"https:\\\/\\\/trixsystems.com\\\/sv\\\/#\\\/schema\\\/logo\\\/image\\\/\",\"url\":\"https:\\\/\\\/trixsystems.com\\\/wp-content\\\/uploads\\\/sites\\\/2\\\/2014\\\/03\\\/trixsystems_logo.png\",\"contentUrl\":\"https:\\\/\\\/trixsystems.com\\\/wp-content\\\/uploads\\\/sites\\\/2\\\/2014\\\/03\\\/trixsystems_logo.png\",\"width\":322,\"height\":54,\"caption\":\"Trix Systems\"},\"image\":{\"@id\":\"https:\\\/\\\/trixsystems.com\\\/sv\\\/#\\\/schema\\\/logo\\\/image\\\/\"}}]}<\/script>\n<!-- \/ Yoast SEO plugin. -->","yoast_head_json":{"title":"Trix Organizer 7 Facilities Selection - Trix Systems","robots":{"index":"index","follow":"follow","max-snippet":"max-snippet:-1","max-image-preview":"max-image-preview:large","max-video-preview":"max-video-preview:-1"},"canonical":"https:\/\/trixsystems.com\/selections\/trix-organizer-7-facilities-management\/","og_locale":"sv_SE","og_type":"article","og_title":"Trix Organizer 7 Facilities Selection - Trix Systems","og_url":"https:\/\/trixsystems.com\/selections\/trix-organizer-7-facilities-management\/","og_site_name":"Trix Systems","article_modified_time":"2025-06-16T14:36:41+00:00","twitter_misc":{"Ber\u00e4knad l\u00e4stid":"6 minuter"},"schema":{"@context":"https:\/\/schema.org","@graph":[{"@type":"WebPage","@id":"https:\/\/trixsystems.com\/selections\/trix-organizer-7-facilities-management\/","url":"https:\/\/trixsystems.com\/selections\/trix-organizer-7-facilities-management\/","name":"Trix Organizer 7 Facilities Selection - Trix Systems","isPartOf":{"@id":"https:\/\/trixsystems.com\/sv\/#website"},"datePublished":"2015-08-24T19:22:55+00:00","dateModified":"2025-06-16T14:36:41+00:00","description":"Trix Organizer hj\u00e4lper dig samla, strukturera och sp\u00e5ra ritningar och dokument f\u00f6r fastighetsf\u00f6rvaltning \u2013 enkelt, s\u00e4kert och \u00f6versk\u00e5dligt.","breadcrumb":{"@id":"https:\/\/trixsystems.com\/selections\/trix-organizer-7-facilities-management\/#breadcrumb"},"inLanguage":"sv-SE","potentialAction":[{"@type":"ReadAction","target":["https:\/\/trixsystems.com\/selections\/trix-organizer-7-facilities-management\/"]}]},{"@type":"BreadcrumbList","@id":"https:\/\/trixsystems.com\/selections\/trix-organizer-7-facilities-management\/#breadcrumb","itemListElement":[{"@type":"ListItem","position":1,"name":"Hem","item":"https:\/\/trixsystems.com\/sv\/"},{"@type":"ListItem","position":2,"name":"Selections","item":"https:\/\/trixsystems.com\/selections\/"},{"@type":"ListItem","position":3,"name":"Trix Organizer 7 Facilities Selection"}]},{"@type":"WebSite","@id":"https:\/\/trixsystems.com\/sv\/#website","url":"https:\/\/trixsystems.com\/sv\/","name":"Trix Systems","description":"Trix Systems","publisher":{"@id":"https:\/\/trixsystems.com\/sv\/#organization"},"potentialAction":[{"@type":"SearchAction","target":{"@type":"EntryPoint","urlTemplate":"https:\/\/trixsystems.com\/sv\/?s={search_term_string}"},"query-input":{"@type":"PropertyValueSpecification","valueRequired":true,"valueName":"search_term_string"}}],"inLanguage":"sv-SE"},{"@type":"Organization","@id":"https:\/\/trixsystems.com\/sv\/#organization","name":"Trix Systems","url":"https:\/\/trixsystems.com\/sv\/","logo":{"@type":"ImageObject","inLanguage":"sv-SE","@id":"https:\/\/trixsystems.com\/sv\/#\/schema\/logo\/image\/","url":"https:\/\/trixsystems.com\/wp-content\/uploads\/sites\/2\/2014\/03\/trixsystems_logo.png","contentUrl":"https:\/\/trixsystems.com\/wp-content\/uploads\/sites\/2\/2014\/03\/trixsystems_logo.png","width":322,"height":54,"caption":"Trix Systems"},"image":{"@id":"https:\/\/trixsystems.com\/sv\/#\/schema\/logo\/image\/"}}]}},"_links":{"self":[{"href":"https:\/\/trixsystems.com\/sv\/wp-json\/wp\/v2\/pages\/4829","targetHints":{"allow":["GET"]}}],"collection":[{"href":"https:\/\/trixsystems.com\/sv\/wp-json\/wp\/v2\/pages"}],"about":[{"href":"https:\/\/trixsystems.com\/sv\/wp-json\/wp\/v2\/types\/page"}],"author":[{"embeddable":true,"href":"https:\/\/trixsystems.com\/sv\/wp-json\/wp\/v2\/users\/3"}],"replies":[{"embeddable":true,"href":"https:\/\/trixsystems.com\/sv\/wp-json\/wp\/v2\/comments?post=4829"}],"version-history":[{"count":10,"href":"https:\/\/trixsystems.com\/sv\/wp-json\/wp\/v2\/pages\/4829\/revisions"}],"predecessor-version":[{"id":9139,"href":"https:\/\/trixsystems.com\/sv\/wp-json\/wp\/v2\/pages\/4829\/revisions\/9139"}],"up":[{"embeddable":true,"href":"https:\/\/trixsystems.com\/sv\/wp-json\/wp\/v2\/pages\/6897"}],"wp:attachment":[{"href":"https:\/\/trixsystems.com\/sv\/wp-json\/wp\/v2\/media?parent=4829"}],"curies":[{"name":"wp","href":"https:\/\/api.w.org\/{rel}","templated":true}]}}