{"id":4843,"date":"2015-08-25T00:02:21","date_gmt":"2015-08-24T22:02:21","guid":{"rendered":"http:\/\/trixsystems.se\/?page_id=4843"},"modified":"2025-06-16T16:48:14","modified_gmt":"2025-06-16T14:48:14","slug":"trix-organizer-7-industry-management","status":"publish","type":"page","link":"https:\/\/trixsystems.com\/sv\/selections\/trix-organizer-7-industry-management\/","title":{"rendered":"Trix Organizer 7 Industry Selection"},"content":{"rendered":"<div class=\"wpb-content-wrapper\">[vc_row fullwidth=&#8221;true&#8221;][vc_column][layerslider_vc id=&#8221;40&#8243;][\/vc_column][\/vc_row][vc_row][vc_column width=&#8221;2\/3&#8243;][vc_column_text css=&#8221;.vc_custom_1665078405446{margin-bottom: 0px !important;}&#8221;]\n<h3>Programpaket f\u00f6r industrif\u00f6rvaltning av teknisk information<\/h3>\n<p><strong>Trix Organizer 7 Industry Selection skapar fullst\u00e4ndig kontroll \u00f6ver anl\u00e4ggningens komponenter och utrustningar, ger en effektiv hantering av dessa samt en optimal och s\u00e4ker lagring av informationen.<\/strong><\/p>\n<p><strong>Trix Organizer 7 Industry Selection best\u00e5r av utvalda programfunktioner f\u00f6r effektivt hantering av industrif\u00f6rvaltning av teknisk information.<\/strong>[\/vc_column_text][vc_tabs style=&#8221;simple&#8221; container_bg_color=&#8221;#ffffff&#8221;][vc_tab title=&#8221;Beskrivning&#8221; tab_id=&#8221;1437655349-1-98fae0-5f76&#8243;][vc_column_text css=&#8221;.vc_custom_1665078415989{margin-bottom: 0px !important;}&#8221;]Grunden till en bra branschl\u00f6sning \u00e4r Trix Organizer 7 Industry Selection, best\u00e5ende av Trix Organizer 7 kompletterad och f\u00f6rinst\u00e4lld f\u00f6r industrif\u00f6rvaltning genom Trix AssetManager 7. Den ger f\u00f6rvaltaren en verktygsl\u00e5da f\u00f6r att hantera dokument och information om den industriella verksamhetens utrustning. Utg\u00e5ngspunkten \u00e4r utrustningens referensbeteckningar som kan kopplas till aktuella dokument som beskriver den. Genom att registrera utrustningen och dela in den i olika komponenter, skapas m\u00f6jligheter att drift- och underh\u00e5lla utrustningen och att f\u00f6renkla efters\u00f6kningen av tillh\u00f6rande dokumentation.[\/vc_column_text][vc_toggle title=&#8221;Registrera utrustningar&#8221;]Genom att registrera viktiga utrustningars identiteter, s\u00e5 kallade referensbeteckningar, kan b\u00e5de drift- och underh\u00e5llet av dessa underl\u00e4ttas.[\/vc_toggle][vc_toggle title=&#8221;Bygga referensbeteckningar&#8221;]Referensbeteckningarna kan indelas i olika block enligt internationella standarder. Exempelvis f\u00f6r att redovisa l\u00e4ge, funktion och komponenttyp. Och de olika blocken kan visas strukturerat i ett tr\u00e4d.[\/vc_toggle][vc_toggle title=&#8221;Koppla utrustningar till dokument&#8221;]Genom att koppla referensbeteckningen till de dokument som redovisar utrustningen, kan dessa enkelt och snabbt efters\u00f6kas. Exempelvis i ett driftl\u00e4ge n\u00e4r snabba insatser kr\u00e4vs.[\/vc_toggle][vc_toggle title=&#8221;Koppla byggnader till dokument&#8221;]Anl\u00e4ggningens byggnader \u00e4r ocks\u00e5 viktiga objekt som beh\u00f6ver hanteras. Dess byggnadsidentitet kan kopplas till aktuella dokument.[\/vc_toggle][\/vc_tab][vc_tab title=&#8221;Kundnytta&#8221; tab_id=&#8221;1437655349-2-4fae0-5f76&#8243;][vc_column_text css=&#8221;.vc_custom_1665078444413{margin-bottom: 0px !important;}&#8221;]Trix Organizer 7 Industry Selection skapar god ordning p\u00e5 strategisk information, ger ut\u00f6kad och kontrollerad tillg\u00e5ng till information om utrustningar och dess komponenter. Besparingar i form av minskad tid f\u00f6r \u00e5ters\u00f6kning av information \u00e4r dramatisk. Nya f\u00f6renklade arbetsprocesser skapar m\u00f6jlighet till slimmade organisationer och b\u00e4ttre informationskontroll.[\/vc_column_text][vc_toggle title=&#8221;Snabb efters\u00f6kning av dokument&#8221;]Genom att s\u00f6ka med hj\u00e4lp av referensbeteckningen kan aktuella dokument hittas. Bra n\u00e4r det kr\u00e4vs snabba insatser.[\/vc_toggle][vc_toggle title=&#8221;Kontroll p\u00e5 utrustningar&#8221;]Genom registreringen av utrustningarna har viktiga egenskaper registrerats. Denna information kan d\u00e4med anv\u00e4ndas f\u00f6r snabb tillg\u00e5ng till teknisk information och planering.[\/vc_toggle][vc_toggle title=&#8221;Kontroll p\u00e5 byggnader&#8221;]Byggnader kan ocks\u00e5 registreras, med sina viktiga egenskaper. Denna information kan d\u00e4med anv\u00e4ndas f\u00f6r snabb tillg\u00e5ng till teknisk information och planering.[\/vc_toggle][vc_toggle title=&#8221;Hantering av underh\u00e5llsplaner&#8221;]Med all information tillg\u00e4nglig i systemet kan drift-, underh\u00e5ll och dess planering skapas.[\/vc_toggle][\/vc_tab][vc_tab title=&#8221;Funktioner&#8221; tab_id=&#8221;1437656212997-3-6fae0-5f76&#8243;][vc_column_text css=&#8221;.vc_custom_1665078457958{margin-bottom: 0px !important;}&#8221;]Trix Organizer 7 Industry Selection inneh\u00e5ller alla grundl\u00e4ggande funktioner i Trix Organizer 7. Till detta kommer en rad funktioner f\u00f6r industrif\u00f6rvaltningen. H\u00e4r \u00e4r ett urval:<\/p>\n<ul>\n<li>Bygga upp utrustnings- och komponentidentiteter<\/li>\n<li>Strukturera dessa och visualisera i tr\u00e4d<\/li>\n<li>Konfigurera egenskapsf\u00e4lt f\u00f6r olika objekttyper efter eget behov<\/li>\n<li>Koppla till externa system och synkronisera egenskaper<\/li>\n<li>Koppla dokument till utrustnings- och komponentidentiteter<\/li>\n<\/ul>\n[\/vc_column_text][\/vc_tab][vc_tab title=&#8221;Sk\u00e4rmskott&#8221; tab_id=&#8221;1437656199123-2-7fae0-5f76&#8243;][vc_single_image image=&#8221;8053&#8243; img_size=&#8221;full&#8221;][\/vc_tab][vc_tab title=&#8221;Teknik&#8221; tab_id=&#8221;1437656226012-4-7fae0-5f76&#8243;][vc_column_text css=&#8221;.vc_custom_1665078470470{margin-bottom: 0px !important;}&#8221;]Trix Organizer 7 Industry kan f\u00f6rses med en valfri upps\u00e4ttning egenskaper, kopplade till utrustning och komponenter. Dessa upps\u00e4ttningar kan, och b\u00f6r, struktureras\u00a0 med aktuella standarder nationellt och internationellt. Dessa egenskaper bildas genom f\u00e4lt i databasen, som kan anpassas till varje kundbehov. Import och export av dessa data samt koppling via REST-api:er \u00e4r m\u00f6jligt.<\/p>\n<p>D\u00e4rmed skapas en f\u00f6rdel genom att externa leverant\u00f6rer \u00e4r vana vid s\u00e5dana standarder. En genomt\u00e4nkt struktur skapar allts\u00e5 optimala f\u00f6ruts\u00e4ttningar f\u00f6r b\u00e4ttre l\u00f6nsamhet.[\/vc_column_text][\/vc_tab][vc_tab title=&#8221;Licensiering&#8221; tab_id=&#8221;1508417655442-5-7&#8243;][vc_column_text css=&#8221;.vc_custom_1665078482159{margin-bottom: 0px !important;}&#8221;]Trix Organizer 7 Industry Selection licenseras p\u00e5 samma s\u00e4tt som Trix Organizer 7.[\/vc_column_text][\/vc_tab][\/vc_tabs][\/vc_column][vc_column width=&#8221;1\/3&#8243;][vc_single_image image=&#8221;4523&#8243; img_size=&#8221;full&#8221;][vc_video link=&#8221;https:\/\/youtu.be\/8Ugo8ZmTLj0&#8243;][mk_padding_divider][mk_button dimension=&#8221;two&#8221; size=&#8221;medium&#8221; icon=&#8221;mk-moon-file-pdf&#8221; url=&#8221;#\/industrymanagement__sv_pdf&#8221; fullwidth=&#8221;true&#8221;]Trix Organizer 7 Industri[\/mk_button][mk_button dimension=&#8221;two&#8221; size=&#8221;medium&#8221; icon=&#8221;mk-moon-file-download&#8221; url=&#8221;#\/industrymanament_sv_demo&#8221; fullwidth=&#8221;true&#8221;]Beg\u00e4r demo![\/mk_button][mk_padding_divider][\/vc_column][\/vc_row]\n<\/div>","protected":false},"excerpt":{"rendered":"<p>[vc_row fullwidth=&#8221;true&#8221;][vc_column][layerslider_vc id=&#8221;40&#8243;][\/vc_column][\/vc_row][vc_row][vc_column width=&#8221;2\/3&#8243;][vc_column_text css=&#8221;.vc_custom_1665078405446{margin-bottom: 0px !important;}&#8221;] Programpaket f\u00f6r industrif\u00f6rvaltning av teknisk information Trix Organizer 7 Industry Selection skapar fullst\u00e4ndig kontroll \u00f6ver anl\u00e4ggningens komponenter och utrustningar, ger en effektiv hantering av dessa samt en optimal och s\u00e4ker lagring av informationen. Trix Organizer 7 Industry Selection best\u00e5r av utvalda programfunktioner f\u00f6r effektivt hantering av industrif\u00f6rvaltning av [&hellip;]<\/p>\n","protected":false},"author":3,"featured_media":0,"parent":6897,"menu_order":0,"comment_status":"open","ping_status":"open","template":"","meta":{"_acf_changed":false,"footnotes":""},"class_list":["post-4843","page","type-page","status-publish","hentry"],"translation":{"provider":"WPGlobus","version":"3.0.2","language":"sv","enabled_languages":["en","sv"],"languages":{"en":{"title":true,"content":true,"excerpt":false},"sv":{"title":true,"content":true,"excerpt":false}}},"acf":[],"yoast_head":"<!-- This site is optimized with the Yoast SEO plugin v27.4 - https:\/\/yoast.com\/product\/yoast-seo-wordpress\/ -->\n<title>Trix Organizer 7 Industry Selection - Trix Systems<\/title>\n<meta name=\"robots\" content=\"index, follow, max-snippet:-1, max-image-preview:large, max-video-preview:-1\" \/>\n<link rel=\"canonical\" href=\"https:\/\/trixsystems.com\/selections\/trix-organizer-7-industry-management\/\" \/>\n<meta property=\"og:locale\" content=\"sv_SE\" \/>\n<meta property=\"og:type\" content=\"article\" \/>\n<meta property=\"og:title\" content=\"Trix Organizer 7 Industry Selection - Trix Systems\" \/>\n<meta property=\"og:url\" content=\"https:\/\/trixsystems.com\/selections\/trix-organizer-7-industry-management\/\" \/>\n<meta property=\"og:site_name\" content=\"Trix Systems\" \/>\n<meta property=\"article:modified_time\" content=\"2025-06-16T14:48:14+00:00\" \/>\n<meta name=\"twitter:label1\" content=\"Ber\u00e4knad l\u00e4stid\" \/>\n\t<meta name=\"twitter:data1\" content=\"3 minuter\" \/>\n<script type=\"application\/ld+json\" class=\"yoast-schema-graph\">{\"@context\":\"https:\\\/\\\/schema.org\",\"@graph\":[{\"@type\":\"WebPage\",\"@id\":\"https:\\\/\\\/trixsystems.com\\\/selections\\\/trix-organizer-7-industry-management\\\/\",\"url\":\"https:\\\/\\\/trixsystems.com\\\/selections\\\/trix-organizer-7-industry-management\\\/\",\"name\":\"Trix Organizer 7 Industry Selection - Trix Systems\",\"isPartOf\":{\"@id\":\"https:\\\/\\\/trixsystems.com\\\/sv\\\/#website\"},\"datePublished\":\"2015-08-24T22:02:21+00:00\",\"dateModified\":\"2025-06-16T14:48:14+00:00\",\"description\":\"Samla, sp\u00e5ra och hantera tekniska dokument och ritningar med Trix Organizer f\u00f6r industrif\u00f6rvaltning \u2013 s\u00e4kert, versionsstyrt och effektivt.\",\"breadcrumb\":{\"@id\":\"https:\\\/\\\/trixsystems.com\\\/selections\\\/trix-organizer-7-industry-management\\\/#breadcrumb\"},\"inLanguage\":\"sv-SE\",\"potentialAction\":[{\"@type\":\"ReadAction\",\"target\":[\"https:\\\/\\\/trixsystems.com\\\/selections\\\/trix-organizer-7-industry-management\\\/\"]}]},{\"@type\":\"BreadcrumbList\",\"@id\":\"https:\\\/\\\/trixsystems.com\\\/selections\\\/trix-organizer-7-industry-management\\\/#breadcrumb\",\"itemListElement\":[{\"@type\":\"ListItem\",\"position\":1,\"name\":\"Hem\",\"item\":\"https:\\\/\\\/trixsystems.com\\\/sv\\\/\"},{\"@type\":\"ListItem\",\"position\":2,\"name\":\"Selections\",\"item\":\"https:\\\/\\\/trixsystems.com\\\/selections\\\/\"},{\"@type\":\"ListItem\",\"position\":3,\"name\":\"Trix Organizer 7 Industry Selection\"}]},{\"@type\":\"WebSite\",\"@id\":\"https:\\\/\\\/trixsystems.com\\\/sv\\\/#website\",\"url\":\"https:\\\/\\\/trixsystems.com\\\/sv\\\/\",\"name\":\"Trix Systems\",\"description\":\"Trix Systems\",\"publisher\":{\"@id\":\"https:\\\/\\\/trixsystems.com\\\/sv\\\/#organization\"},\"potentialAction\":[{\"@type\":\"SearchAction\",\"target\":{\"@type\":\"EntryPoint\",\"urlTemplate\":\"https:\\\/\\\/trixsystems.com\\\/sv\\\/?s={search_term_string}\"},\"query-input\":{\"@type\":\"PropertyValueSpecification\",\"valueRequired\":true,\"valueName\":\"search_term_string\"}}],\"inLanguage\":\"sv-SE\"},{\"@type\":\"Organization\",\"@id\":\"https:\\\/\\\/trixsystems.com\\\/sv\\\/#organization\",\"name\":\"Trix Systems\",\"url\":\"https:\\\/\\\/trixsystems.com\\\/sv\\\/\",\"logo\":{\"@type\":\"ImageObject\",\"inLanguage\":\"sv-SE\",\"@id\":\"https:\\\/\\\/trixsystems.com\\\/sv\\\/#\\\/schema\\\/logo\\\/image\\\/\",\"url\":\"https:\\\/\\\/trixsystems.com\\\/wp-content\\\/uploads\\\/sites\\\/2\\\/2014\\\/03\\\/trixsystems_logo.png\",\"contentUrl\":\"https:\\\/\\\/trixsystems.com\\\/wp-content\\\/uploads\\\/sites\\\/2\\\/2014\\\/03\\\/trixsystems_logo.png\",\"width\":322,\"height\":54,\"caption\":\"Trix Systems\"},\"image\":{\"@id\":\"https:\\\/\\\/trixsystems.com\\\/sv\\\/#\\\/schema\\\/logo\\\/image\\\/\"}}]}<\/script>\n<!-- \/ Yoast SEO plugin. -->","yoast_head_json":{"title":"Trix Organizer 7 Industry Selection - Trix Systems","robots":{"index":"index","follow":"follow","max-snippet":"max-snippet:-1","max-image-preview":"max-image-preview:large","max-video-preview":"max-video-preview:-1"},"canonical":"https:\/\/trixsystems.com\/selections\/trix-organizer-7-industry-management\/","og_locale":"sv_SE","og_type":"article","og_title":"Trix Organizer 7 Industry Selection - Trix Systems","og_url":"https:\/\/trixsystems.com\/selections\/trix-organizer-7-industry-management\/","og_site_name":"Trix Systems","article_modified_time":"2025-06-16T14:48:14+00:00","twitter_misc":{"Ber\u00e4knad l\u00e4stid":"3 minuter"},"schema":{"@context":"https:\/\/schema.org","@graph":[{"@type":"WebPage","@id":"https:\/\/trixsystems.com\/selections\/trix-organizer-7-industry-management\/","url":"https:\/\/trixsystems.com\/selections\/trix-organizer-7-industry-management\/","name":"Trix Organizer 7 Industry Selection - Trix Systems","isPartOf":{"@id":"https:\/\/trixsystems.com\/sv\/#website"},"datePublished":"2015-08-24T22:02:21+00:00","dateModified":"2025-06-16T14:48:14+00:00","description":"Samla, sp\u00e5ra och hantera tekniska dokument och ritningar med Trix Organizer f\u00f6r industrif\u00f6rvaltning \u2013 s\u00e4kert, versionsstyrt och effektivt.","breadcrumb":{"@id":"https:\/\/trixsystems.com\/selections\/trix-organizer-7-industry-management\/#breadcrumb"},"inLanguage":"sv-SE","potentialAction":[{"@type":"ReadAction","target":["https:\/\/trixsystems.com\/selections\/trix-organizer-7-industry-management\/"]}]},{"@type":"BreadcrumbList","@id":"https:\/\/trixsystems.com\/selections\/trix-organizer-7-industry-management\/#breadcrumb","itemListElement":[{"@type":"ListItem","position":1,"name":"Hem","item":"https:\/\/trixsystems.com\/sv\/"},{"@type":"ListItem","position":2,"name":"Selections","item":"https:\/\/trixsystems.com\/selections\/"},{"@type":"ListItem","position":3,"name":"Trix Organizer 7 Industry Selection"}]},{"@type":"WebSite","@id":"https:\/\/trixsystems.com\/sv\/#website","url":"https:\/\/trixsystems.com\/sv\/","name":"Trix Systems","description":"Trix Systems","publisher":{"@id":"https:\/\/trixsystems.com\/sv\/#organization"},"potentialAction":[{"@type":"SearchAction","target":{"@type":"EntryPoint","urlTemplate":"https:\/\/trixsystems.com\/sv\/?s={search_term_string}"},"query-input":{"@type":"PropertyValueSpecification","valueRequired":true,"valueName":"search_term_string"}}],"inLanguage":"sv-SE"},{"@type":"Organization","@id":"https:\/\/trixsystems.com\/sv\/#organization","name":"Trix Systems","url":"https:\/\/trixsystems.com\/sv\/","logo":{"@type":"ImageObject","inLanguage":"sv-SE","@id":"https:\/\/trixsystems.com\/sv\/#\/schema\/logo\/image\/","url":"https:\/\/trixsystems.com\/wp-content\/uploads\/sites\/2\/2014\/03\/trixsystems_logo.png","contentUrl":"https:\/\/trixsystems.com\/wp-content\/uploads\/sites\/2\/2014\/03\/trixsystems_logo.png","width":322,"height":54,"caption":"Trix Systems"},"image":{"@id":"https:\/\/trixsystems.com\/sv\/#\/schema\/logo\/image\/"}}]}},"_links":{"self":[{"href":"https:\/\/trixsystems.com\/sv\/wp-json\/wp\/v2\/pages\/4843","targetHints":{"allow":["GET"]}}],"collection":[{"href":"https:\/\/trixsystems.com\/sv\/wp-json\/wp\/v2\/pages"}],"about":[{"href":"https:\/\/trixsystems.com\/sv\/wp-json\/wp\/v2\/types\/page"}],"author":[{"embeddable":true,"href":"https:\/\/trixsystems.com\/sv\/wp-json\/wp\/v2\/users\/3"}],"replies":[{"embeddable":true,"href":"https:\/\/trixsystems.com\/sv\/wp-json\/wp\/v2\/comments?post=4843"}],"version-history":[{"count":11,"href":"https:\/\/trixsystems.com\/sv\/wp-json\/wp\/v2\/pages\/4843\/revisions"}],"predecessor-version":[{"id":9140,"href":"https:\/\/trixsystems.com\/sv\/wp-json\/wp\/v2\/pages\/4843\/revisions\/9140"}],"up":[{"embeddable":true,"href":"https:\/\/trixsystems.com\/sv\/wp-json\/wp\/v2\/pages\/6897"}],"wp:attachment":[{"href":"https:\/\/trixsystems.com\/sv\/wp-json\/wp\/v2\/media?parent=4843"}],"curies":[{"name":"wp","href":"https:\/\/api.w.org\/{rel}","templated":true}]}}