{"id":4871,"date":"2015-08-25T16:41:09","date_gmt":"2015-08-25T14:41:09","guid":{"rendered":"http:\/\/trixsystems.se\/?page_id=4871"},"modified":"2025-06-16T16:09:05","modified_gmt":"2025-06-16T14:09:05","slug":"trix-projectaccess","status":"publish","type":"page","link":"https:\/\/trixsystems.com\/sv\/products\/trix-projectaccess\/","title":{"rendered":"Trix ProjectAccess"},"content":{"rendered":"<div class=\"wpb-content-wrapper\">[vc_row fullwidth=&#8221;true&#8221;][vc_column][layerslider_vc id=&#8221;21&#8243;][\/vc_column][\/vc_row][vc_row][vc_column width=&#8221;2\/3&#8243;][vc_column_text css=&#8221;.vc_custom_1611774754593{margin-bottom: 0px !important;}&#8221;]\n<h1>Projektportal f\u00f6r kunder och leverant\u00f6rer<\/h1>\n<p><strong>Trix ProjectAccess 7 \u00e4r en projektsite, d\u00e4r in- och utleveranser av dokumentfiler sker och d\u00e4r all n\u00f6dv\u00e4ndig projektadministration g\u00f6rs. Tanken bakom Trix ProjectAccess 7 \u00e4r att smidigare kunna hantera den digitala dokumentationen i samband med f\u00f6r\u00e4ndringar, som g\u00f6rs av externa parter. Genom att till\u00e5ta dem att logga in i projektarkivet via internet, kan hela hanteringen f\u00f6renklas och f\u00e5 b\u00e4ttre kvalitet. Det g\u00e5r ocks\u00e5 att spara mycket tid genom att ta bort okontrollerad kopiering och distribution av filer. Vid inleverans ser systemet till att dokumentfilerna levereras p\u00e5 ett s\u00e4tt d\u00e4r god ordning premieras.<\/strong>[\/vc_column_text][vc_column_text css=&#8221;.vc_custom_1611779455197{margin-bottom: 0px !important;}&#8221;]\n<h3>Beskrivning<\/h3>\n<p>Trix ProjectAccess 7 \u00e4r en produkt som skapar m\u00f6jlighet f\u00f6r externa medarbetare att h\u00e4mta och leverera filer i samband med f\u00f6r\u00e4ndringsarbeten. Dessa sker n\u00e4stan uteslutande i projektform, d\u00e4r medarbetarna kommer fr\u00e5n b\u00e4st l\u00e4mpad organisation och \u00e4r geografiskt spridda.<\/p>\n<p>Trix ProjectAccess 7 skapar projektorienterade strukturer, som olika instanser f\u00f6r objekt, etapper, milstolpar eller liknande processobjekt. Dokumenten checkas ut fr\u00e5n arkivet i syfte att kunna f\u00f6r\u00e4ndras utan att g\u00e4llande revisioner p\u00e5verkas under projektarbetets g\u00e5ng. All n\u00f6dv\u00e4ndig projektadministration kan g\u00f6ras, exempelvis arkivera projektets dokumentation som m\u00f6tesprotokoll och styrbeskrivningar.<\/p>\n<p>Vid avslutat projekt checkas den kontrollerade och godk\u00e4nda dokumentationen in i f\u00f6rvaltningsarkivet igen. Kvar i projektstrukturen kan projektets dokumentation slutarkiveras f\u00f6r framtida sp\u00e5rbarhet.[\/vc_column_text][vc_toggle title=&#8221;Effektiviserar projektarbetet&#8221; el_class=&#8221;faq-style&#8221;]Trix ProjectAccess 7 effektiviserar dina projekt genom att flytta dokument fr\u00e5n f\u00f6rvaltningsarkivet till en separat projektstruktur, anpassad f\u00f6r varje projekts f\u00f6ruts\u00e4ttningar. Detta inneb\u00e4r att dokumentationen i projektet kan organiseras efter r\u00e5dande behov och \u00f6verenskommelser, samt l\u00f6pande kontrolleras fram tills att arbetet \u00e4r klart. D\u00e5 granskas och godk\u00e4nns den reviderade dokumentationen och flyttas in till f\u00f6rvaltningsarkivet igen \u2013 helt digitalt![\/vc_toggle][vc_toggle title=&#8221;Dela information i projektet&#8221; el_class=&#8221;faq-style&#8221;]Projektet kan dela information via Trix ProjectAccess 7 exempelvis via en struktur som kan best\u00e5 av processobjekt s\u00e5som skeden, milstolpar eller huvudaktiviteter. Dessa ska spegla aktuell projektplan f\u00f6r att st\u00f6dja god ordning och reda i projektets dokumenthantering. Under varje processobjekt kan ett filtr\u00e4d skapas, avsett f\u00f6r utbyte och f\u00f6rmedling av filer i projektet. Filtr\u00e4det anv\u00e4nds som en arbetsyta f\u00f6re den formella inleveransen till aktuellt processobjekt. Externa anv\u00e4ndare kan samverka p\u00e5 ett effektivt s\u00e4tt fram till n\u00e4sta inleverans och sedan \u00f6verl\u00e4mna all dokumentation med full kontroll, genom en incheckning, och f\u00f6rvaltaren kan starta intern behandling och kontroll.[\/vc_toggle][vc_toggle title=&#8221;G\u00f6r dokumenten tillg\u00e4ngliga via webben&#8221; el_class=&#8221;faq-style&#8221;]Trix ProjectAccess 7 g\u00f6r dina dokument tillg\u00e4ngliga online f\u00f6r externa anv\u00e4ndare. Dokument kan checkas ut s\u00e5 att revideringsarbetet kan genomf\u00f6ras utan att originalen i arkivet p\u00e5verkas, och utan att den p\u00e5g\u00e5ende f\u00f6rvaltningsverksamheten st\u00f6rs. Du sparar arbetstid genom att l\u00e5ta externa anv\u00e4ndare f\u00f6lja en gemensam upps\u00e4ttning regler. Dessutom kan hela hanteringen f\u00f6renklas, f\u00e5 b\u00e4ttre kvalitet samtidigt som tids\u00f6dande moment kan elimineras. Och du f\u00e5r dina dokument levererade direkt till ditt arkiv, inte via cd-skivor med tveksam ordning eller via \u00f6verfyllda e-postsystem.[\/vc_toggle][vc_toggle title=&#8221;Inleveranskontroller&#8221; el_class=&#8221;faq-style&#8221;]Trix ProjectAccess 7 inneh\u00e5ller funktioner f\u00f6r att hantera den interna leveranskontrollen. Alla nya och reviderade dokument ska granskas och godk\u00e4nnas innan de accepteras. Detta g\u00f6rs i den formella delen i Trix ProjectAccess 7 och inneb\u00e4r att kontrollprocessen kan kopplas till leveransgodk\u00e4nnanden i projektet. Inleveranskontrollen g\u00f6rs med st\u00f6d av de krav som anges i svensk standard och svenska rekommendationer, exempelvis Bygghandlingar 90, del 8 och den internationella standarden SS-EN 82 045. Detta \u00e4r en stor f\u00f6rdel i kvalitetsarbetet och st\u00f6djer moderna metoder r\u00f6rande digitala leveranskontroller.[\/vc_toggle][vc_toggle title=&#8221;BIM i f\u00f6rvaltningen&#8221; css=&#8221;.vc_custom_1631892150470{margin-bottom: 20px !important;}&#8221; el_class=&#8221;faq-style&#8221;]Trix ProjectAccess 7 hanterar \u00e4ven inleveranser av BIM-information, exempelvis xml-filer med objektsinformation som utrymmesdefinitioner eller komponenter. S\u00e4rskilda funktioner kan hantera denna typ av objekt i enlighet med svensk standardrekommendation Bygghandlingar 90, del 8.[\/vc_toggle][vc_column_text css=&#8221;.vc_custom_1611779527196{margin-bottom: 0px !important;}&#8221;]\n<h3>Kundnytta<\/h3>\n<p>Trix ProjectAccess 7 h\u00f6jer avsev\u00e4rt kvaliteten p\u00e5 inl\u00e4mnad dokumentation genom att systemet tvingar dokumentleverant\u00f6rerna att registrera r\u00e4tt fr\u00e5n b\u00f6rjan. Allt eget arbete med att i efterhand sortera skr\u00e4piga filstrukturer elimineras.[\/vc_column_text][vc_toggle title=&#8221;God ordning som det skall vara&#8221; el_class=&#8221;faq-style&#8221;]Ditt behov av stringent informationshantering st\u00f6ds, mestadels med hj\u00e4lp av en leveransspecifikation som grund. Alla parter m\u00e5ste f\u00f6lja en upps\u00e4ttning regler, som minskar on\u00f6digt efterarbete. Inlevererat material \u00e4r redan fr\u00e5n b\u00f6rjan sorterat och strukturerat enligt \u00f6verenskommelse. Vid inleveranser ser systemet till att dokumentfilerna levereras p\u00e5 ett s\u00e4tt d\u00e4r god ordning premieras, exempelvis att n\u00f6dv\u00e4ndiga sorteringsuppgifter anges.[\/vc_toggle][vc_toggle title=&#8221;Kostnader f\u00f6r kopiering och externa sajter minskas&#8221; el_class=&#8221;faq-style&#8221;]Genom att eliminera behovet av kopiering och distribution av filer via andra sajter, sparas mycket tid. Tanken bakom Trix ProjectAccess 7 \u00e4r att smidigare kunna hantera den digitala dokumentationen i samband med f\u00f6r\u00e4ndringar som g\u00f6rs av externa parter.[\/vc_toggle][vc_toggle title=&#8221;Fokusera p\u00e5 informationen, inte filerna&#8221; el_class=&#8221;faq-style&#8221;]Behovet av den interna arbetsinsatsen blir mer fokuserad p\u00e5 informationsinneh\u00e5llet \u00e4n p\u00e5 administrationen av filer. Genom funktioner i Trix ProjectAccess 7 kan dokumentfilerna kontrolleras med avseende p\u00e5 intern filstruktur och filrelationer. Eventuella justeringar kan g\u00f6ras innan dokumentationen l\u00e4mnas tillbaks till f\u00f6rvaltning. \u00c4ven formella godk\u00e4nnandeprocesser kan genomf\u00f6ras, exempelvis f\u00f6r att uppfylla formella krav p\u00e5 godk\u00e4nnanden f\u00f6re betalning av utf\u00f6rt arbete.[\/vc_toggle][vc_toggle title=&#8221;F\u00f6r alla slags partners&#8221; el_class=&#8221;faq-style&#8221;]Alla slags partners i verksamheten kan dra nytta av att dela dokument. \u00c4ven en servicepartner kan till\u00e5tas komma \u00e5t och uppdatera dokumentation f\u00f6r en viss service\u00e5tg\u00e4rd. H\u00e4r \u00e4r n\u00e5gra exempel:<\/p>\n<ul>\n<li>Projekt med ramavtalade samarbetspartner, som arbetar med flera objekt<\/li>\n<li>Projekt med totalentrepren\u00f6rer (ansvaret ligger utanf\u00f6r den egna organisationen)<\/li>\n<li>Drift- och underh\u00e5llsarbeten i egen regi och i mindre omfattning<\/li>\n<li>Drift- och underh\u00e5llsarbeten via extern part som bara f\u00e5r tillg\u00e5ng till avtalade objekt<\/li>\n<\/ul>\n[\/vc_toggle][vc_toggle title=&#8221;F\u00f6rdelar&#8221; el_class=&#8221;faq-style&#8221;]<i class=\"fa fa-check-square-o\"><\/i> Du f\u00e5r fullst\u00e4ndig kontroll p\u00e5 ut- och inlevererade filer i projekten<br \/>\n<i class=\"fa fa-check-square-o\"><\/i> Du f\u00e5r tillg\u00e5ng till moderna verktyg<br \/>\n<i class=\"fa fa-check-square-o\"><\/i> Du slipper cd-skivor fulla med filer att sortera<br \/>\n<i class=\"fa fa-check-square-o\"><\/i> Du f\u00e5r h\u00f6gre kvalitet p\u00e5 inkommande information i projekten<br \/>\n<i class=\"fa fa-check-square-o\"><\/i> Du slipper betala f\u00f6r olika projektsajter, du har en inbyggd i f\u00f6rvaltningssystemet<br \/>\n<i class=\"fa fa-check-square-o\"><\/i> Du kan hantera b\u00e5de dokument och objektinformation f\u00f6r BIM<br \/>\n<i class=\"fa fa-check-square-o\"><\/i> Du kan arbeta med externa anv\u00e4ndare \u00f6ver internet<br \/>\n<i class=\"fa fa-check-square-o\"><\/i> Du kan arbeta med egna eller externa informationssamordnare[\/vc_toggle][\/vc_column][vc_column width=&#8221;1\/3&#8243;][vc_video link=&#8221;https:\/\/www.youtube.com\/watch?v=ngnR3xtQdYk&#8221;][vc_toggle title=&#8221;Instruktionsfilmer&#8221; el_class=&#8221;videoclips&#8221; css=&#8221;.vc_custom_1739263352112{margin-top: 20px !important;margin-bottom: 20px !important;}&#8221;][youtube_title url=&#8221;https:\/\/www.youtube.com\/watch?v=Kr86kp_L-Tc&#8221;][\/vc_toggle][mk_button dimension=&#8221;two&#8221; size=&#8221;medium&#8221; icon=&#8221;mk-moon-file-pdf&#8221; url=&#8221;#\/projectaccess_pdf&#8221; fullwidth=&#8221;true&#8221;]Trix ProjectAccess 7[\/mk_button][mk_button dimension=&#8221;two&#8221; size=&#8221;medium&#8221; icon=&#8221;mk-moon-file-download&#8221; url=&#8221;#\/projectaccess_sv_demo&#8221; fullwidth=&#8221;true&#8221;]Beg\u00e4r demo![\/mk_button][mk_button dimension=&#8221;two&#8221; size=&#8221;medium&#8221; icon=&#8221;mk-li-shop&#8221; url=&#8221;#\/koplicens&#8221; fullwidth=&#8221;true&#8221; el_class=&#8221;disabled&#8221; bg_color=&#8221;#e67929&#8243;]K\u00f6p licens[\/mk_button][mk_padding_divider][vc_tabs style=&#8221;simple&#8221; container_bg_color=&#8221;#ffffff&#8221; el_class=&#8221;trix-tabs&#8221;][vc_tab title=&#8221;FUNKTIONER&#8221; tab_id=&#8221;1437656212997-3-6ffd0-7ce8&#8243;][vc_column_text]Trix ProjectAccess 7 har verktyg f\u00f6r att kunna hantera f\u00f6r\u00e4ndringar av dokument och information under kontrollerade former, samtidigt som f\u00f6reg\u00e5ende revisioner hela tiden finns tillg\u00e4ngliga p\u00e5 sin normala arkivplats i f\u00f6rvaltningsarkivet. Alla leveranser loggas i anslagstavlan som automatiska meddelanden, vilket skapar sp\u00e5rbarhet. Informationssamordnaren kan administrera och f\u00e5 \u00f6verblick \u00f6ver alla p\u00e5g\u00e5ende projekt och anv\u00e4ndare.<\/p>\n<p>Systemet inneh\u00e5ller en rad verktyg f\u00f6r att hantera projektets filer, exempelvis verktyg f\u00f6r hantering och kontroll av cad-filer med sina externa referensfiler, \u00e4ven m\u00f6jlighet att redigera dessa, verktyg f\u00f6r att granska och l\u00e5sa godk\u00e4nda filer samt f\u00f6r att l\u00e4nka nya och mycket annat.[\/vc_column_text][vc_toggle title=&#8221;Filarea f\u00f6r filutbyten&#8221; el_id=&#8221;1506080119994-7c9e5e72-25ed&#8221; el_class=&#8221;faq-style&#8221;]Det finns en ren filarea som kan appliceras valfritt i varje projekttr\u00e4d och anv\u00e4ndas f\u00f6r utbyte av filer. Filarean har samma grundfunktioner som filsystemet, men lagras i databasen, dock med mindre krav p\u00e5 metadata. Syftet \u00e4r att f\u00f6renkla filleveranserna och ist\u00e4llet fokusera p\u00e5 informationen kring dessa. Dokumenten och filerna kan sedan fr\u00e5n filarean till projektarkivet d\u00e5 den formella leveransen sker. Allt detta sker p\u00e5 servern.[\/vc_toggle][vc_toggle title=&#8221;Loggning och kontroll&#8221; el_id=&#8221;1506081072264-3f49110a-a32d&#8221; el_class=&#8221;faq-style&#8221;]Interna kontroller kan ske l\u00f6pande eller senast n\u00e4r informationen \u00e5terkommer och skall checkas in i arkivet igen. Granskning och godk\u00e4nnanden kan f\u00f6reg\u00e5 betalningar och f\u00e4rdiga dokument checkas in i f\u00f6rvaltningsarkivet igen.[\/vc_toggle][vc_toggle title=&#8221;Exempel p\u00e5 funktioner&#8221; el_id=&#8221;1506080218954-9dbc16c8-a432&#8243; el_class=&#8221;faq-style&#8221;]\n<ul>\n<li>Ladda upp nya filer och ned kopior av filer<\/li>\n<li>Skapa meddelanden av olika typer<\/li>\n<li>Checka in och ut filer till projektarkivet f\u00f6r formell leverans<\/li>\n<li>Kontrollera filer<\/li>\n<li>Granska och godk\u00e4nna filer<\/li>\n<li>L\u00e5sa filer<\/li>\n<li>Distribuera information<\/li>\n<li>Skapa mallar f\u00f6r projektstrukturer<\/li>\n<li>Titta p\u00e5 filer i dokumentvisaren (viewern)<\/li>\n<li>Dela synpunkter genom r\u00f6d\u00e4ndringar p\u00e5 filerna<\/li>\n<\/ul>\n[\/vc_toggle][\/vc_tab][vc_tab title=&#8221;SK\u00c4RMBILDER&#8221; tab_id=&#8221;1437656199123-2-7ffd0-7ce8&#8243;][mk_image src=&#8221;https:\/\/trixsystems.com\/wp-content\/uploads\/sites\/2\/2022\/10\/pa1.png&#8221; image_width=&#8221;150&#8243; image_height=&#8221;150&#8243; lightbox=&#8221;true&#8221;][mk_image src=&#8221;https:\/\/trixsystems.com\/wp-content\/uploads\/sites\/2\/2022\/10\/pa2.png&#8221; image_width=&#8221;150&#8243; image_height=&#8221;150&#8243; lightbox=&#8221;true&#8221;][mk_image src=&#8221;https:\/\/trixsystems.com\/wp-content\/uploads\/sites\/2\/2015\/08\/PA7.png&#8221; image_width=&#8221;150&#8243; image_height=&#8221;150&#8243; lightbox=&#8221;true&#8221;][\/vc_tab][vc_tab title=&#8221;TEKNIK&#8221; tab_id=&#8221;1437656226012-4-7ffd0-7ce8&#8243;][vc_column_text]Trix Organizer 7 bygger p\u00e5 en teknisk plattform best\u00e5ende av etablerad standard. K\u00e4llkodsbasen bygger p\u00e5 programmeringsspr\u00e5ken C++, Json, Transact SQL, html5, och databasmotorn \u00e4r Microsoft SQL Server. I v\u00e5rt sortiment finner du s\u00e5v\u00e4l standardprogram som skr\u00e4ddarsydda systeml\u00f6sningar f\u00f6r dokument- och informationshantering. Produktfamiljen har utvecklats sedan 1992. K\u00e4llkoderna \u00e4r toppmoderna och underh\u00e5lls kontinuerligt.[\/vc_column_text][vc_toggle title=&#8221;Webb-teknik&#8221; el_id=&#8221;1506081233488-eb386518-4976&#8243; el_class=&#8221;faq-style&#8221;]Trix ProjectAccess 7 baseras p\u00e5 webb-teknik, s\u00e5 p\u00e5 klientdatorn kr\u00e4vs endast valfri n\u00e4tbl\u00e4ddrare som f\u00f6ljer W3C-standarden, exempelvis senaste Microsoft Edge, Mozilla Firefox, Opera, Google Chrome eller Apple Safari. Detta fungerar ocks\u00e5 p\u00e5 mobila enheter som surfplattor och smarta mobiltelefoner.[\/vc_toggle][vc_toggle title=&#8221;Microsoft-databas&#8221; el_id=&#8221;1506081187776-7e35881f-2ce1&#8243; el_class=&#8221;faq-style&#8221;]Trix ProjectAccess 7 arbetar i samma typ av databas som Trix Organizer 7. Detta eliminerar behovet av kopiering av stora volymer av filer n\u00e4r projektet \u00e4r f\u00e4rdigt. B\u00e4ttre ordning och absolut h\u00f6gre kvalitet eftersom det sker med bibeh\u00e5llen dokumentinformation, \u00e4ven metadata (data om filen). Det \u00e4r ocks\u00e5 m\u00f6jligt att installera Trix ProjectAccess 7 p\u00e5 en separat server utanf\u00f6r dom\u00e4nen i syfte att undvika att externa f\u00e5r otill\u00e5ten tillg\u00e5ng till insidans f\u00f6rvaltningsarkiv.[\/vc_toggle][\/vc_tab][vc_tab title=&#8221;LICENSIERING&#8221; tab_id=&#8221;1440873762110-5-5&#8243;][vc_column_text]\n<h3>Licensiering<\/h3>\n<p>Trix Systems License Manager ger dig direkt kontroll \u00f6ver dina Trix-licenser, och ger dig en snabb \u00f6verblick \u00f6ver hur m\u00e5nga licenser som finns tillg\u00e4ngliga av ett program och hur m\u00e5nga av dessa som anv\u00e4nds. Det \u00e4r m\u00f6jligt att administrera licenserna, exempelvis omf\u00f6rdela licenser eller \u00e4ndra antalet licenser genom att tillf\u00f6ra nya licenskoder.<\/p>\n<h3>Klienttyper<\/h3>\n<p>Trix ProjectAccess 7 har flera olika klienttyper som inneh\u00e5ller olika upps\u00e4ttningar av funktioner. Syftet \u00e4r att erbjuda prisv\u00e4rda paket med funktioner, f\u00f6r olika \u00e4ndam\u00e5l och anv\u00e4ndare.[\/vc_column_text][vc_toggle title=&#8221;Trix ProjectAccess 7 Projektadmin (FE)&#8221; el_id=&#8221;1506081436640-eb2e56a4-f59c&#8221; el_class=&#8221;faq-style&#8221;]Omfattar all redigering och administration. Inneh\u00e5ller alla funktioner som redigering, inl\u00e4ggning av data eller hantering av projekt och dokument. Licensen och \u00e4r avsedd f\u00f6r den som beh\u00f6ver g\u00f6ra avancerade arbeten med att administrera dokument och information.[\/vc_toggle][vc_toggle title=&#8221;Trix ProjectAccess 7 Redigerare (EE)&#8221; el_id=&#8221;1506081325616-88cf7e28-6174&#8243; el_class=&#8221;faq-style&#8221;]Omfattar\u00a0redigera och enkel administration. Inneh\u00e5ller funktioner som enklare redigering, g\u00f6ra r\u00f6d\u00e4ndringar och noteringar, inl\u00e4ggning av data eller utcheckning av dokument och \u00e4r avsedd f\u00f6r den som beh\u00f6ver g\u00f6ra enklare arbeten med att \u00e4ndra och administrera dokument.[\/vc_toggle][vc_toggle title=&#8221;Trix ProjectAccess 7 G\u00e4st (EV)&#8221; el_id=&#8221;1506081399855-51cc2ff2-ada6&#8243; el_class=&#8221;faq-style&#8221;]Omfattar\u00a0\u00a0s\u00f6ka, visa och skriva ut. \u00c4r en l\u00e4ttanv\u00e4nd granskningsklient som till\u00e5ter dig att s\u00f6ka upp dokument, granska dem, g\u00f6ra r\u00f6d\u00e4ndringar och noteringar och d\u00e4refter skriva ut dem. Med denna klient kan du inte g\u00f6ra \u00e4ndringar i dokumentoriginalen.[\/vc_toggle][\/vc_tab][\/vc_tabs][\/vc_column][\/vc_row]\n<\/div>","protected":false},"excerpt":{"rendered":"<p>[vc_row fullwidth=&#8221;true&#8221;][vc_column][layerslider_vc id=&#8221;21&#8243;][\/vc_column][\/vc_row][vc_row][vc_column width=&#8221;2\/3&#8243;][vc_column_text css=&#8221;.vc_custom_1611774754593{margin-bottom: 0px !important;}&#8221;] Projektportal f\u00f6r kunder och leverant\u00f6rer Trix ProjectAccess 7 \u00e4r en projektsite, d\u00e4r in- och utleveranser av dokumentfiler sker och d\u00e4r all n\u00f6dv\u00e4ndig projektadministration g\u00f6rs. Tanken bakom Trix ProjectAccess 7 \u00e4r att smidigare kunna hantera den digitala dokumentationen i samband med f\u00f6r\u00e4ndringar, som g\u00f6rs av externa parter. Genom att [&hellip;]<\/p>\n","protected":false},"author":3,"featured_media":0,"parent":6200,"menu_order":0,"comment_status":"open","ping_status":"closed","template":"","meta":{"_acf_changed":false,"footnotes":""},"class_list":["post-4871","page","type-page","status-publish","hentry"],"translation":{"provider":"WPGlobus","version":"3.0.2","language":"sv","enabled_languages":["en","sv"],"languages":{"en":{"title":true,"content":true,"excerpt":false},"sv":{"title":true,"content":true,"excerpt":false}}},"acf":[],"yoast_head":"<!-- This site is optimized with the Yoast SEO plugin v27.4 - https:\/\/yoast.com\/product\/yoast-seo-wordpress\/ -->\n<title>Trix ProjectAccess - Trix Systems<\/title>\n<meta name=\"robots\" content=\"index, follow, max-snippet:-1, max-image-preview:large, max-video-preview:-1\" \/>\n<link rel=\"canonical\" href=\"https:\/\/trixsystems.com\/products\/trix-projectaccess\/\" \/>\n<meta property=\"og:locale\" content=\"sv_SE\" \/>\n<meta property=\"og:type\" content=\"article\" \/>\n<meta property=\"og:title\" content=\"Trix ProjectAccess - Trix Systems\" \/>\n<meta property=\"og:url\" content=\"https:\/\/trixsystems.com\/products\/trix-projectaccess\/\" \/>\n<meta property=\"og:site_name\" content=\"Trix Systems\" \/>\n<meta property=\"article:modified_time\" content=\"2025-06-16T14:09:05+00:00\" \/>\n<meta name=\"twitter:label1\" content=\"Ber\u00e4knad l\u00e4stid\" \/>\n\t<meta name=\"twitter:data1\" content=\"8 minuter\" \/>\n<script type=\"application\/ld+json\" class=\"yoast-schema-graph\">{\"@context\":\"https:\\\/\\\/schema.org\",\"@graph\":[{\"@type\":\"WebPage\",\"@id\":\"https:\\\/\\\/trixsystems.com\\\/products\\\/trix-projectaccess\\\/\",\"url\":\"https:\\\/\\\/trixsystems.com\\\/products\\\/trix-projectaccess\\\/\",\"name\":\"Trix ProjectAccess - Trix Systems\",\"isPartOf\":{\"@id\":\"https:\\\/\\\/trixsystems.com\\\/sv\\\/#website\"},\"datePublished\":\"2015-08-25T14:41:09+00:00\",\"dateModified\":\"2025-06-16T14:09:05+00:00\",\"description\":\"Trix ProjectAccess ger dig en s\u00e4ker projektportal f\u00f6r teknisk dokumentdelning \u2013 kommentera, dela och sp\u00e5ra filer direkt i webbl\u00e4saren.\",\"breadcrumb\":{\"@id\":\"https:\\\/\\\/trixsystems.com\\\/products\\\/trix-projectaccess\\\/#breadcrumb\"},\"inLanguage\":\"sv-SE\",\"potentialAction\":[{\"@type\":\"ReadAction\",\"target\":[\"https:\\\/\\\/trixsystems.com\\\/products\\\/trix-projectaccess\\\/\"]}]},{\"@type\":\"BreadcrumbList\",\"@id\":\"https:\\\/\\\/trixsystems.com\\\/products\\\/trix-projectaccess\\\/#breadcrumb\",\"itemListElement\":[{\"@type\":\"ListItem\",\"position\":1,\"name\":\"Hem\",\"item\":\"https:\\\/\\\/trixsystems.com\\\/sv\\\/\"},{\"@type\":\"ListItem\",\"position\":2,\"name\":\"Products\",\"item\":\"https:\\\/\\\/trixsystems.com\\\/products\\\/\"},{\"@type\":\"ListItem\",\"position\":3,\"name\":\"Trix ProjectAccess\"}]},{\"@type\":\"WebSite\",\"@id\":\"https:\\\/\\\/trixsystems.com\\\/sv\\\/#website\",\"url\":\"https:\\\/\\\/trixsystems.com\\\/sv\\\/\",\"name\":\"Trix Systems\",\"description\":\"Trix Systems\",\"publisher\":{\"@id\":\"https:\\\/\\\/trixsystems.com\\\/sv\\\/#organization\"},\"potentialAction\":[{\"@type\":\"SearchAction\",\"target\":{\"@type\":\"EntryPoint\",\"urlTemplate\":\"https:\\\/\\\/trixsystems.com\\\/sv\\\/?s={search_term_string}\"},\"query-input\":{\"@type\":\"PropertyValueSpecification\",\"valueRequired\":true,\"valueName\":\"search_term_string\"}}],\"inLanguage\":\"sv-SE\"},{\"@type\":\"Organization\",\"@id\":\"https:\\\/\\\/trixsystems.com\\\/sv\\\/#organization\",\"name\":\"Trix Systems\",\"url\":\"https:\\\/\\\/trixsystems.com\\\/sv\\\/\",\"logo\":{\"@type\":\"ImageObject\",\"inLanguage\":\"sv-SE\",\"@id\":\"https:\\\/\\\/trixsystems.com\\\/sv\\\/#\\\/schema\\\/logo\\\/image\\\/\",\"url\":\"https:\\\/\\\/trixsystems.com\\\/wp-content\\\/uploads\\\/sites\\\/2\\\/2014\\\/03\\\/trixsystems_logo.png\",\"contentUrl\":\"https:\\\/\\\/trixsystems.com\\\/wp-content\\\/uploads\\\/sites\\\/2\\\/2014\\\/03\\\/trixsystems_logo.png\",\"width\":322,\"height\":54,\"caption\":\"Trix Systems\"},\"image\":{\"@id\":\"https:\\\/\\\/trixsystems.com\\\/sv\\\/#\\\/schema\\\/logo\\\/image\\\/\"}}]}<\/script>\n<!-- \/ Yoast SEO plugin. -->","yoast_head_json":{"title":"Trix ProjectAccess - Trix Systems","robots":{"index":"index","follow":"follow","max-snippet":"max-snippet:-1","max-image-preview":"max-image-preview:large","max-video-preview":"max-video-preview:-1"},"canonical":"https:\/\/trixsystems.com\/products\/trix-projectaccess\/","og_locale":"sv_SE","og_type":"article","og_title":"Trix ProjectAccess - Trix Systems","og_url":"https:\/\/trixsystems.com\/products\/trix-projectaccess\/","og_site_name":"Trix Systems","article_modified_time":"2025-06-16T14:09:05+00:00","twitter_misc":{"Ber\u00e4knad l\u00e4stid":"8 minuter"},"schema":{"@context":"https:\/\/schema.org","@graph":[{"@type":"WebPage","@id":"https:\/\/trixsystems.com\/products\/trix-projectaccess\/","url":"https:\/\/trixsystems.com\/products\/trix-projectaccess\/","name":"Trix ProjectAccess - Trix Systems","isPartOf":{"@id":"https:\/\/trixsystems.com\/sv\/#website"},"datePublished":"2015-08-25T14:41:09+00:00","dateModified":"2025-06-16T14:09:05+00:00","description":"Trix ProjectAccess ger dig en s\u00e4ker projektportal f\u00f6r teknisk dokumentdelning \u2013 kommentera, dela och sp\u00e5ra filer direkt i webbl\u00e4saren.","breadcrumb":{"@id":"https:\/\/trixsystems.com\/products\/trix-projectaccess\/#breadcrumb"},"inLanguage":"sv-SE","potentialAction":[{"@type":"ReadAction","target":["https:\/\/trixsystems.com\/products\/trix-projectaccess\/"]}]},{"@type":"BreadcrumbList","@id":"https:\/\/trixsystems.com\/products\/trix-projectaccess\/#breadcrumb","itemListElement":[{"@type":"ListItem","position":1,"name":"Hem","item":"https:\/\/trixsystems.com\/sv\/"},{"@type":"ListItem","position":2,"name":"Products","item":"https:\/\/trixsystems.com\/products\/"},{"@type":"ListItem","position":3,"name":"Trix ProjectAccess"}]},{"@type":"WebSite","@id":"https:\/\/trixsystems.com\/sv\/#website","url":"https:\/\/trixsystems.com\/sv\/","name":"Trix Systems","description":"Trix Systems","publisher":{"@id":"https:\/\/trixsystems.com\/sv\/#organization"},"potentialAction":[{"@type":"SearchAction","target":{"@type":"EntryPoint","urlTemplate":"https:\/\/trixsystems.com\/sv\/?s={search_term_string}"},"query-input":{"@type":"PropertyValueSpecification","valueRequired":true,"valueName":"search_term_string"}}],"inLanguage":"sv-SE"},{"@type":"Organization","@id":"https:\/\/trixsystems.com\/sv\/#organization","name":"Trix Systems","url":"https:\/\/trixsystems.com\/sv\/","logo":{"@type":"ImageObject","inLanguage":"sv-SE","@id":"https:\/\/trixsystems.com\/sv\/#\/schema\/logo\/image\/","url":"https:\/\/trixsystems.com\/wp-content\/uploads\/sites\/2\/2014\/03\/trixsystems_logo.png","contentUrl":"https:\/\/trixsystems.com\/wp-content\/uploads\/sites\/2\/2014\/03\/trixsystems_logo.png","width":322,"height":54,"caption":"Trix Systems"},"image":{"@id":"https:\/\/trixsystems.com\/sv\/#\/schema\/logo\/image\/"}}]}},"_links":{"self":[{"href":"https:\/\/trixsystems.com\/sv\/wp-json\/wp\/v2\/pages\/4871","targetHints":{"allow":["GET"]}}],"collection":[{"href":"https:\/\/trixsystems.com\/sv\/wp-json\/wp\/v2\/pages"}],"about":[{"href":"https:\/\/trixsystems.com\/sv\/wp-json\/wp\/v2\/types\/page"}],"author":[{"embeddable":true,"href":"https:\/\/trixsystems.com\/sv\/wp-json\/wp\/v2\/users\/3"}],"replies":[{"embeddable":true,"href":"https:\/\/trixsystems.com\/sv\/wp-json\/wp\/v2\/comments?post=4871"}],"version-history":[{"count":10,"href":"https:\/\/trixsystems.com\/sv\/wp-json\/wp\/v2\/pages\/4871\/revisions"}],"predecessor-version":[{"id":9132,"href":"https:\/\/trixsystems.com\/sv\/wp-json\/wp\/v2\/pages\/4871\/revisions\/9132"}],"up":[{"embeddable":true,"href":"https:\/\/trixsystems.com\/sv\/wp-json\/wp\/v2\/pages\/6200"}],"wp:attachment":[{"href":"https:\/\/trixsystems.com\/sv\/wp-json\/wp\/v2\/media?parent=4871"}],"curies":[{"name":"wp","href":"https:\/\/api.w.org\/{rel}","templated":true}]}}