{"id":6803,"date":"2019-01-29T00:31:20","date_gmt":"2019-01-28T23:31:20","guid":{"rendered":"http:\/\/xtest.trixsystems.se\/?page_id=6803"},"modified":"2025-06-16T14:14:12","modified_gmt":"2025-06-16T12:14:12","slug":"trix-assetmanager","status":"publish","type":"page","link":"https:\/\/trixsystems.com\/sv\/products\/trix-assetmanager\/","title":{"rendered":"Trix AssetManager"},"content":{"rendered":"<div class=\"wpb-content-wrapper\">[vc_row fullwidth=&#8221;true&#8221;][vc_column][layerslider_vc id=&#8221;19&#8243;][\/vc_column][\/vc_row][vc_row][vc_column width=&#8221;2\/3&#8243;][vc_column_text css=&#8221;.vc_custom_1662636397626{margin-bottom: 0px !important;padding-bottom: 10px !important;}&#8221;]\n<h1>Dokumentera utrustningar och koppla till aktuell dokumentation<\/h1>\n<p><strong>Trix AssetManager 7 dokumenterar utrustningar, byggnader, utrymmen och tekniska data via referensbeteckningen samt g\u00f6r det enkelt f\u00f6r anv\u00e4ndaren att hitta tillh\u00f6rande dokumentation som ritningar och manualer.<\/strong>[\/vc_column_text][vc_column_text css=&#8221;.vc_custom_1662636476905{margin-bottom: 0px !important;}&#8221;]\n<h3>Beskrivning<\/h3>\n<p>Trix AssetManager 7 dokumenterar fysiska tillg\u00e5ngar, som tekniska utrustningar, byggnader, utrymmen, byggdelar och liknande. Omfattningen best\u00e4ms av behovet. Dessa fysiska objekt \u00e4r normalt beskrivna i en upps\u00e4ttning av teknisk dokumentation, som enkelt ska kunna efters\u00f6kas. Genom att skapa kopplingar mellan utrustningen och den tillh\u00f6rande dokumentationen \u00f6kas effektiviteten i verksamheten. Detta eftersom den centrala hanteringen vid drift- och underh\u00e5llsarbeten \u00e4r att snabbt och s\u00e4kert kunna serva alla utrustningar, med s\u00e5 korta driftsstopp som m\u00f6jligt.[\/vc_column_text][vc_toggle title=&#8221;SKAPAR M\u00d6JLIGHETER&#8221; el_class=&#8221;faq-style&#8221;]Trix AssetManager 7 hanterar fysiska objekt samt kopplingen till dess dokumentation. N\u00f6dv\u00e4ndig information kan utnyttjas som en tillg\u00e5ng i aktuella arbetsprocesser, och d\u00e4rmed minimeras kostnader genom effektivare och snabbare s\u00f6kning. Utrustningarna i en industriell verksamhet \u00e4r centrala f\u00f6r l\u00f6nsamheten och de kr\u00e4ver ett effektivt och snabbt drift- och underh\u00e5llsarbete. Och d\u00e4rmed \u00e4r behovet av enkelt tillg\u00e4nglig och tr\u00e4ffs\u00e4ker information viktig, n\u00e4r behovet uppst\u00e5r i det dagliga arbetet med verksamheten.[\/vc_toggle][vc_toggle title=&#8221;HUR FUNGERAR DET?&#8221; el_class=&#8221;faq-style&#8221;]Vid f\u00f6rberedelsearbetet registreras de fysiska objekten som dessutom kopplas till relevant dokumentation. Olika s\u00f6kprofiler skapas, anpassade f\u00f6r flera anv\u00e4ndargrupper, s\u00e5 att varje grupp f\u00e5r tr\u00e4ff p\u00e5 just sin dokumentation. Tanken \u00e4r att all tillh\u00f6rande information underh\u00e5lls i Trix AssetManager 7. Varje objekt f\u00f6rses med en utrustningskod med tillh\u00f6rande beskrivning, vilken kan delas in i valfritt antal block. Koden kan brytas till olika kodblock enligt olika internationella industristandarder. Dessa kodblock kan anv\u00e4ndas f\u00f6r att bygga tr\u00e4dobjekt f\u00f6r att skapa \u00f6versikt.<br \/>\nUtrustningskoden \u00e4r d\u00e4rmed l\u00e4nkad till alla relevanta dokument och till de komponenter som<br \/>\ning\u00e5r i utrustningen. \u00c4ven de olika s\u00f6kprofilerna \u00e4r skapade. Detta underl\u00e4ttar s\u00f6kning ytterligare.[\/vc_toggle][vc_toggle title=&#8221;KODSTRUKTUR&#8221; css=&#8221;.vc_custom_1631817835380{margin-bottom: 20px !important;}&#8221; el_class=&#8221;faq-style&#8221;]Trix AssetManager 7 hanterar alla typer av standarder eftersom kodstrukturen konfigureras vid installationen. Exempelvis:<\/p>\n<p><strong>+0121=AS103-BT1<\/strong><\/p>\n<p><strong>Temperaturgivare 1, system =AS103, placering +0121<\/strong>[\/vc_toggle][vc_column_text el_class=&#8221;square-bullet&#8221; css=&#8221;.vc_custom_1662636640080{margin-bottom: 0px !important;padding-bottom: 20px !important;}&#8221;]\n<h3>Kundnytta<\/h3>\n<p>Trix AssetManager ger effektivt st\u00f6d f\u00f6r att snabbt hitta aktuell dokumentation, s\u00e5 att drift och underh\u00e5ll effektiviseras och b\u00e5de pengar och tid sparas i verksamheten.<\/p>\n<ul>\n<li>Dokumenterar fysiska objekt som utrustning och tillh\u00f6rande komponenter<\/li>\n<li>L\u00e4nkar ihop objekten med dokumentationen<\/li>\n<li>Full kontroll p\u00e5 objekten i anl\u00e4ggningen<\/li>\n<li>Effektiv och snabb \u00e5tkomst till dokument och data<\/li>\n<li>Anv\u00e4nder befintlig kodstruktur och st\u00f6djer internationella standarder<\/li>\n<li>Effektiverar drift- och underh\u00e5llsarbetet och sparar pengar<\/li>\n<\/ul>\n[\/vc_column_text][\/vc_column][vc_column width=&#8221;1\/3&#8243;][vc_video link=&#8221;https:\/\/www.youtube.com\/watch?v=6UNmF-WAiYs&#8221;][vc_toggle title=&#8221;Instruktionsfilmer&#8221; el_class=&#8221;videoclips&#8221; css=&#8221;.vc_custom_1739263110943{margin-top: 20px !important;margin-bottom: 20px !important;}&#8221;][youtube_title url=&#8221;https:\/\/www.youtube.com\/watch?v=Jch_HeczdEg&#8221;][\/vc_toggle][mk_button dimension=&#8221;two&#8221; size=&#8221;medium&#8221; icon=&#8221;mk-moon-file-pdf&#8221; url=&#8221;#\/assetmanager_pdf&#8221; fullwidth=&#8221;true&#8221;]Trix AssetManager 7[\/mk_button][mk_button dimension=&#8221;two&#8221; size=&#8221;medium&#8221; icon=&#8221;mk-moon-file-download&#8221; url=&#8221;#\/assetmanager_sv_demo&#8221; fullwidth=&#8221;true&#8221;]Beg\u00e4r demo![\/mk_button][mk_button dimension=&#8221;two&#8221; size=&#8221;medium&#8221; icon=&#8221;mk-li-shop&#8221; url=&#8221;#\/koplicens&#8221; fullwidth=&#8221;true&#8221; el_class=&#8221;disabled&#8221; bg_color=&#8221;#007944&#8243;]K\u00f6p licens[\/mk_button][mk_padding_divider][vc_tabs style=&#8221;simple&#8221; container_bg_color=&#8221;#ffffff&#8221; el_class=&#8221;trix-tabs&#8221;][vc_tab title=&#8221;FUNKTIONER&#8221; tab_id=&#8221;1437656212997-3-62c39-72fd9aa9-3261&#8243;][vc_column_text el_class=&#8221;square-bullet&#8221; css=&#8221;.vc_custom_1631818778928{margin-bottom: 0px !important;}&#8221;]H\u00e4r \u00e4r n\u00e5gra av de viktigaste funktionerna:<\/p>\n<ul>\n<li>Koppla samma relevant dokumentation till utrustningskoden<\/li>\n<li>Visa aktuella dokument direkt via dokumentvisaren<\/li>\n<li>Dela upp utrustningskoden i flera block, ner till komponentniv\u00e5<\/li>\n<li>Beskriv utrustning och komponenter med s\u00f6kbara egenskapsdata<\/li>\n<li>Kvalitetsst\u00e4mpla utrustningskoden innan den tas i bruk<\/li>\n<li>L\u00e4nka utrustningskoden till ett annat system, t.ex. f\u00f6r arbetsorder<\/li>\n<\/ul>\n[\/vc_column_text][\/vc_tab][vc_tab title=&#8221;TEKNIK&#8221; tab_id=&#8221;1437656226012-4-72c39-72fd9aa9-3261&#8243;][vc_column_text el_class=&#8221;square-bullet&#8221; css=&#8221;.vc_custom_1631817181010{margin-bottom: 0px !important;}&#8221;]Trix AssetManager 7 \u00e4r ett moln-baserat system som ska samverka med Trix Organizer 7 f\u00f6r \u00e5tkomst till dokumentationen. Systemet lagras data i en Microsoft SQL Server.<\/p>\n<p>Systemkraven sammanfaller med Trix Organizer 7, se denna.[\/vc_column_text][\/vc_tab][vc_tab title=&#8221;SK\u00c4RMBILDER&#8221; tab_id=&#8221;1437656199123-2-72c39-72fd9aa9-3261&#8243;][mk_image src=&#8221;https:\/\/trixsystems.com\/wp-content\/uploads\/sites\/2\/2022\/10\/am1.png&#8221; image_width=&#8221;150&#8243; image_height=&#8221;150&#8243; lightbox=&#8221;true&#8221;][mk_image src=&#8221;https:\/\/trixsystems.com\/wp-content\/uploads\/sites\/2\/2022\/10\/am2.png&#8221; image_width=&#8221;150&#8243; image_height=&#8221;150&#8243; lightbox=&#8221;true&#8221;][\/vc_tab][vc_tab title=&#8221;LICENSIERING&#8221; tab_id=&#8221;1440869351160-5-59aa9-3261&#8243;][vc_column_text css=&#8221;.vc_custom_1662638722342{margin-bottom: 0px !important;}&#8221;]Trix Systems License Manager ger dig direkt kontroll \u00f6ver dina Trix-licenser och ger dig en snabb \u00f6verblick \u00f6ver hur m\u00e5nga licenser som finns tillg\u00e4ngliga f\u00f6r ett program och hur m\u00e5nga av dessa licenser som anv\u00e4nds. Det \u00e4r m\u00f6jligt att hantera licenserna, till exempel omf\u00f6rdela licenser eller \u00e4ndra antalet licenser genom att l\u00e4gga till nya licenskoder.<\/p>\n<p>KLIENT TYPER<br \/>\nTrix AssetManager 7 har flera olika klienttyper som inneh\u00e5ller olika upps\u00e4ttningar funktioner. Syftet \u00e4r att erbjuda prisv\u00e4rda paket med funktioner f\u00f6r olika \u00e4ndam\u00e5l och anv\u00e4ndare.[\/vc_column_text][vc_toggle title=&#8221;Trix AssetManager 7 FullEdit&#8221;]Omfattar all redigering och administration. Inneh\u00e5ller alla funktioner som redigering, inl\u00e4ggning av data eller hantering av dokument och \u00e4r avsedd f\u00f6r den som beh\u00f6ver g\u00f6ra avancerade arbeten med att administrera dokument och information.[\/vc_toggle][vc_toggle title=&#8221;Trix AssetManager 7 EasyEdit&#8221;]Omfattar redigera och enkel administration. Inneh\u00e5ller funktioner som enklare redigering, g\u00f6ra r\u00f6d\u00e4ndringar och noteringar, inl\u00e4ggning av data eller utcheckning av dokument och \u00e4r avsedd f\u00f6r den som beh\u00f6ver g\u00f6ra enklare arbeten med att \u00e4ndra och administrera dokument.[\/vc_toggle][vc_toggle title=&#8221;Trix AssetManager 7 EasyView&#8221;]Omfattar\u00a0s\u00f6ka, visa och skriva ut. \u00c4r en l\u00e4ttanv\u00e4nd granskningsklient som till\u00e5ter dig att s\u00f6ka upp dokument, granska dem, g\u00f6ra r\u00f6d\u00e4ndringar och noteringar och d\u00e4refter skriva ut dem. Med denna klient kan du inte g\u00f6ra \u00e4ndringar i dokumentoriginalen.[\/vc_toggle][\/vc_tab][\/vc_tabs][\/vc_column][\/vc_row]\n<\/div>","protected":false},"excerpt":{"rendered":"<p>[vc_row fullwidth=&#8221;true&#8221;][vc_column][layerslider_vc id=&#8221;19&#8243;][\/vc_column][\/vc_row][vc_row][vc_column width=&#8221;2\/3&#8243;][vc_column_text css=&#8221;.vc_custom_1662636397626{margin-bottom: 0px !important;padding-bottom: 10px !important;}&#8221;] Dokumentera utrustningar och koppla till aktuell dokumentation Trix AssetManager 7 dokumenterar utrustningar, byggnader, utrymmen och tekniska data via referensbeteckningen samt g\u00f6r det enkelt f\u00f6r anv\u00e4ndaren att hitta tillh\u00f6rande dokumentation som ritningar och manualer.[\/vc_column_text][vc_column_text css=&#8221;.vc_custom_1662636476905{margin-bottom: 0px !important;}&#8221;] Beskrivning Trix AssetManager 7 dokumenterar fysiska tillg\u00e5ngar, som tekniska utrustningar, [&hellip;]<\/p>\n","protected":false},"author":3,"featured_media":0,"parent":6200,"menu_order":0,"comment_status":"closed","ping_status":"closed","template":"","meta":{"_acf_changed":false,"footnotes":""},"class_list":["post-6803","page","type-page","status-publish","hentry"],"translation":{"provider":"WPGlobus","version":"3.0.2","language":"sv","enabled_languages":["en","sv"],"languages":{"en":{"title":true,"content":true,"excerpt":false},"sv":{"title":true,"content":true,"excerpt":false}}},"acf":[],"yoast_head":"<!-- This site is optimized with the Yoast SEO plugin v27.4 - https:\/\/yoast.com\/product\/yoast-seo-wordpress\/ -->\n<title>Trix AssetManager - Trix Systems<\/title>\n<meta name=\"robots\" content=\"index, follow, max-snippet:-1, max-image-preview:large, max-video-preview:-1\" \/>\n<link rel=\"canonical\" href=\"https:\/\/trixsystems.com\/products\/trix-assetmanager\/\" \/>\n<meta property=\"og:locale\" content=\"sv_SE\" \/>\n<meta property=\"og:type\" content=\"article\" \/>\n<meta property=\"og:title\" content=\"Trix AssetManager - Trix Systems\" \/>\n<meta property=\"og:url\" content=\"https:\/\/trixsystems.com\/products\/trix-assetmanager\/\" \/>\n<meta property=\"og:site_name\" content=\"Trix Systems\" \/>\n<meta property=\"article:modified_time\" content=\"2025-06-16T12:14:12+00:00\" \/>\n<meta name=\"twitter:label1\" content=\"Ber\u00e4knad l\u00e4stid\" \/>\n\t<meta name=\"twitter:data1\" content=\"4 minuter\" \/>\n<script type=\"application\/ld+json\" class=\"yoast-schema-graph\">{\"@context\":\"https:\\\/\\\/schema.org\",\"@graph\":[{\"@type\":\"WebPage\",\"@id\":\"https:\\\/\\\/trixsystems.com\\\/products\\\/trix-assetmanager\\\/\",\"url\":\"https:\\\/\\\/trixsystems.com\\\/products\\\/trix-assetmanager\\\/\",\"name\":\"Trix AssetManager - Trix Systems\",\"isPartOf\":{\"@id\":\"https:\\\/\\\/trixsystems.com\\\/sv\\\/#website\"},\"datePublished\":\"2019-01-28T23:31:20+00:00\",\"dateModified\":\"2025-06-16T12:14:12+00:00\",\"description\":\"Hantera och koppla dokument till utrustning, byggnader och komponenter med Trix AssetManager. F\u00e5 struktur och effektivitet i dokumentfl\u00f6det.\",\"breadcrumb\":{\"@id\":\"https:\\\/\\\/trixsystems.com\\\/products\\\/trix-assetmanager\\\/#breadcrumb\"},\"inLanguage\":\"sv-SE\",\"potentialAction\":[{\"@type\":\"ReadAction\",\"target\":[\"https:\\\/\\\/trixsystems.com\\\/products\\\/trix-assetmanager\\\/\"]}]},{\"@type\":\"BreadcrumbList\",\"@id\":\"https:\\\/\\\/trixsystems.com\\\/products\\\/trix-assetmanager\\\/#breadcrumb\",\"itemListElement\":[{\"@type\":\"ListItem\",\"position\":1,\"name\":\"Hem\",\"item\":\"https:\\\/\\\/trixsystems.com\\\/sv\\\/\"},{\"@type\":\"ListItem\",\"position\":2,\"name\":\"Products\",\"item\":\"https:\\\/\\\/trixsystems.com\\\/products\\\/\"},{\"@type\":\"ListItem\",\"position\":3,\"name\":\"Trix AssetManager\"}]},{\"@type\":\"WebSite\",\"@id\":\"https:\\\/\\\/trixsystems.com\\\/sv\\\/#website\",\"url\":\"https:\\\/\\\/trixsystems.com\\\/sv\\\/\",\"name\":\"Trix Systems\",\"description\":\"Trix Systems\",\"publisher\":{\"@id\":\"https:\\\/\\\/trixsystems.com\\\/sv\\\/#organization\"},\"potentialAction\":[{\"@type\":\"SearchAction\",\"target\":{\"@type\":\"EntryPoint\",\"urlTemplate\":\"https:\\\/\\\/trixsystems.com\\\/sv\\\/?s={search_term_string}\"},\"query-input\":{\"@type\":\"PropertyValueSpecification\",\"valueRequired\":true,\"valueName\":\"search_term_string\"}}],\"inLanguage\":\"sv-SE\"},{\"@type\":\"Organization\",\"@id\":\"https:\\\/\\\/trixsystems.com\\\/sv\\\/#organization\",\"name\":\"Trix Systems\",\"url\":\"https:\\\/\\\/trixsystems.com\\\/sv\\\/\",\"logo\":{\"@type\":\"ImageObject\",\"inLanguage\":\"sv-SE\",\"@id\":\"https:\\\/\\\/trixsystems.com\\\/sv\\\/#\\\/schema\\\/logo\\\/image\\\/\",\"url\":\"https:\\\/\\\/trixsystems.com\\\/wp-content\\\/uploads\\\/sites\\\/2\\\/2014\\\/03\\\/trixsystems_logo.png\",\"contentUrl\":\"https:\\\/\\\/trixsystems.com\\\/wp-content\\\/uploads\\\/sites\\\/2\\\/2014\\\/03\\\/trixsystems_logo.png\",\"width\":322,\"height\":54,\"caption\":\"Trix Systems\"},\"image\":{\"@id\":\"https:\\\/\\\/trixsystems.com\\\/sv\\\/#\\\/schema\\\/logo\\\/image\\\/\"}}]}<\/script>\n<!-- \/ Yoast SEO plugin. -->","yoast_head_json":{"title":"Trix AssetManager - Trix Systems","robots":{"index":"index","follow":"follow","max-snippet":"max-snippet:-1","max-image-preview":"max-image-preview:large","max-video-preview":"max-video-preview:-1"},"canonical":"https:\/\/trixsystems.com\/products\/trix-assetmanager\/","og_locale":"sv_SE","og_type":"article","og_title":"Trix AssetManager - Trix Systems","og_url":"https:\/\/trixsystems.com\/products\/trix-assetmanager\/","og_site_name":"Trix Systems","article_modified_time":"2025-06-16T12:14:12+00:00","twitter_misc":{"Ber\u00e4knad l\u00e4stid":"4 minuter"},"schema":{"@context":"https:\/\/schema.org","@graph":[{"@type":"WebPage","@id":"https:\/\/trixsystems.com\/products\/trix-assetmanager\/","url":"https:\/\/trixsystems.com\/products\/trix-assetmanager\/","name":"Trix AssetManager - Trix Systems","isPartOf":{"@id":"https:\/\/trixsystems.com\/sv\/#website"},"datePublished":"2019-01-28T23:31:20+00:00","dateModified":"2025-06-16T12:14:12+00:00","description":"Hantera och koppla dokument till utrustning, byggnader och komponenter med Trix AssetManager. F\u00e5 struktur och effektivitet i dokumentfl\u00f6det.","breadcrumb":{"@id":"https:\/\/trixsystems.com\/products\/trix-assetmanager\/#breadcrumb"},"inLanguage":"sv-SE","potentialAction":[{"@type":"ReadAction","target":["https:\/\/trixsystems.com\/products\/trix-assetmanager\/"]}]},{"@type":"BreadcrumbList","@id":"https:\/\/trixsystems.com\/products\/trix-assetmanager\/#breadcrumb","itemListElement":[{"@type":"ListItem","position":1,"name":"Hem","item":"https:\/\/trixsystems.com\/sv\/"},{"@type":"ListItem","position":2,"name":"Products","item":"https:\/\/trixsystems.com\/products\/"},{"@type":"ListItem","position":3,"name":"Trix AssetManager"}]},{"@type":"WebSite","@id":"https:\/\/trixsystems.com\/sv\/#website","url":"https:\/\/trixsystems.com\/sv\/","name":"Trix Systems","description":"Trix Systems","publisher":{"@id":"https:\/\/trixsystems.com\/sv\/#organization"},"potentialAction":[{"@type":"SearchAction","target":{"@type":"EntryPoint","urlTemplate":"https:\/\/trixsystems.com\/sv\/?s={search_term_string}"},"query-input":{"@type":"PropertyValueSpecification","valueRequired":true,"valueName":"search_term_string"}}],"inLanguage":"sv-SE"},{"@type":"Organization","@id":"https:\/\/trixsystems.com\/sv\/#organization","name":"Trix Systems","url":"https:\/\/trixsystems.com\/sv\/","logo":{"@type":"ImageObject","inLanguage":"sv-SE","@id":"https:\/\/trixsystems.com\/sv\/#\/schema\/logo\/image\/","url":"https:\/\/trixsystems.com\/wp-content\/uploads\/sites\/2\/2014\/03\/trixsystems_logo.png","contentUrl":"https:\/\/trixsystems.com\/wp-content\/uploads\/sites\/2\/2014\/03\/trixsystems_logo.png","width":322,"height":54,"caption":"Trix Systems"},"image":{"@id":"https:\/\/trixsystems.com\/sv\/#\/schema\/logo\/image\/"}}]}},"_links":{"self":[{"href":"https:\/\/trixsystems.com\/sv\/wp-json\/wp\/v2\/pages\/6803","targetHints":{"allow":["GET"]}}],"collection":[{"href":"https:\/\/trixsystems.com\/sv\/wp-json\/wp\/v2\/pages"}],"about":[{"href":"https:\/\/trixsystems.com\/sv\/wp-json\/wp\/v2\/types\/page"}],"author":[{"embeddable":true,"href":"https:\/\/trixsystems.com\/sv\/wp-json\/wp\/v2\/users\/3"}],"replies":[{"embeddable":true,"href":"https:\/\/trixsystems.com\/sv\/wp-json\/wp\/v2\/comments?post=6803"}],"version-history":[{"count":10,"href":"https:\/\/trixsystems.com\/sv\/wp-json\/wp\/v2\/pages\/6803\/revisions"}],"predecessor-version":[{"id":9117,"href":"https:\/\/trixsystems.com\/sv\/wp-json\/wp\/v2\/pages\/6803\/revisions\/9117"}],"up":[{"embeddable":true,"href":"https:\/\/trixsystems.com\/sv\/wp-json\/wp\/v2\/pages\/6200"}],"wp:attachment":[{"href":"https:\/\/trixsystems.com\/sv\/wp-json\/wp\/v2\/media?parent=6803"}],"curies":[{"name":"wp","href":"https:\/\/api.w.org\/{rel}","templated":true}]}}