{"id":7964,"date":"2022-09-15T19:05:43","date_gmt":"2022-09-15T17:05:43","guid":{"rendered":"https:\/\/xtest.trixsystems.se\/?page_id=7964"},"modified":"2022-10-06T16:01:20","modified_gmt":"2022-10-06T14:01:20","slug":"who-are-we","status":"publish","type":"page","link":"https:\/\/trixsystems.com\/sv\/vilka-ar-vi\/","title":{"rendered":"Vilka \u00e4r vi?"},"content":{"rendered":"<div class=\"wpb-content-wrapper\">[vc_row][vc_column width=&#8221;2\/3&#8243;][vc_column_text css=&#8221;.vc_custom_1665064896263{margin-bottom: 0px !important;}&#8221;]\n<h1>Programvaruleverant\u00f6r<\/h1>\n<p><strong>Trix Systems AB<\/strong> utvecklar dessa produkter inom omr\u00e5dena bildbehandling och hantering av dokument och ritningar. Trix Systems AB:s aff\u00e4rsid\u00e9 har redan fr\u00e5n b\u00f6rjan varit att utveckla programvara som g\u00f6r det m\u00f6jligt f\u00f6r anv\u00e4ndare att effektivare utnyttja pappersritningar, bildkort och andra analoga medier i sina datormilj\u00f6er.<\/p>\n<p><strong>Provanum AB<\/strong> har specialiserat sig p\u00e5 att tillhandah\u00e5lla system, tj\u00e4nster och support som optimerar hanteringen av ingenj\u00f6rsbaserad information. F\u00f6rutom att f\u00f6rb\u00e4ttra effektivitet, kvalitet och samarbeten leder detta ocks\u00e5 till \u00f6kad l\u00f6nsamhet. Under produktnamnet Trix levererar f\u00f6retaget flera egenutvecklade produkter och tillh\u00f6rande tj\u00e4nster.<\/p>\n<p>I USA fungerar dotterbolaget <strong>Trix Systems Inc<\/strong> som f\u00f6rs\u00e4ljningskontor f\u00f6r den amerikanska marknaden.<\/p>\n<p>V\u00e5r gemensamma aff\u00e4rsid\u00e9 bygger p\u00e5 att hj\u00e4lpa v\u00e5ra kunder att \u00f6ka tillg\u00e4ngligheten och effektivisera hanteringen av information. Genom att \u00f6ka tillg\u00e4ngligheten och effektivisera hanteringen av teknisk information hj\u00e4lper vi v\u00e5ra kunder att bli mer effektiva. Ritningar, andra dokument och teknisk dokumentation \u00e4r exempel p\u00e5 s\u00e5dan information. V\u00e5ra Trix-produkter ger ocks\u00e5 st\u00f6d i kundernas arbetsprocesser som kretsar kring \u00e4ndringar i teknisk dokumentation och de uppgifter och kvalitetskontroll\u00e5tg\u00e4rder som \u00e4r f\u00f6rknippade med s\u00e5dana \u00e4ndringar.<\/p>\n<p>Titta p\u00e5 <a href=\"https:\/\/provanum.com\">www.provanum.se<\/a>[\/vc_column_text][\/vc_column][vc_column width=&#8221;1\/3&#8243;][vc_single_image image=&#8221;5254&#8243; img_size=&#8221;full&#8221;][\/vc_column][\/vc_row][vc_row][vc_column width=&#8221;2\/3&#8243;][vc_video][\/vc_column][vc_column width=&#8221;1\/3&#8243;][\/vc_column][\/vc_row]\n<\/div>","protected":false},"excerpt":{"rendered":"<p>[vc_row][vc_column width=&#8221;2\/3&#8243;][vc_column_text css=&#8221;.vc_custom_1665064896263{margin-bottom: 0px !important;}&#8221;] Programvaruleverant\u00f6r Trix Systems AB utvecklar dessa produkter inom omr\u00e5dena bildbehandling och hantering av dokument och ritningar. Trix Systems AB:s aff\u00e4rsid\u00e9 har redan fr\u00e5n b\u00f6rjan varit att utveckla programvara som g\u00f6r det m\u00f6jligt f\u00f6r anv\u00e4ndare att effektivare utnyttja pappersritningar, bildkort och andra analoga medier i sina datormilj\u00f6er. Provanum AB har specialiserat [&hellip;]<\/p>\n","protected":false},"author":3,"featured_media":0,"parent":0,"menu_order":0,"comment_status":"closed","ping_status":"closed","template":"","meta":{"_acf_changed":false,"footnotes":""},"class_list":["post-7964","page","type-page","status-publish","hentry"],"translation":{"provider":"WPGlobus","version":"3.0.2","language":"sv","enabled_languages":["en","sv"],"languages":{"en":{"title":true,"content":true,"excerpt":false},"sv":{"title":true,"content":true,"excerpt":false}}},"acf":[],"yoast_head":"<!-- This site is optimized with the Yoast SEO plugin v27.4 - https:\/\/yoast.com\/product\/yoast-seo-wordpress\/ -->\n<title>Vilka \u00e4r vi? - Trix Systems<\/title>\n<meta name=\"robots\" content=\"index, follow, max-snippet:-1, max-image-preview:large, max-video-preview:-1\" \/>\n<link rel=\"canonical\" href=\"https:\/\/trixsystems.com\/who-are-we\/\" \/>\n<meta property=\"og:locale\" content=\"sv_SE\" \/>\n<meta property=\"og:type\" content=\"article\" \/>\n<meta property=\"og:title\" content=\"Vilka \u00e4r vi? - Trix Systems\" \/>\n<meta property=\"og:url\" content=\"https:\/\/trixsystems.com\/who-are-we\/\" \/>\n<meta property=\"og:site_name\" content=\"Trix Systems\" \/>\n<meta property=\"article:modified_time\" content=\"2022-10-06T14:01:20+00:00\" \/>\n<meta name=\"twitter:label1\" content=\"Ber\u00e4knad l\u00e4stid\" \/>\n\t<meta name=\"twitter:data1\" content=\"3 minuter\" \/>\n<script type=\"application\/ld+json\" class=\"yoast-schema-graph\">{\"@context\":\"https:\\\/\\\/schema.org\",\"@graph\":[{\"@type\":\"WebPage\",\"@id\":\"https:\\\/\\\/trixsystems.com\\\/who-are-we\\\/\",\"url\":\"https:\\\/\\\/trixsystems.com\\\/who-are-we\\\/\",\"name\":\"Vilka \u00e4r vi? - Trix Systems\",\"isPartOf\":{\"@id\":\"https:\\\/\\\/trixsystems.com\\\/#website\"},\"datePublished\":\"2022-09-15T17:05:43+00:00\",\"dateModified\":\"2022-10-06T14:01:20+00:00\",\"breadcrumb\":{\"@id\":\"https:\\\/\\\/trixsystems.com\\\/who-are-we\\\/#breadcrumb\"},\"inLanguage\":\"sv-SE\",\"potentialAction\":[{\"@type\":\"ReadAction\",\"target\":[\"https:\\\/\\\/trixsystems.com\\\/who-are-we\\\/\"]}]},{\"@type\":\"BreadcrumbList\",\"@id\":\"https:\\\/\\\/trixsystems.com\\\/who-are-we\\\/#breadcrumb\",\"itemListElement\":[{\"@type\":\"ListItem\",\"position\":1,\"name\":\"Hem\",\"item\":\"https:\\\/\\\/trixsystems.com\\\/\"},{\"@type\":\"ListItem\",\"position\":2,\"name\":\"Who are we?\"}]},{\"@type\":\"WebSite\",\"@id\":\"https:\\\/\\\/trixsystems.com\\\/#website\",\"url\":\"https:\\\/\\\/trixsystems.com\\\/\",\"name\":\"Trix Systems\",\"description\":\"Trix Systems\",\"publisher\":{\"@id\":\"https:\\\/\\\/trixsystems.com\\\/#organization\"},\"potentialAction\":[{\"@type\":\"SearchAction\",\"target\":{\"@type\":\"EntryPoint\",\"urlTemplate\":\"https:\\\/\\\/trixsystems.com\\\/?s={search_term_string}\"},\"query-input\":{\"@type\":\"PropertyValueSpecification\",\"valueRequired\":true,\"valueName\":\"search_term_string\"}}],\"inLanguage\":\"sv-SE\"},{\"@type\":\"Organization\",\"@id\":\"https:\\\/\\\/trixsystems.com\\\/#organization\",\"name\":\"Trix Systems\",\"url\":\"https:\\\/\\\/trixsystems.com\\\/\",\"logo\":{\"@type\":\"ImageObject\",\"inLanguage\":\"sv-SE\",\"@id\":\"https:\\\/\\\/trixsystems.com\\\/#\\\/schema\\\/logo\\\/image\\\/\",\"url\":\"https:\\\/\\\/trixsystems.com\\\/wp-content\\\/uploads\\\/sites\\\/2\\\/2014\\\/03\\\/trixsystems_logo.png\",\"contentUrl\":\"https:\\\/\\\/trixsystems.com\\\/wp-content\\\/uploads\\\/sites\\\/2\\\/2014\\\/03\\\/trixsystems_logo.png\",\"width\":322,\"height\":54,\"caption\":\"Trix Systems\"},\"image\":{\"@id\":\"https:\\\/\\\/trixsystems.com\\\/#\\\/schema\\\/logo\\\/image\\\/\"}}]}<\/script>\n<!-- \/ Yoast SEO plugin. -->","yoast_head_json":{"title":"Vilka \u00e4r vi? - Trix Systems","robots":{"index":"index","follow":"follow","max-snippet":"max-snippet:-1","max-image-preview":"max-image-preview:large","max-video-preview":"max-video-preview:-1"},"canonical":"https:\/\/trixsystems.com\/who-are-we\/","og_locale":"sv_SE","og_type":"article","og_title":"Vilka \u00e4r vi? - Trix Systems","og_url":"https:\/\/trixsystems.com\/who-are-we\/","og_site_name":"Trix Systems","article_modified_time":"2022-10-06T14:01:20+00:00","twitter_misc":{"Ber\u00e4knad l\u00e4stid":"3 minuter"},"schema":{"@context":"https:\/\/schema.org","@graph":[{"@type":"WebPage","@id":"https:\/\/trixsystems.com\/who-are-we\/","url":"https:\/\/trixsystems.com\/who-are-we\/","name":"Vilka \u00e4r vi? - Trix Systems","isPartOf":{"@id":"https:\/\/trixsystems.com\/#website"},"datePublished":"2022-09-15T17:05:43+00:00","dateModified":"2022-10-06T14:01:20+00:00","breadcrumb":{"@id":"https:\/\/trixsystems.com\/who-are-we\/#breadcrumb"},"inLanguage":"sv-SE","potentialAction":[{"@type":"ReadAction","target":["https:\/\/trixsystems.com\/who-are-we\/"]}]},{"@type":"BreadcrumbList","@id":"https:\/\/trixsystems.com\/who-are-we\/#breadcrumb","itemListElement":[{"@type":"ListItem","position":1,"name":"Hem","item":"https:\/\/trixsystems.com\/"},{"@type":"ListItem","position":2,"name":"Who are we?"}]},{"@type":"WebSite","@id":"https:\/\/trixsystems.com\/#website","url":"https:\/\/trixsystems.com\/","name":"Trix Systems","description":"Trix Systems","publisher":{"@id":"https:\/\/trixsystems.com\/#organization"},"potentialAction":[{"@type":"SearchAction","target":{"@type":"EntryPoint","urlTemplate":"https:\/\/trixsystems.com\/?s={search_term_string}"},"query-input":{"@type":"PropertyValueSpecification","valueRequired":true,"valueName":"search_term_string"}}],"inLanguage":"sv-SE"},{"@type":"Organization","@id":"https:\/\/trixsystems.com\/#organization","name":"Trix Systems","url":"https:\/\/trixsystems.com\/","logo":{"@type":"ImageObject","inLanguage":"sv-SE","@id":"https:\/\/trixsystems.com\/#\/schema\/logo\/image\/","url":"https:\/\/trixsystems.com\/wp-content\/uploads\/sites\/2\/2014\/03\/trixsystems_logo.png","contentUrl":"https:\/\/trixsystems.com\/wp-content\/uploads\/sites\/2\/2014\/03\/trixsystems_logo.png","width":322,"height":54,"caption":"Trix Systems"},"image":{"@id":"https:\/\/trixsystems.com\/#\/schema\/logo\/image\/"}}]}},"_links":{"self":[{"href":"https:\/\/trixsystems.com\/sv\/wp-json\/wp\/v2\/pages\/7964","targetHints":{"allow":["GET"]}}],"collection":[{"href":"https:\/\/trixsystems.com\/sv\/wp-json\/wp\/v2\/pages"}],"about":[{"href":"https:\/\/trixsystems.com\/sv\/wp-json\/wp\/v2\/types\/page"}],"author":[{"embeddable":true,"href":"https:\/\/trixsystems.com\/sv\/wp-json\/wp\/v2\/users\/3"}],"replies":[{"embeddable":true,"href":"https:\/\/trixsystems.com\/sv\/wp-json\/wp\/v2\/comments?post=7964"}],"version-history":[{"count":10,"href":"https:\/\/trixsystems.com\/sv\/wp-json\/wp\/v2\/pages\/7964\/revisions"}],"predecessor-version":[{"id":8025,"href":"https:\/\/trixsystems.com\/sv\/wp-json\/wp\/v2\/pages\/7964\/revisions\/8025"}],"wp:attachment":[{"href":"https:\/\/trixsystems.com\/sv\/wp-json\/wp\/v2\/media?parent=7964"}],"curies":[{"name":"wp","href":"https:\/\/api.w.org\/{rel}","templated":true}]}}