{"id":7989,"date":"2022-10-02T18:12:45","date_gmt":"2022-10-02T16:12:45","guid":{"rendered":"https:\/\/xtest.trixsystems.se\/?page_id=7989"},"modified":"2022-10-06T16:38:05","modified_gmt":"2022-10-06T14:38:05","slug":"investors","status":"publish","type":"page","link":"https:\/\/trixsystems.com\/sv\/investerare\/","title":{"rendered":"Investors"},"content":{"rendered":"<div class=\"wpb-content-wrapper\">[vc_row][vc_column width=&#8221;2\/3&#8243;][vc_column_text css=&#8221;.vc_custom_1665065778070{margin-bottom: 0px !important;}&#8221;]\n<h1>V\u00e5ra produkter &amp; tj\u00e4nster p\u00e5 en global marknad<\/h1>\n<p>B\u00e5de v\u00e5ra programprodukter och dess tillh\u00f6rande tj\u00e4nster \u00e4r attraktiva f\u00f6r alla tekniska f\u00f6retag d\u00e4r ingenj\u00f6rsdokumentation f\u00f6rekommer. Detta g\u00e4ller framf\u00f6rallt en internationell marknad eftersom produkter och tj\u00e4nster passar p\u00e5 vilken marknad som helst.<\/p>\n<p>Hela produkt- och tj\u00e4nsteserien som den \u00e4r beskriven p\u00e5 dessa sidor tillf\u00f6r merv\u00e4rden oavsett geografiskt indelade marknadssegment eller i vilken bransch potentiella kunder finns.<\/p>\n<p>Vi s\u00f6ker investerare f\u00f6r att maximalt kunna bredda marknadsf\u00f6ring och f\u00f6rs\u00e4ljning utifr\u00e5n ett globalt perspektiv, d\u00e4r flertalet av v\u00e5ra produktionsenheter \u00e4r lokaliserade i Asien.<\/p>\n<p>Vi \u00e4gare \u00e4r ocks\u00e5 intresserade att s\u00e4lja bolagen.<\/p>\n<p>Vid intresse kontakta Thomas Malmberg, VD, <a href=\"mailto:tm@provanum.se\">tm@provanum.se<\/a>.[\/vc_column_text][\/vc_column][vc_column width=&#8221;1\/3&#8243;][mk_image src=&#8221;https:\/\/trixsystems.com\/wp-content\/uploads\/sites\/2\/2018\/01\/TrixSolution.png&#8221; image_height=&#8221;800&#8243;][\/vc_column][\/vc_row][vc_column width=&#8221;2\/3&#8243;][\/vc_column]\n<\/div>","protected":false},"excerpt":{"rendered":"<p>[vc_row][vc_column width=&#8221;2\/3&#8243;][vc_column_text css=&#8221;.vc_custom_1665065778070{margin-bottom: 0px !important;}&#8221;] V\u00e5ra produkter &amp; tj\u00e4nster p\u00e5 en global marknad B\u00e5de v\u00e5ra programprodukter och dess tillh\u00f6rande tj\u00e4nster \u00e4r attraktiva f\u00f6r alla tekniska f\u00f6retag d\u00e4r ingenj\u00f6rsdokumentation f\u00f6rekommer. Detta g\u00e4ller framf\u00f6rallt en internationell marknad eftersom produkter och tj\u00e4nster passar p\u00e5 vilken marknad som helst. Hela produkt- och tj\u00e4nsteserien som den \u00e4r beskriven p\u00e5 dessa [&hellip;]<\/p>\n","protected":false},"author":1,"featured_media":0,"parent":0,"menu_order":0,"comment_status":"closed","ping_status":"closed","template":"","meta":{"_acf_changed":false,"footnotes":""},"class_list":["post-7989","page","type-page","status-publish","hentry"],"translation":{"provider":"WPGlobus","version":"3.0.2","language":"sv","enabled_languages":["en","sv"],"languages":{"en":{"title":true,"content":true,"excerpt":false},"sv":{"title":false,"content":true,"excerpt":false}}},"acf":[],"yoast_head":"<!-- This site is optimized with the Yoast SEO plugin v27.4 - https:\/\/yoast.com\/product\/yoast-seo-wordpress\/ -->\n<title>Investors - Trix Systems<\/title>\n<meta name=\"robots\" content=\"index, follow, max-snippet:-1, max-image-preview:large, max-video-preview:-1\" \/>\n<link rel=\"canonical\" href=\"https:\/\/trixsystems.com\/investors\/\" \/>\n<meta property=\"og:locale\" content=\"sv_SE\" \/>\n<meta property=\"og:type\" content=\"article\" \/>\n<meta property=\"og:title\" content=\"Investors - Trix Systems\" \/>\n<meta property=\"og:url\" content=\"https:\/\/trixsystems.com\/investors\/\" \/>\n<meta property=\"og:site_name\" content=\"Trix Systems\" \/>\n<meta property=\"article:modified_time\" content=\"2022-10-06T14:38:05+00:00\" \/>\n<meta name=\"twitter:label1\" content=\"Ber\u00e4knad l\u00e4stid\" \/>\n\t<meta name=\"twitter:data1\" content=\"2 minuter\" \/>\n<script type=\"application\/ld+json\" class=\"yoast-schema-graph\">{\"@context\":\"https:\\\/\\\/schema.org\",\"@graph\":[{\"@type\":\"WebPage\",\"@id\":\"https:\\\/\\\/trixsystems.com\\\/investors\\\/\",\"url\":\"https:\\\/\\\/trixsystems.com\\\/investors\\\/\",\"name\":\"Investors - Trix Systems\",\"isPartOf\":{\"@id\":\"https:\\\/\\\/trixsystems.com\\\/sv\\\/#website\"},\"datePublished\":\"2022-10-02T16:12:45+00:00\",\"dateModified\":\"2022-10-06T14:38:05+00:00\",\"breadcrumb\":{\"@id\":\"https:\\\/\\\/trixsystems.com\\\/investors\\\/#breadcrumb\"},\"inLanguage\":\"sv-SE\",\"potentialAction\":[{\"@type\":\"ReadAction\",\"target\":[\"https:\\\/\\\/trixsystems.com\\\/investors\\\/\"]}]},{\"@type\":\"BreadcrumbList\",\"@id\":\"https:\\\/\\\/trixsystems.com\\\/investors\\\/#breadcrumb\",\"itemListElement\":[{\"@type\":\"ListItem\",\"position\":1,\"name\":\"Hem\",\"item\":\"https:\\\/\\\/trixsystems.com\\\/sv\\\/\"},{\"@type\":\"ListItem\",\"position\":2,\"name\":\"Investors\"}]},{\"@type\":\"WebSite\",\"@id\":\"https:\\\/\\\/trixsystems.com\\\/sv\\\/#website\",\"url\":\"https:\\\/\\\/trixsystems.com\\\/sv\\\/\",\"name\":\"Trix Systems\",\"description\":\"Trix Systems\",\"publisher\":{\"@id\":\"https:\\\/\\\/trixsystems.com\\\/sv\\\/#organization\"},\"potentialAction\":[{\"@type\":\"SearchAction\",\"target\":{\"@type\":\"EntryPoint\",\"urlTemplate\":\"https:\\\/\\\/trixsystems.com\\\/sv\\\/?s={search_term_string}\"},\"query-input\":{\"@type\":\"PropertyValueSpecification\",\"valueRequired\":true,\"valueName\":\"search_term_string\"}}],\"inLanguage\":\"sv-SE\"},{\"@type\":\"Organization\",\"@id\":\"https:\\\/\\\/trixsystems.com\\\/sv\\\/#organization\",\"name\":\"Trix Systems\",\"url\":\"https:\\\/\\\/trixsystems.com\\\/sv\\\/\",\"logo\":{\"@type\":\"ImageObject\",\"inLanguage\":\"sv-SE\",\"@id\":\"https:\\\/\\\/trixsystems.com\\\/sv\\\/#\\\/schema\\\/logo\\\/image\\\/\",\"url\":\"https:\\\/\\\/trixsystems.com\\\/wp-content\\\/uploads\\\/sites\\\/2\\\/2014\\\/03\\\/trixsystems_logo.png\",\"contentUrl\":\"https:\\\/\\\/trixsystems.com\\\/wp-content\\\/uploads\\\/sites\\\/2\\\/2014\\\/03\\\/trixsystems_logo.png\",\"width\":322,\"height\":54,\"caption\":\"Trix Systems\"},\"image\":{\"@id\":\"https:\\\/\\\/trixsystems.com\\\/sv\\\/#\\\/schema\\\/logo\\\/image\\\/\"}}]}<\/script>\n<!-- \/ Yoast SEO plugin. -->","yoast_head_json":{"title":"Investors - Trix Systems","robots":{"index":"index","follow":"follow","max-snippet":"max-snippet:-1","max-image-preview":"max-image-preview:large","max-video-preview":"max-video-preview:-1"},"canonical":"https:\/\/trixsystems.com\/investors\/","og_locale":"sv_SE","og_type":"article","og_title":"Investors - Trix Systems","og_url":"https:\/\/trixsystems.com\/investors\/","og_site_name":"Trix Systems","article_modified_time":"2022-10-06T14:38:05+00:00","twitter_misc":{"Ber\u00e4knad l\u00e4stid":"2 minuter"},"schema":{"@context":"https:\/\/schema.org","@graph":[{"@type":"WebPage","@id":"https:\/\/trixsystems.com\/investors\/","url":"https:\/\/trixsystems.com\/investors\/","name":"Investors - Trix Systems","isPartOf":{"@id":"https:\/\/trixsystems.com\/sv\/#website"},"datePublished":"2022-10-02T16:12:45+00:00","dateModified":"2022-10-06T14:38:05+00:00","breadcrumb":{"@id":"https:\/\/trixsystems.com\/investors\/#breadcrumb"},"inLanguage":"sv-SE","potentialAction":[{"@type":"ReadAction","target":["https:\/\/trixsystems.com\/investors\/"]}]},{"@type":"BreadcrumbList","@id":"https:\/\/trixsystems.com\/investors\/#breadcrumb","itemListElement":[{"@type":"ListItem","position":1,"name":"Hem","item":"https:\/\/trixsystems.com\/sv\/"},{"@type":"ListItem","position":2,"name":"Investors"}]},{"@type":"WebSite","@id":"https:\/\/trixsystems.com\/sv\/#website","url":"https:\/\/trixsystems.com\/sv\/","name":"Trix Systems","description":"Trix Systems","publisher":{"@id":"https:\/\/trixsystems.com\/sv\/#organization"},"potentialAction":[{"@type":"SearchAction","target":{"@type":"EntryPoint","urlTemplate":"https:\/\/trixsystems.com\/sv\/?s={search_term_string}"},"query-input":{"@type":"PropertyValueSpecification","valueRequired":true,"valueName":"search_term_string"}}],"inLanguage":"sv-SE"},{"@type":"Organization","@id":"https:\/\/trixsystems.com\/sv\/#organization","name":"Trix Systems","url":"https:\/\/trixsystems.com\/sv\/","logo":{"@type":"ImageObject","inLanguage":"sv-SE","@id":"https:\/\/trixsystems.com\/sv\/#\/schema\/logo\/image\/","url":"https:\/\/trixsystems.com\/wp-content\/uploads\/sites\/2\/2014\/03\/trixsystems_logo.png","contentUrl":"https:\/\/trixsystems.com\/wp-content\/uploads\/sites\/2\/2014\/03\/trixsystems_logo.png","width":322,"height":54,"caption":"Trix Systems"},"image":{"@id":"https:\/\/trixsystems.com\/sv\/#\/schema\/logo\/image\/"}}]}},"_links":{"self":[{"href":"https:\/\/trixsystems.com\/sv\/wp-json\/wp\/v2\/pages\/7989","targetHints":{"allow":["GET"]}}],"collection":[{"href":"https:\/\/trixsystems.com\/sv\/wp-json\/wp\/v2\/pages"}],"about":[{"href":"https:\/\/trixsystems.com\/sv\/wp-json\/wp\/v2\/types\/page"}],"author":[{"embeddable":true,"href":"https:\/\/trixsystems.com\/sv\/wp-json\/wp\/v2\/users\/1"}],"replies":[{"embeddable":true,"href":"https:\/\/trixsystems.com\/sv\/wp-json\/wp\/v2\/comments?post=7989"}],"version-history":[{"count":9,"href":"https:\/\/trixsystems.com\/sv\/wp-json\/wp\/v2\/pages\/7989\/revisions"}],"predecessor-version":[{"id":8228,"href":"https:\/\/trixsystems.com\/sv\/wp-json\/wp\/v2\/pages\/7989\/revisions\/8228"}],"wp:attachment":[{"href":"https:\/\/trixsystems.com\/sv\/wp-json\/wp\/v2\/media?parent=7989"}],"curies":[{"name":"wp","href":"https:\/\/api.w.org\/{rel}","templated":true}]}}