{"id":9151,"date":"2025-09-30T09:53:21","date_gmt":"2025-09-30T07:53:21","guid":{"rendered":"https:\/\/trixsystems.com\/produkt\/trix-organizer-7-simple-solution\/"},"modified":"2025-10-15T11:47:33","modified_gmt":"2025-10-15T09:47:33","slug":"trix-organizer-7-simple-solution","status":"publish","type":"product","link":"https:\/\/trixsystems.com\/sv\/produkt\/trix-organizer-7-simple-solution\/","title":{"rendered":"Trix Organizer 7 Simple Solution"},"content":{"rendered":"<p>Trix Organizer 7 Simple solution with 10 users, 100 Gb database and one day installation.<br \/>\nConstituents..<br \/>\n1) [TOS7]Trix Organizer 7 Server (TO) &#8211; 1 pc<br \/>\n2) [TO7-FE]Trix Organizer 7 Clients (TO)-FE &#8211; 5 pc<br \/>\n3) [TO7-EV]Trix Organizer 7 Clients (TO)-EV &#8211; 5 pc<br \/>\n4) [TO7-100G]Trix Organizer 7 Size (TO)-100G &#8211; 1 pc<br \/>\n5) [1101]Installation &amp; Configuration-1101 &#8211; 8 pc<\/p>\n","protected":false},"excerpt":{"rendered":"<p>Trix Organizer 7 Enkel l\u00f6sning f\u00f6r 10 anv\u00e4ndare||BR||Se www.trixsystems.se<\/p>\n","protected":false},"featured_media":9174,"template":"","meta":{"_acf_changed":false},"product_brand":[],"product_cat":[138],"product_tag":[],"class_list":{"0":"post-9151","1":"product","2":"type-product","3":"status-publish","4":"has-post-thumbnail","6":"product_cat-selections","8":"first","9":"instock","10":"taxable","11":"shipping-taxable","12":"purchasable","13":"product-type-simple"},"translation":{"provider":"WPGlobus","version":"3.0.2","language":"sv","enabled_languages":["en","sv"],"languages":{"en":{"title":true,"content":true,"excerpt":true},"sv":{"title":false,"content":false,"excerpt":true}}},"acf":[],"yoast_head":"<!-- This site is optimized with the Yoast SEO plugin v27.4 - https:\/\/yoast.com\/product\/yoast-seo-wordpress\/ -->\n<title>Trix Organizer 7 Simple Solution - Trix Systems<\/title>\n<meta name=\"robots\" content=\"index, follow, max-snippet:-1, max-image-preview:large, max-video-preview:-1\" \/>\n<link rel=\"canonical\" href=\"https:\/\/trixsystems.com\/sv\/produkt\/trix-organizer-7-simple-solution\/\" \/>\n<meta property=\"og:locale\" content=\"sv_SE\" \/>\n<meta property=\"og:type\" content=\"article\" \/>\n<meta property=\"og:title\" content=\"Trix Organizer 7 Simple Solution - Trix Systems\" \/>\n<meta property=\"og:url\" content=\"https:\/\/trixsystems.com\/sv\/produkt\/trix-organizer-7-simple-solution\/\" \/>\n<meta property=\"og:site_name\" content=\"Trix Systems\" \/>\n<meta property=\"article:modified_time\" content=\"2025-10-15T09:47:33+00:00\" \/>\n<meta property=\"og:image\" content=\"https:\/\/trixsystems.com\/wp-content\/uploads\/sites\/2\/2025\/10\/Trix-Selection-TO-PA-AM-Support_500-2.png\" \/>\n\t<meta property=\"og:image:width\" content=\"500\" \/>\n\t<meta property=\"og:image:height\" content=\"500\" \/>\n\t<meta property=\"og:image:type\" content=\"image\/png\" \/>\n<meta name=\"twitter:label1\" content=\"Ber\u00e4knad l\u00e4stid\" \/>\n\t<meta name=\"twitter:data1\" content=\"1 minut\" \/>\n<script type=\"application\/ld+json\" class=\"yoast-schema-graph\">{\"@context\":\"https:\\\/\\\/schema.org\",\"@graph\":[{\"@type\":\"WebPage\",\"@id\":\"https:\\\/\\\/trixsystems.com\\\/sv\\\/produkt\\\/trix-organizer-7-simple-solution\\\/\",\"url\":\"https:\\\/\\\/trixsystems.com\\\/sv\\\/produkt\\\/trix-organizer-7-simple-solution\\\/\",\"name\":\"Trix Organizer 7 Simple Solution - Trix Systems\",\"isPartOf\":{\"@id\":\"https:\\\/\\\/trixsystems.com\\\/sv\\\/#website\"},\"primaryImageOfPage\":{\"@id\":\"https:\\\/\\\/trixsystems.com\\\/sv\\\/produkt\\\/trix-organizer-7-simple-solution\\\/#primaryimage\"},\"image\":{\"@id\":\"https:\\\/\\\/trixsystems.com\\\/sv\\\/produkt\\\/trix-organizer-7-simple-solution\\\/#primaryimage\"},\"thumbnailUrl\":\"https:\\\/\\\/trixsystems.com\\\/wp-content\\\/uploads\\\/sites\\\/2\\\/2025\\\/10\\\/Trix-Selection-TO-PA-AM-Support_500-2.png\",\"datePublished\":\"2025-09-30T07:53:21+00:00\",\"dateModified\":\"2025-10-15T09:47:33+00:00\",\"breadcrumb\":{\"@id\":\"https:\\\/\\\/trixsystems.com\\\/sv\\\/produkt\\\/trix-organizer-7-simple-solution\\\/#breadcrumb\"},\"inLanguage\":\"sv-SE\",\"potentialAction\":[{\"@type\":\"ReadAction\",\"target\":[\"https:\\\/\\\/trixsystems.com\\\/sv\\\/produkt\\\/trix-organizer-7-simple-solution\\\/\"]}]},{\"@type\":\"ImageObject\",\"inLanguage\":\"sv-SE\",\"@id\":\"https:\\\/\\\/trixsystems.com\\\/sv\\\/produkt\\\/trix-organizer-7-simple-solution\\\/#primaryimage\",\"url\":\"https:\\\/\\\/trixsystems.com\\\/wp-content\\\/uploads\\\/sites\\\/2\\\/2025\\\/10\\\/Trix-Selection-TO-PA-AM-Support_500-2.png\",\"contentUrl\":\"https:\\\/\\\/trixsystems.com\\\/wp-content\\\/uploads\\\/sites\\\/2\\\/2025\\\/10\\\/Trix-Selection-TO-PA-AM-Support_500-2.png\",\"width\":500,\"height\":500},{\"@type\":\"BreadcrumbList\",\"@id\":\"https:\\\/\\\/trixsystems.com\\\/sv\\\/produkt\\\/trix-organizer-7-simple-solution\\\/#breadcrumb\",\"itemListElement\":[{\"@type\":\"ListItem\",\"position\":1,\"name\":\"Hem\",\"item\":\"https:\\\/\\\/trixsystems.com\\\/sv\\\/\"},{\"@type\":\"ListItem\",\"position\":2,\"name\":\"Shop\",\"item\":\"https:\\\/\\\/trixsystems.com\\\/shop\\\/\"},{\"@type\":\"ListItem\",\"position\":3,\"name\":\"Trix Organizer 7 Simple Solution\"}]},{\"@type\":\"WebSite\",\"@id\":\"https:\\\/\\\/trixsystems.com\\\/sv\\\/#website\",\"url\":\"https:\\\/\\\/trixsystems.com\\\/sv\\\/\",\"name\":\"Trix Systems\",\"description\":\"Trix Systems\",\"publisher\":{\"@id\":\"https:\\\/\\\/trixsystems.com\\\/sv\\\/#organization\"},\"potentialAction\":[{\"@type\":\"SearchAction\",\"target\":{\"@type\":\"EntryPoint\",\"urlTemplate\":\"https:\\\/\\\/trixsystems.com\\\/sv\\\/?s={search_term_string}\"},\"query-input\":{\"@type\":\"PropertyValueSpecification\",\"valueRequired\":true,\"valueName\":\"search_term_string\"}}],\"inLanguage\":\"sv-SE\"},{\"@type\":\"Organization\",\"@id\":\"https:\\\/\\\/trixsystems.com\\\/sv\\\/#organization\",\"name\":\"Trix Systems\",\"url\":\"https:\\\/\\\/trixsystems.com\\\/sv\\\/\",\"logo\":{\"@type\":\"ImageObject\",\"inLanguage\":\"sv-SE\",\"@id\":\"https:\\\/\\\/trixsystems.com\\\/sv\\\/#\\\/schema\\\/logo\\\/image\\\/\",\"url\":\"https:\\\/\\\/trixsystems.com\\\/wp-content\\\/uploads\\\/sites\\\/2\\\/2014\\\/03\\\/trixsystems_logo.png\",\"contentUrl\":\"https:\\\/\\\/trixsystems.com\\\/wp-content\\\/uploads\\\/sites\\\/2\\\/2014\\\/03\\\/trixsystems_logo.png\",\"width\":322,\"height\":54,\"caption\":\"Trix Systems\"},\"image\":{\"@id\":\"https:\\\/\\\/trixsystems.com\\\/sv\\\/#\\\/schema\\\/logo\\\/image\\\/\"}}]}<\/script>\n<!-- \/ Yoast SEO plugin. -->","yoast_head_json":{"title":"Trix Organizer 7 Simple Solution - Trix Systems","robots":{"index":"index","follow":"follow","max-snippet":"max-snippet:-1","max-image-preview":"max-image-preview:large","max-video-preview":"max-video-preview:-1"},"canonical":"https:\/\/trixsystems.com\/sv\/produkt\/trix-organizer-7-simple-solution\/","og_locale":"sv_SE","og_type":"article","og_title":"Trix Organizer 7 Simple Solution - Trix Systems","og_url":"https:\/\/trixsystems.com\/sv\/produkt\/trix-organizer-7-simple-solution\/","og_site_name":"Trix Systems","article_modified_time":"2025-10-15T09:47:33+00:00","og_image":[{"width":500,"height":500,"url":"https:\/\/trixsystems.com\/wp-content\/uploads\/sites\/2\/2025\/10\/Trix-Selection-TO-PA-AM-Support_500-2.png","type":"image\/png"}],"twitter_misc":{"Ber\u00e4knad l\u00e4stid":"1 minut"},"schema":{"@context":"https:\/\/schema.org","@graph":[{"@type":"WebPage","@id":"https:\/\/trixsystems.com\/sv\/produkt\/trix-organizer-7-simple-solution\/","url":"https:\/\/trixsystems.com\/sv\/produkt\/trix-organizer-7-simple-solution\/","name":"Trix Organizer 7 Simple Solution - Trix Systems","isPartOf":{"@id":"https:\/\/trixsystems.com\/sv\/#website"},"primaryImageOfPage":{"@id":"https:\/\/trixsystems.com\/sv\/produkt\/trix-organizer-7-simple-solution\/#primaryimage"},"image":{"@id":"https:\/\/trixsystems.com\/sv\/produkt\/trix-organizer-7-simple-solution\/#primaryimage"},"thumbnailUrl":"https:\/\/trixsystems.com\/wp-content\/uploads\/sites\/2\/2025\/10\/Trix-Selection-TO-PA-AM-Support_500-2.png","datePublished":"2025-09-30T07:53:21+00:00","dateModified":"2025-10-15T09:47:33+00:00","breadcrumb":{"@id":"https:\/\/trixsystems.com\/sv\/produkt\/trix-organizer-7-simple-solution\/#breadcrumb"},"inLanguage":"sv-SE","potentialAction":[{"@type":"ReadAction","target":["https:\/\/trixsystems.com\/sv\/produkt\/trix-organizer-7-simple-solution\/"]}]},{"@type":"ImageObject","inLanguage":"sv-SE","@id":"https:\/\/trixsystems.com\/sv\/produkt\/trix-organizer-7-simple-solution\/#primaryimage","url":"https:\/\/trixsystems.com\/wp-content\/uploads\/sites\/2\/2025\/10\/Trix-Selection-TO-PA-AM-Support_500-2.png","contentUrl":"https:\/\/trixsystems.com\/wp-content\/uploads\/sites\/2\/2025\/10\/Trix-Selection-TO-PA-AM-Support_500-2.png","width":500,"height":500},{"@type":"BreadcrumbList","@id":"https:\/\/trixsystems.com\/sv\/produkt\/trix-organizer-7-simple-solution\/#breadcrumb","itemListElement":[{"@type":"ListItem","position":1,"name":"Hem","item":"https:\/\/trixsystems.com\/sv\/"},{"@type":"ListItem","position":2,"name":"Shop","item":"https:\/\/trixsystems.com\/shop\/"},{"@type":"ListItem","position":3,"name":"Trix Organizer 7 Simple Solution"}]},{"@type":"WebSite","@id":"https:\/\/trixsystems.com\/sv\/#website","url":"https:\/\/trixsystems.com\/sv\/","name":"Trix Systems","description":"Trix Systems","publisher":{"@id":"https:\/\/trixsystems.com\/sv\/#organization"},"potentialAction":[{"@type":"SearchAction","target":{"@type":"EntryPoint","urlTemplate":"https:\/\/trixsystems.com\/sv\/?s={search_term_string}"},"query-input":{"@type":"PropertyValueSpecification","valueRequired":true,"valueName":"search_term_string"}}],"inLanguage":"sv-SE"},{"@type":"Organization","@id":"https:\/\/trixsystems.com\/sv\/#organization","name":"Trix Systems","url":"https:\/\/trixsystems.com\/sv\/","logo":{"@type":"ImageObject","inLanguage":"sv-SE","@id":"https:\/\/trixsystems.com\/sv\/#\/schema\/logo\/image\/","url":"https:\/\/trixsystems.com\/wp-content\/uploads\/sites\/2\/2014\/03\/trixsystems_logo.png","contentUrl":"https:\/\/trixsystems.com\/wp-content\/uploads\/sites\/2\/2014\/03\/trixsystems_logo.png","width":322,"height":54,"caption":"Trix Systems"},"image":{"@id":"https:\/\/trixsystems.com\/sv\/#\/schema\/logo\/image\/"}}]}},"_links":{"self":[{"href":"https:\/\/trixsystems.com\/sv\/wp-json\/wp\/v2\/product\/9151","targetHints":{"allow":["GET"]}}],"collection":[{"href":"https:\/\/trixsystems.com\/sv\/wp-json\/wp\/v2\/product"}],"about":[{"href":"https:\/\/trixsystems.com\/sv\/wp-json\/wp\/v2\/types\/product"}],"wp:featuredmedia":[{"embeddable":true,"href":"https:\/\/trixsystems.com\/sv\/wp-json\/wp\/v2\/media\/9174"}],"wp:attachment":[{"href":"https:\/\/trixsystems.com\/sv\/wp-json\/wp\/v2\/media?parent=9151"}],"wp:term":[{"taxonomy":"product_brand","embeddable":true,"href":"https:\/\/trixsystems.com\/sv\/wp-json\/wp\/v2\/product_brand?post=9151"},{"taxonomy":"product_cat","embeddable":true,"href":"https:\/\/trixsystems.com\/sv\/wp-json\/wp\/v2\/product_cat?post=9151"},{"taxonomy":"product_tag","embeddable":true,"href":"https:\/\/trixsystems.com\/sv\/wp-json\/wp\/v2\/product_tag?post=9151"}],"curies":[{"name":"wp","href":"https:\/\/api.w.org\/{rel}","templated":true}]}}